{"id":90467,"date":"2021-02-21T21:22:47","date_gmt":"2021-02-21T21:22:47","guid":{"rendered":"https:\/\/www.autonvaraosahaku.fi\/?product=ridex-458f0025-polttoainepumppu"},"modified":"2021-02-21T21:22:57","modified_gmt":"2021-02-21T21:22:57","slug":"ridex-458f0025-polttoainepumppu","status":"publish","type":"product","link":"https:\/\/www.autonvaraosahaku.fi\/?product=ridex-458f0025-polttoainepumppu","title":{"rendered":"RIDEX 458F0025 Polttoainepumppu"},"content":{"rendered":"<p>Liittimi\u00e4: 2; Paine (bar): 1,2; Paino [kg]: 0,532; K\u00e4ytt\u00f6: S\u00e4hk\u00f6inen; Siirtom\u00e4\u00e4r\u00e4 (l\/h): 80; TECDOC-moottorinumero: 4019; VW: GOLF III 1H1,POLO 6N1,PASSAT Variant 3A5, 35I,GOLF III Cabriolet 1E7,GOLF III Variant 1H5,PASSAT 3A2, 35I,CADDY II Kasten 9K9A,POLO Variant 6KV5,POLO CLASSIC 6KV2,VENTO 1H2; SEAT: IBIZA II 6K1,CORDOBA 6K1, 6K2,CORDOBA 6L2,TOLEDO I 1L,INCA 6K9; 6K0919051A, 1H0906091D, 6K0919051A, 6K0919051A, 1H0906091D, 6K0919051A<\/p>\n","protected":false},"excerpt":{"rendered":"<p>RIDEX Polttoainepumppu 458F0025  VW,SEAT,GOLF III 1H1,POLO 6N1,PASSAT Variant 3A5, 35I,GOLF III Cabriolet 1E7,GOLF III Variant 1H5,PASSAT 3A2, 35I<\/p>\n","protected":false},"featured_media":0,"template":"","meta":{"site-sidebar-layout":"default","site-content-layout":"default","ast-global-header-display":"","ast-main-header-display":"","ast-hfb-above-header-display":"","ast-hfb-below-header-display":"","ast-hfb-mobile-header-display":"","site-post-title":"","ast-breadcrumbs-content":"","ast-featured-img":"","footer-sml-layout":"","theme-transparent-header-meta":"","adv-header-id-meta":"","stick-header-meta":"","header-above-stick-meta":"","header-main-stick-meta":"","header-below-stick-meta":""},"pwb-brand":[157],"product_cat":[73],"product_tag":[],"class_list":{"0":"post-90467","1":"product","2":"type-product","3":"status-publish","5":"pwb-brand-ridex","6":"product_cat-polttoainepumppu","7":"desktop-align-left","8":"tablet-align-left","9":"mobile-align-left","11":"first","12":"instock","13":"product-type-external"},"brands":[{"id":157,"name":"RIDEX","slug":"ridex"}],"_links":{"self":[{"href":"https:\/\/www.autonvaraosahaku.fi\/index.php?rest_route=\/wp\/v2\/product\/90467","targetHints":{"allow":["GET"]}}],"collection":[{"href":"https:\/\/www.autonvaraosahaku.fi\/index.php?rest_route=\/wp\/v2\/product"}],"about":[{"href":"https:\/\/www.autonvaraosahaku.fi\/index.php?rest_route=\/wp\/v2\/types\/product"}],"wp:attachment":[{"href":"https:\/\/www.autonvaraosahaku.fi\/index.php?rest_route=%2Fwp%2Fv2%2Fmedia&parent=90467"}],"wp:term":[{"taxonomy":"pwb-brand","embeddable":true,"href":"https:\/\/www.autonvaraosahaku.fi\/index.php?rest_route=%2Fwp%2Fv2%2Fpwb-brand&post=90467"},{"taxonomy":"product_cat","embeddable":true,"href":"https:\/\/www.autonvaraosahaku.fi\/index.php?rest_route=%2Fwp%2Fv2%2Fproduct_cat&post=90467"},{"taxonomy":"product_tag","embeddable":true,"href":"https:\/\/www.autonvaraosahaku.fi\/index.php?rest_route=%2Fwp%2Fv2%2Fproduct_tag&post=90467"}],"curies":[{"name":"wp","href":"https:\/\/api.w.org\/{rel}","templated":true}]}}