{"id":90475,"date":"2021-02-21T21:23:00","date_gmt":"2021-02-21T21:23:00","guid":{"rendered":"https:\/\/www.autonvaraosahaku.fi\/?product=prasco-je0184154-takavalot"},"modified":"2021-02-21T21:23:04","modified_gmt":"2021-02-21T21:23:04","slug":"prasco-je0184154-takavalot","status":"publish","type":"product","link":"https:\/\/www.autonvaraosahaku.fi\/?product=prasco-je0184154-takavalot","title":{"rendered":"PRASCO JE0184154 Takavalot"},"content":{"rendered":"<p>Asennuspuoli: Vasen; Paino [kg]: 1,07; Lis\u00e4tarvike\/lis\u00e4tieto: Ilman lampun kantaa; OE-numerolle: 55155139AH; Rekister\u00f6ity tyyppi: SAE-hyv\u00e4ksytty, ei E-tyyppihyv\u00e4ksynt\u00e4\u00e4; Valmistusvuosi alkaen: 10\/2001; JEEP: GRAND CHEROKEE II WJ, WG; 55155139AH; Takavalo<\/p>\n","protected":false},"excerpt":{"rendered":"<p>PRASCO Takavalot JE0184154 Takavalo JEEP,GRAND CHEROKEE II WJ, WG<\/p>\n","protected":false},"featured_media":0,"template":"","meta":{"site-sidebar-layout":"default","site-content-layout":"default","ast-global-header-display":"","ast-main-header-display":"","ast-hfb-above-header-display":"","ast-hfb-below-header-display":"","ast-hfb-mobile-header-display":"","site-post-title":"","ast-breadcrumbs-content":"","ast-featured-img":"","footer-sml-layout":"","theme-transparent-header-meta":"","adv-header-id-meta":"","stick-header-meta":"","header-above-stick-meta":"","header-main-stick-meta":"","header-below-stick-meta":""},"pwb-brand":[406],"product_cat":[159],"product_tag":[],"class_list":{"0":"post-90475","1":"product","2":"type-product","3":"status-publish","5":"pwb-brand-prasco","6":"product_cat-takavalot","7":"desktop-align-left","8":"tablet-align-left","9":"mobile-align-left","11":"first","12":"instock","13":"product-type-external"},"brands":[{"id":406,"name":"PRASCO","slug":"prasco"}],"_links":{"self":[{"href":"https:\/\/www.autonvaraosahaku.fi\/index.php?rest_route=\/wp\/v2\/product\/90475","targetHints":{"allow":["GET"]}}],"collection":[{"href":"https:\/\/www.autonvaraosahaku.fi\/index.php?rest_route=\/wp\/v2\/product"}],"about":[{"href":"https:\/\/www.autonvaraosahaku.fi\/index.php?rest_route=\/wp\/v2\/types\/product"}],"wp:attachment":[{"href":"https:\/\/www.autonvaraosahaku.fi\/index.php?rest_route=%2Fwp%2Fv2%2Fmedia&parent=90475"}],"wp:term":[{"taxonomy":"pwb-brand","embeddable":true,"href":"https:\/\/www.autonvaraosahaku.fi\/index.php?rest_route=%2Fwp%2Fv2%2Fpwb-brand&post=90475"},{"taxonomy":"product_cat","embeddable":true,"href":"https:\/\/www.autonvaraosahaku.fi\/index.php?rest_route=%2Fwp%2Fv2%2Fproduct_cat&post=90475"},{"taxonomy":"product_tag","embeddable":true,"href":"https:\/\/www.autonvaraosahaku.fi\/index.php?rest_route=%2Fwp%2Fv2%2Fproduct_tag&post=90475"}],"curies":[{"name":"wp","href":"https:\/\/api.w.org\/{rel}","templated":true}]}}