{"id":90489,"date":"2021-02-21T21:23:00","date_gmt":"2021-02-21T21:23:00","guid":{"rendered":"https:\/\/www.autonvaraosahaku.fi\/?product=autofren-seinsa-d42360-jarrusatula-korjaussarja"},"modified":"2021-02-21T21:23:12","modified_gmt":"2021-02-21T21:23:12","slug":"autofren-seinsa-d42360-jarrusatula-korjaussarja","status":"publish","type":"product","link":"https:\/\/www.autonvaraosahaku.fi\/?product=autofren-seinsa-d42360-jarrusatula-korjaussarja","title":{"rendered":"AUTOFREN SEINSA D42360 Jarrusatula korjaussarja"},"content":{"rendered":"<p>Asennuspuoli: Etuakseli; L\u00e4pimitta [mm]: 57; Jarruj\u00e4rjestelm\u00e4: Trw; VW: GOLF VII 5G1, BE1,GOLF VII Kombi BA5,PASSAT Variant 3G5,GOLF SPORTSVAN AM1,TOURAN,TIGUAN AD1,CADDY IV Kombi SAB, SAJ,PASSAT 3G2,CADDY IV Kasten SAA, SAH,PASSAT ALLTRACK 3G5,T-ROC A11,ARTEON 3H7,GOLF ALLTRACK BA5,CADDY ALLTRACK Kasten SAA,CADDY ALLTRACK Kombi SAB; AUDI: A3 Sportback 8VA,A3 Limousine 8VS,A3 8V1,A3 Cabriolet 8V7,TT FV3,Q2 GA,TT Roadster FV9; SKODA: OCTAVIA Combi 5E5,OCTAVIA 5E3,SUPERB Kombi 3V5,SUPERB 3V3,KAROQ NU7; SUZUKI: SX4 EY, GY,SX4 Stufenheck GY; SEAT: LEON 5F1,LEON ST 5F8,LEON SC 5F5,ATECA KH7; MERCEDES-BENZ: C-CLASS W203,A-CLASS W169,B-CLASS W245,C-CLASS T-Model S203,C-CLASS Coupe CL203,SLK R171,CLK C209,VANEO 414,CLK Cabriolet A209,CLC-CLASS CL203; KIA: VENGA YN; MINI: MINI COUNTRYMAN F60; CHRYSLER: PT CRUISER PT_; BMW: 2 Gran Tourer F46; Korjaussarja, Jarrusatula<\/p>\n","protected":false},"excerpt":{"rendered":"<p>AUTOFREN SEINSA Jarrusatula Korjaussarja D42360 Korjaussarja, Jarrusatula VW,AUDI,SKODA,GOLF VII 5G1, BE1,GOLF VII Kombi BA5,PASSAT Variant 3G5<\/p>\n","protected":false},"featured_media":0,"template":"","meta":{"site-sidebar-layout":"default","site-content-layout":"default","ast-global-header-display":"","ast-main-header-display":"","ast-hfb-above-header-display":"","ast-hfb-below-header-display":"","ast-hfb-mobile-header-display":"","site-post-title":"","ast-breadcrumbs-content":"","ast-featured-img":"","footer-sml-layout":"","theme-transparent-header-meta":"","adv-header-id-meta":"","stick-header-meta":"","header-above-stick-meta":"","header-main-stick-meta":"","header-below-stick-meta":""},"pwb-brand":[243],"product_cat":[57],"product_tag":[],"class_list":{"0":"post-90489","1":"product","2":"type-product","3":"status-publish","5":"pwb-brand-autofren-seinsa","6":"product_cat-jarrusatula-korjaussarja","7":"desktop-align-left","8":"tablet-align-left","9":"mobile-align-left","11":"first","12":"instock","13":"product-type-external"},"brands":[{"id":243,"name":"AUTOFREN SEINSA","slug":"autofren-seinsa"}],"_links":{"self":[{"href":"https:\/\/www.autonvaraosahaku.fi\/index.php?rest_route=\/wp\/v2\/product\/90489","targetHints":{"allow":["GET"]}}],"collection":[{"href":"https:\/\/www.autonvaraosahaku.fi\/index.php?rest_route=\/wp\/v2\/product"}],"about":[{"href":"https:\/\/www.autonvaraosahaku.fi\/index.php?rest_route=\/wp\/v2\/types\/product"}],"wp:attachment":[{"href":"https:\/\/www.autonvaraosahaku.fi\/index.php?rest_route=%2Fwp%2Fv2%2Fmedia&parent=90489"}],"wp:term":[{"taxonomy":"pwb-brand","embeddable":true,"href":"https:\/\/www.autonvaraosahaku.fi\/index.php?rest_route=%2Fwp%2Fv2%2Fpwb-brand&post=90489"},{"taxonomy":"product_cat","embeddable":true,"href":"https:\/\/www.autonvaraosahaku.fi\/index.php?rest_route=%2Fwp%2Fv2%2Fproduct_cat&post=90489"},{"taxonomy":"product_tag","embeddable":true,"href":"https:\/\/www.autonvaraosahaku.fi\/index.php?rest_route=%2Fwp%2Fv2%2Fproduct_tag&post=90489"}],"curies":[{"name":"wp","href":"https:\/\/api.w.org\/{rel}","templated":true}]}}