{"id":90505,"date":"2021-02-21T21:23:14","date_gmt":"2021-02-21T21:23:14","guid":{"rendered":"https:\/\/www.autonvaraosahaku.fi\/?product=ridex-654w0008-pyoranlaakerit"},"modified":"2021-02-21T21:23:23","modified_gmt":"2021-02-21T21:23:23","slug":"ridex-654w0008-pyoranlaakerit","status":"publish","type":"product","link":"https:\/\/www.autonvaraosahaku.fi\/?product=ridex-654w0008-pyoranlaakerit","title":{"rendered":"RIDEX 654W0008 Py\u00f6r\u00e4nlaakerit"},"content":{"rendered":"<p>Paino [kg]: 0,7; Korkeus 1 (mm): 37; Ulkol\u00e4pimitta 1 [mm]: 72; Sis\u00e4l\u00e4pimitta 1 [mm]: 37; Korvaava tuote\/korvaava tiedote 2: ilman ABS-sensorirengasta; Asennuspuoli: Vorderachse; NISSAN: KUBISTAR Kasten X80; DACIA: SANDERO,LOGAN MCV KS_,SANDERO II,LOGAN MCV II,LOGAN LS_,LOGAN EXPRESS FS_,LOGAN Pick-up US_,LOGAN II; RENAULT: CLIO II BB0\/1\/2_, CB0\/1\/2_,KANGOO KC0\/1_,SC\u00c9NIC I JA0\/1_,MEGANE Scenic JA0\/1_,MEGANE I BA0\/1_,KANGOO Express FC0\/1_,MEGANE I Grandtour KA0\/1_,MEGANE I Cabriolet EA0\/1_,LAGUNA I B56_, 556_,CLIO I B\/C57_, 5\/357_,LAGUNA I Grandtour K56_,MEGANE I Classic LA0\/1_,MEGANE I Coach DA0\/1_,CLIO II Kasten SB0\/1\/2_,19 II B\/C53_,19 II Cabriolet D53_, 853_,RAPID Kasten F40_, G40_,19 I B\/C53_,19 II Chamade L53_,ESPACE I J11_,21 Stufenheck L48_,19 I Chamade L53_,THALIA I LB0\/1\/2_,CLIO III Kasten SB_, SR_,SANDERO\/STEPWAY I,CLIO I Kasten S57_,19 I Cabriolet D53_,21 Kombi K48_,LOGAN I Kombi KS_,21 B48_,19 II Kasten S53_,LOGAN I LS_,19 I Kasten S53_,21 Kasten S48_,EXPRESS Pick-up,LOGAN EXPRESS,EXPRESS Kasten\/Kombi,SANDERO\/STEPWAY II,RAPID,LOGAN II Kombi,LOGAN II,THALIA III; 6001547696, 4021000QAA, 6001547696, 7701205779, 7701464049; Py\u00f6r\u00e4nlaakerisarja<\/p>\n","protected":false},"excerpt":{"rendered":"<p>RIDEX Py\u00f6r\u00e4nlaakerit 654W0008 Py\u00f6r\u00e4nlaakerisarja NISSAN,DACIA,RENAULT,KUBISTAR Kasten X80,SANDERO,LOGAN MCV KS_,SANDERO II,LOGAN MCV II,LOGAN LS_<\/p>\n","protected":false},"featured_media":0,"template":"","meta":{"site-sidebar-layout":"default","site-content-layout":"default","ast-global-header-display":"","ast-main-header-display":"","ast-hfb-above-header-display":"","ast-hfb-below-header-display":"","ast-hfb-mobile-header-display":"","site-post-title":"","ast-breadcrumbs-content":"","ast-featured-img":"","footer-sml-layout":"","theme-transparent-header-meta":"","adv-header-id-meta":"","stick-header-meta":"","header-above-stick-meta":"","header-main-stick-meta":"","header-below-stick-meta":""},"pwb-brand":[157],"product_cat":[83],"product_tag":[],"class_list":{"0":"post-90505","1":"product","2":"type-product","3":"status-publish","5":"pwb-brand-ridex","6":"product_cat-pyoranlaakerit","7":"desktop-align-left","8":"tablet-align-left","9":"mobile-align-left","11":"first","12":"instock","13":"product-type-external"},"brands":[{"id":157,"name":"RIDEX","slug":"ridex"}],"_links":{"self":[{"href":"https:\/\/www.autonvaraosahaku.fi\/index.php?rest_route=\/wp\/v2\/product\/90505","targetHints":{"allow":["GET"]}}],"collection":[{"href":"https:\/\/www.autonvaraosahaku.fi\/index.php?rest_route=\/wp\/v2\/product"}],"about":[{"href":"https:\/\/www.autonvaraosahaku.fi\/index.php?rest_route=\/wp\/v2\/types\/product"}],"wp:attachment":[{"href":"https:\/\/www.autonvaraosahaku.fi\/index.php?rest_route=%2Fwp%2Fv2%2Fmedia&parent=90505"}],"wp:term":[{"taxonomy":"pwb-brand","embeddable":true,"href":"https:\/\/www.autonvaraosahaku.fi\/index.php?rest_route=%2Fwp%2Fv2%2Fpwb-brand&post=90505"},{"taxonomy":"product_cat","embeddable":true,"href":"https:\/\/www.autonvaraosahaku.fi\/index.php?rest_route=%2Fwp%2Fv2%2Fproduct_cat&post=90505"},{"taxonomy":"product_tag","embeddable":true,"href":"https:\/\/www.autonvaraosahaku.fi\/index.php?rest_route=%2Fwp%2Fv2%2Fproduct_tag&post=90505"}],"curies":[{"name":"wp","href":"https:\/\/api.w.org\/{rel}","templated":true}]}}