{"id":90513,"date":"2021-02-21T21:23:27","date_gmt":"2021-02-21T21:23:27","guid":{"rendered":"https:\/\/www.autonvaraosahaku.fi\/?product=meyle-314-023-0000-hehkutulppa"},"modified":"2021-02-21T21:23:29","modified_gmt":"2021-02-21T21:23:29","slug":"meyle-314-023-0000-hehkutulppa","status":"publish","type":"product","link":"https:\/\/www.autonvaraosahaku.fi\/?product=meyle-314-023-0000-hehkutulppa","title":{"rendered":"MEYLE 314 023 0000 Hehkutulppa"},"content":{"rendered":"<p>J\u00e4nnite (V): 11; Kierremitta: M10 x 1; Nimellisvirta [A]: 15; L\u00e4pimitta [mm]: 5; Hehkutulppatyyppi: j\u00e4lkihehkutuksenkest\u00e4v\u00e4, Hehkutulppa, puikko; Kokonaispituus (mm): 107; Avainv\u00e4li: 10; Liittimet: \u00d8 4 mm; Asennussyvyys (mm): 33; Kartionousu: 63\u00b0; lis\u00e4tieto: ORIGINAL Quality; Tarvittava kappalem\u00e4\u00e4r\u00e4: 4; BMW: 3 E46,3 Touring E46,X5 E53; LAND ROVER: FREELANDER LN,RANGE ROVER III LM; ROVER: 75 RJ,75 Tourer RJ; OPEL: OMEGA B Caravan 21_, 22_, 23_,OMEGA B 25_, 26_, 27_; MG: MG ZT; 12232248059, NCC100120L, NCC100120, 1214018, 1214044, 93171875, 95508485, NCC100120, NCC100120L, 1214018, 93171875<\/p>\n","protected":false},"excerpt":{"rendered":"<p>MEYLE Hehkutulppa 314 023 0000  BMW,LAND ROVER,ROVER,3 E46,3 Touring E46,X5 E53,FREELANDER LN,RANGE ROVER III LM,75 RJ,75 Tourer RJ<\/p>\n","protected":false},"featured_media":0,"template":"","meta":{"site-sidebar-layout":"default","site-content-layout":"default","ast-global-header-display":"","ast-main-header-display":"","ast-hfb-above-header-display":"","ast-hfb-below-header-display":"","ast-hfb-mobile-header-display":"","site-post-title":"","ast-breadcrumbs-content":"","ast-featured-img":"","footer-sml-layout":"","theme-transparent-header-meta":"","adv-header-id-meta":"","stick-header-meta":"","header-above-stick-meta":"","header-main-stick-meta":"","header-below-stick-meta":""},"pwb-brand":[84],"product_cat":[52],"product_tag":[],"class_list":{"0":"post-90513","1":"product","2":"type-product","3":"status-publish","5":"pwb-brand-meyle","6":"product_cat-hehkutulppa","7":"desktop-align-left","8":"tablet-align-left","9":"mobile-align-left","11":"first","12":"instock","13":"product-type-external"},"brands":[{"id":84,"name":"MEYLE","slug":"meyle"}],"_links":{"self":[{"href":"https:\/\/www.autonvaraosahaku.fi\/index.php?rest_route=\/wp\/v2\/product\/90513","targetHints":{"allow":["GET"]}}],"collection":[{"href":"https:\/\/www.autonvaraosahaku.fi\/index.php?rest_route=\/wp\/v2\/product"}],"about":[{"href":"https:\/\/www.autonvaraosahaku.fi\/index.php?rest_route=\/wp\/v2\/types\/product"}],"wp:attachment":[{"href":"https:\/\/www.autonvaraosahaku.fi\/index.php?rest_route=%2Fwp%2Fv2%2Fmedia&parent=90513"}],"wp:term":[{"taxonomy":"pwb-brand","embeddable":true,"href":"https:\/\/www.autonvaraosahaku.fi\/index.php?rest_route=%2Fwp%2Fv2%2Fpwb-brand&post=90513"},{"taxonomy":"product_cat","embeddable":true,"href":"https:\/\/www.autonvaraosahaku.fi\/index.php?rest_route=%2Fwp%2Fv2%2Fproduct_cat&post=90513"},{"taxonomy":"product_tag","embeddable":true,"href":"https:\/\/www.autonvaraosahaku.fi\/index.php?rest_route=%2Fwp%2Fv2%2Fproduct_tag&post=90513"}],"curies":[{"name":"wp","href":"https:\/\/api.w.org\/{rel}","templated":true}]}}