{"id":90516,"date":"2021-02-21T21:23:27","date_gmt":"2021-02-21T21:23:27","guid":{"rendered":"https:\/\/www.autonvaraosahaku.fi\/?product=ridex-914t0295-raidetangon-paa"},"modified":"2021-02-21T21:23:31","modified_gmt":"2021-02-21T21:23:31","slug":"ridex-914t0295-raidetangon-paa","status":"publish","type":"product","link":"https:\/\/www.autonvaraosahaku.fi\/?product=ridex-914t0295-raidetangon-paa","title":{"rendered":"RIDEX 914T0295 Raidetangon p\u00e4\u00e4"},"content":{"rendered":"<p>Asennuspuoli: Ulompi, Oikea, Etuakseli; L\u00e4pimitta 1 [mm]: 15,1; Pakkaustyyppi: Laatikko; Pituus 1 (mm): 209,5; Pituus 2 (mm): 27; Kierre 1: M16X1.5; kierre 2: M10X1.25; CITRO\u00cbN: C3 Picasso,C-ELYSEE; PEUGEOT: 207 WA_, WC_,207 CC WD_,207 SW WK_,207 Stufenheck,301,207 Van; 1608652380, 381768, 1608652380, 381768<\/p>\n","protected":false},"excerpt":{"rendered":"<p>RIDEX Raidetangon P\u00e4\u00e4 914T0295  CITRO\u00cbN,PEUGEOT,C3 Picasso,C-ELYSEE,207 WA_, WC_,207 CC WD_,207 SW WK_,207 Stufenheck,301,207 Van<\/p>\n","protected":false},"featured_media":0,"template":"","meta":{"site-sidebar-layout":"default","site-content-layout":"default","ast-global-header-display":"","ast-main-header-display":"","ast-hfb-above-header-display":"","ast-hfb-below-header-display":"","ast-hfb-mobile-header-display":"","site-post-title":"","ast-breadcrumbs-content":"","ast-featured-img":"","footer-sml-layout":"","theme-transparent-header-meta":"","adv-header-id-meta":"","stick-header-meta":"","header-above-stick-meta":"","header-main-stick-meta":"","header-below-stick-meta":""},"pwb-brand":[157],"product_cat":[96],"product_tag":[],"class_list":{"0":"post-90516","1":"product","2":"type-product","3":"status-publish","5":"pwb-brand-ridex","6":"product_cat-raidetangon-paa","7":"desktop-align-left","8":"tablet-align-left","9":"mobile-align-left","11":"first","12":"instock","13":"product-type-external"},"brands":[{"id":157,"name":"RIDEX","slug":"ridex"}],"_links":{"self":[{"href":"https:\/\/www.autonvaraosahaku.fi\/index.php?rest_route=\/wp\/v2\/product\/90516","targetHints":{"allow":["GET"]}}],"collection":[{"href":"https:\/\/www.autonvaraosahaku.fi\/index.php?rest_route=\/wp\/v2\/product"}],"about":[{"href":"https:\/\/www.autonvaraosahaku.fi\/index.php?rest_route=\/wp\/v2\/types\/product"}],"wp:attachment":[{"href":"https:\/\/www.autonvaraosahaku.fi\/index.php?rest_route=%2Fwp%2Fv2%2Fmedia&parent=90516"}],"wp:term":[{"taxonomy":"pwb-brand","embeddable":true,"href":"https:\/\/www.autonvaraosahaku.fi\/index.php?rest_route=%2Fwp%2Fv2%2Fpwb-brand&post=90516"},{"taxonomy":"product_cat","embeddable":true,"href":"https:\/\/www.autonvaraosahaku.fi\/index.php?rest_route=%2Fwp%2Fv2%2Fproduct_cat&post=90516"},{"taxonomy":"product_tag","embeddable":true,"href":"https:\/\/www.autonvaraosahaku.fi\/index.php?rest_route=%2Fwp%2Fv2%2Fproduct_tag&post=90516"}],"curies":[{"name":"wp","href":"https:\/\/api.w.org\/{rel}","templated":true}]}}