{"id":90523,"date":"2021-02-21T21:23:27","date_gmt":"2021-02-21T21:23:27","guid":{"rendered":"https:\/\/www.autonvaraosahaku.fi\/?product=ridex-654w0494-pyoranlaakerit"},"modified":"2021-02-21T21:23:35","modified_gmt":"2021-02-21T21:23:35","slug":"ridex-654w0494-pyoranlaakerit","status":"publish","type":"product","link":"https:\/\/www.autonvaraosahaku.fi\/?product=ridex-654w0494-pyoranlaakerit","title":{"rendered":"RIDEX 654W0494 Py\u00f6r\u00e4nlaakerit"},"content":{"rendered":"<p>Hammasluku: 24; Voimansiirtotyyppi: Neliveto; Korkeus 1 (mm): 94,5; Pakkaustyyppi: Laatikko; Ulkol\u00e4pimitta 1 [mm]: 147; Sis\u00e4l\u00e4pimitta 1 [mm]: 26; Asennuspuoli: Hinterachse; NISSAN: QASHQAI \/ QASHQAI +2 J10, JJ10,JUKE F15,X-TRAIL T31; RENAULT: KOLEOS HY_,KOLEOS II; 400730L700, 43202EN11A, 43202JG200, 43202JG21A, 402027585R, 43202JY30A; Py\u00f6r\u00e4nlaakerisarja<\/p>\n","protected":false},"excerpt":{"rendered":"<p>RIDEX Py\u00f6r\u00e4nlaakerit 654W0494 Py\u00f6r\u00e4nlaakerisarja NISSAN,RENAULT,QASHQAI \/ QASHQAI +2 J10, JJ10,JUKE F15,X-TRAIL T31,KOLEOS HY_,KOLEOS II<\/p>\n","protected":false},"featured_media":0,"template":"","meta":{"site-sidebar-layout":"default","site-content-layout":"default","ast-global-header-display":"","ast-main-header-display":"","ast-hfb-above-header-display":"","ast-hfb-below-header-display":"","ast-hfb-mobile-header-display":"","site-post-title":"","ast-breadcrumbs-content":"","ast-featured-img":"","footer-sml-layout":"","theme-transparent-header-meta":"","adv-header-id-meta":"","stick-header-meta":"","header-above-stick-meta":"","header-main-stick-meta":"","header-below-stick-meta":""},"pwb-brand":[157],"product_cat":[83],"product_tag":[],"class_list":{"0":"post-90523","1":"product","2":"type-product","3":"status-publish","5":"pwb-brand-ridex","6":"product_cat-pyoranlaakerit","7":"desktop-align-left","8":"tablet-align-left","9":"mobile-align-left","11":"first","12":"instock","13":"product-type-external"},"brands":[{"id":157,"name":"RIDEX","slug":"ridex"}],"_links":{"self":[{"href":"https:\/\/www.autonvaraosahaku.fi\/index.php?rest_route=\/wp\/v2\/product\/90523","targetHints":{"allow":["GET"]}}],"collection":[{"href":"https:\/\/www.autonvaraosahaku.fi\/index.php?rest_route=\/wp\/v2\/product"}],"about":[{"href":"https:\/\/www.autonvaraosahaku.fi\/index.php?rest_route=\/wp\/v2\/types\/product"}],"wp:attachment":[{"href":"https:\/\/www.autonvaraosahaku.fi\/index.php?rest_route=%2Fwp%2Fv2%2Fmedia&parent=90523"}],"wp:term":[{"taxonomy":"pwb-brand","embeddable":true,"href":"https:\/\/www.autonvaraosahaku.fi\/index.php?rest_route=%2Fwp%2Fv2%2Fpwb-brand&post=90523"},{"taxonomy":"product_cat","embeddable":true,"href":"https:\/\/www.autonvaraosahaku.fi\/index.php?rest_route=%2Fwp%2Fv2%2Fproduct_cat&post=90523"},{"taxonomy":"product_tag","embeddable":true,"href":"https:\/\/www.autonvaraosahaku.fi\/index.php?rest_route=%2Fwp%2Fv2%2Fproduct_tag&post=90523"}],"curies":[{"name":"wp","href":"https:\/\/api.w.org\/{rel}","templated":true}]}}