{"id":90524,"date":"2021-02-21T21:23:27","date_gmt":"2021-02-21T21:23:27","guid":{"rendered":"https:\/\/www.autonvaraosahaku.fi\/?product=ridex-70b0065-jarrukengat"},"modified":"2021-02-21T21:23:35","modified_gmt":"2021-02-21T21:23:35","slug":"ridex-70b0065-jarrukengat","status":"publish","type":"product","link":"https:\/\/www.autonvaraosahaku.fi\/?product=ridex-70b0065-jarrukengat","title":{"rendered":"RIDEX 70B0065 Jarrukeng\u00e4t"},"content":{"rendered":"<p>Asennuspuoli: Taka-akseli; L\u00e4pimitta [mm]: 200; Leveys (mm): 45; Jarruj\u00e4rjestelm\u00e4: Ate-Teves; Lis\u00e4tarvike\/lis\u00e4tieto: Vivulla; Paino [kg]: 1,848; Valmistusvuoteen: 09\/1995; DAEWOO: LANOS KLAT,LACETTI Schr\u00e4gheck KLAN,NUBIRA Stufenheck KLAN,NUBIRA Wagon KLAN,NUBIRA Wagon KLAJ,LANOS Stufenheck KLAT,NEXIA KLETN,NUBIRA Stufenheck KLAJ,ESPERO KLEJ,NUBIRA KLAJ,LACETTI Stufenheck J200,NEXIA Stufenheck KLETN,CIELO Stufenheck,LACETTI J150  Stufenheck,TOSCA; CHEVROLET: NUBIRA Kombi,EPICA KL1_,LACETTI J200,EVANDA,NUBIRA Stufenheck; OPEL: CORSA C F08, F68,ASTRA G CC F48_, F08_,ASTRA G Caravan F35_,ASTRA F CC 53_, 54_, 58_, 59_,TIGRA TwinTop,ASTRA F Caravan 51_, 52_,COMBO Kasten\/Kombi,ASTRA G Stufenheck F69_,COMBO Tour,VECTRA A 86_, 87_,ASTRA F Cabriolet 53_B,ASTRA F 56_, 57_,KADETT E CC 33_, 34_, 43_, 44_,CORSA C Kasten F08, W5L,VECTRA A CC 88_, 89_,COMBO 71_,KADETT E Cabriolet 43B_,ASTRA F CLASSIC CC,ASTRA F CLASSIC Stufenheck,ASTRA F CLASSIC Caravan,KADETT E 39_, 49_,KADETT E Caravan 35_, 36_, 45_, 46_,ASTRA F Van 55_,KADETT E Kasten 37_, 47_; VAUXHALL: CORSA Mk II C W5L, F08,ASTRA Mk III F CC,CORSAVAN Mk II C,TIGRA Convertible,CAVALIER Mk III 87,ASTRA Mk III F Estate,CAVALIER Mk III CC,COMBO Mk II C Kasten\/Kombi F25,ASTRAVAN Mk III F; S4520003, 90542863, 96430417, NP1441, NP1464, S4520003, S4520005, S4520006, 1605042, 1605056, 1605812, 1605910, 1605929, 1605953, 90421797, 90541081, 91149506, 91158366, 9196292; Jarrukenk\u00e4sarja<\/p>\n","protected":false},"excerpt":{"rendered":"<p>RIDEX Jarrukeng\u00e4t 70B0065 Jarrukenk\u00e4sarja DAEWOO,CHEVROLET,OPEL,LANOS KLAT,LACETTI Schr\u00e4gheck KLAN,NUBIRA Stufenheck KLAN,NUBIRA Wagon KLAN<\/p>\n","protected":false},"featured_media":0,"template":"","meta":{"site-sidebar-layout":"default","site-content-layout":"default","ast-global-header-display":"","ast-main-header-display":"","ast-hfb-above-header-display":"","ast-hfb-below-header-display":"","ast-hfb-mobile-header-display":"","site-post-title":"","ast-breadcrumbs-content":"","ast-featured-img":"","footer-sml-layout":"","theme-transparent-header-meta":"","adv-header-id-meta":"","stick-header-meta":"","header-above-stick-meta":"","header-main-stick-meta":"","header-below-stick-meta":""},"pwb-brand":[157],"product_cat":[176],"product_tag":[],"class_list":{"0":"post-90524","1":"product","2":"type-product","3":"status-publish","5":"pwb-brand-ridex","6":"product_cat-jarrukengat","7":"desktop-align-left","8":"tablet-align-left","9":"mobile-align-left","11":"first","12":"instock","13":"product-type-external"},"brands":[{"id":157,"name":"RIDEX","slug":"ridex"}],"_links":{"self":[{"href":"https:\/\/www.autonvaraosahaku.fi\/index.php?rest_route=\/wp\/v2\/product\/90524","targetHints":{"allow":["GET"]}}],"collection":[{"href":"https:\/\/www.autonvaraosahaku.fi\/index.php?rest_route=\/wp\/v2\/product"}],"about":[{"href":"https:\/\/www.autonvaraosahaku.fi\/index.php?rest_route=\/wp\/v2\/types\/product"}],"wp:attachment":[{"href":"https:\/\/www.autonvaraosahaku.fi\/index.php?rest_route=%2Fwp%2Fv2%2Fmedia&parent=90524"}],"wp:term":[{"taxonomy":"pwb-brand","embeddable":true,"href":"https:\/\/www.autonvaraosahaku.fi\/index.php?rest_route=%2Fwp%2Fv2%2Fpwb-brand&post=90524"},{"taxonomy":"product_cat","embeddable":true,"href":"https:\/\/www.autonvaraosahaku.fi\/index.php?rest_route=%2Fwp%2Fv2%2Fproduct_cat&post=90524"},{"taxonomy":"product_tag","embeddable":true,"href":"https:\/\/www.autonvaraosahaku.fi\/index.php?rest_route=%2Fwp%2Fv2%2Fproduct_tag&post=90524"}],"curies":[{"name":"wp","href":"https:\/\/api.w.org\/{rel}","templated":true}]}}