{"id":90529,"date":"2021-02-21T21:23:27","date_gmt":"2021-02-21T21:23:27","guid":{"rendered":"https:\/\/www.autonvaraosahaku.fi\/?product=original-imperium-30581-vetonivelen-suojakumi"},"modified":"2021-02-21T21:23:38","modified_gmt":"2021-02-21T21:23:38","slug":"original-imperium-30581-vetonivelen-suojakumi","status":"publish","type":"product","link":"https:\/\/www.autonvaraosahaku.fi\/?product=original-imperium-30581-vetonivelen-suojakumi","title":{"rendered":"ORIGINAL IMPERIUM 30581 Vetonivelen suojakumi"},"content":{"rendered":"<p>Asennuspuoli: Py\u00f6r\u00e4n puoli; Materiaali: Kumi; Paino [g]: 259; CITRO\u00cbN: BERLINGO MF,XSARA PICASSO N68,C2 JM_,C3 I FC_,BERLINGO B9,C5 III Break TD_,C4 Picasso I UD_,C4 Grand Picasso I UA_,C4 I LC_,DS3,BERLINGO Kasten M_,C5 II Break RE_,C3 Picasso,C5 I DC_,C5 I Break DE_,C5 III RD_,C3 II,C4 Coupe LA_,C4 II B7,C5 II RC_,BERLINGO Kasten B9,C4 Grand Picasso II,C4 Picasso II,DS4,DS5,DS3 Cabriolet,BERLINGO Pritsche\/Fahrgestell B9,C4 CACTUS,C3 III SX; PEUGEOT: 206 Schr\u00e4gheck 2A\/C,206 CC 2D,207 WA_, WC_,307 SW 3H,207 CC WD_,307 CC 3B,407 SW 6E_,307 3A\/C,207 SW WK_,308 SW,206 SW 2E\/K,208,308 4A_, 4C_,5008,508 SW,306 Schr\u00e4gheck 7A, 7C, N3, N5,306 Cabriolet 7D, N3, N5,407 6D_,3008,PARTNER Tepee,RCZ,308 CC,1007 KM_,PARTNER Combispace 5F,205 II 20A\/C,2008,PARTNER Kasten 5,306 Break 7E, N3, N5,508,306 7B, N3, N5,PARTNER Kasten,308 II,309 II 3C, 3A,205 I 741A\/C,309 I 10C, 10A,104,305 II 581M,305 II Break 581E,308 SW II,305 I 581A,205 Kasten,304 Break _04D_,PARTNER Pritsche\/Fahrgestell,204 Coupe,3008 SUV,305 I Break 581D; RENAULT: SUPER 5 B\/C40_,12,16 115_,18 134_,17,18 Variable 135_,12 Variable 117_,20 127_,15 130_,14 121_,18 Kasten,12 Kasten; TALBOT: SIMCA 1000,SIMCA 1100 Schr\u00e4gheck,SAMBA 51A; 329322, 329331, 329341, 329374, 329322, 329331, 329341, 329374, 329322, 329331, 329341, 329374, 7701455096, 7701457539, 13617800, 329341, 9403293419<\/p>\n","protected":false},"excerpt":{"rendered":"<p>ORIGINAL IMPERIUM Paljekumisarja, Vetoakseli 30581  CITRO\u00cbN,PEUGEOT,RENAULT,BERLINGO MF,XSARA PICASSO N68,C2 JM_,C3 I FC_,BERLINGO B9,C5 III Break TD_<\/p>\n","protected":false},"featured_media":0,"template":"","meta":{"site-sidebar-layout":"default","site-content-layout":"default","ast-global-header-display":"","ast-main-header-display":"","ast-hfb-above-header-display":"","ast-hfb-below-header-display":"","ast-hfb-mobile-header-display":"","site-post-title":"","ast-breadcrumbs-content":"","ast-featured-img":"","footer-sml-layout":"","theme-transparent-header-meta":"","adv-header-id-meta":"","stick-header-meta":"","header-above-stick-meta":"","header-main-stick-meta":"","header-below-stick-meta":""},"pwb-brand":[72],"product_cat":[42],"product_tag":[],"class_list":{"0":"post-90529","1":"product","2":"type-product","3":"status-publish","5":"pwb-brand-original-imperium","6":"product_cat-vetonivelen-suojakumi","7":"desktop-align-left","8":"tablet-align-left","9":"mobile-align-left","11":"first","12":"instock","13":"product-type-external"},"brands":[{"id":72,"name":"ORIGINAL IMPERIUM","slug":"original-imperium"}],"_links":{"self":[{"href":"https:\/\/www.autonvaraosahaku.fi\/index.php?rest_route=\/wp\/v2\/product\/90529","targetHints":{"allow":["GET"]}}],"collection":[{"href":"https:\/\/www.autonvaraosahaku.fi\/index.php?rest_route=\/wp\/v2\/product"}],"about":[{"href":"https:\/\/www.autonvaraosahaku.fi\/index.php?rest_route=\/wp\/v2\/types\/product"}],"wp:attachment":[{"href":"https:\/\/www.autonvaraosahaku.fi\/index.php?rest_route=%2Fwp%2Fv2%2Fmedia&parent=90529"}],"wp:term":[{"taxonomy":"pwb-brand","embeddable":true,"href":"https:\/\/www.autonvaraosahaku.fi\/index.php?rest_route=%2Fwp%2Fv2%2Fpwb-brand&post=90529"},{"taxonomy":"product_cat","embeddable":true,"href":"https:\/\/www.autonvaraosahaku.fi\/index.php?rest_route=%2Fwp%2Fv2%2Fproduct_cat&post=90529"},{"taxonomy":"product_tag","embeddable":true,"href":"https:\/\/www.autonvaraosahaku.fi\/index.php?rest_route=%2Fwp%2Fv2%2Fproduct_tag&post=90529"}],"curies":[{"name":"wp","href":"https:\/\/api.w.org\/{rel}","templated":true}]}}