{"id":90551,"date":"2021-02-21T21:23:53","date_gmt":"2021-02-21T21:23:53","guid":{"rendered":"https:\/\/www.autonvaraosahaku.fi\/?product=ridex-854s0996-iskunvaimennin"},"modified":"2021-02-21T21:23:54","modified_gmt":"2021-02-21T21:23:54","slug":"ridex-854s0996-iskunvaimennin","status":"publish","type":"product","link":"https:\/\/www.autonvaraosahaku.fi\/?product=ridex-854s0996-iskunvaimennin","title":{"rendered":"RIDEX 854S0996 Iskunvaimennin"},"content":{"rendered":"<p>Asennuspuoli: Taka-akseli; Iskunvaimennin tyyppi: Kaasupaine; Iskunvaimennusj\u00e4rjestelm\u00e4: Kaksiputki; Iskunvaimennin asennustapa: Tappi ylh\u00e4\u00e4ll\u00e4, Silmukka alhaalla; Ei rakennemallille: Eco; VW: TIGUAN 5N_; AUDI: Q3 8U; 5N0513049AG, 5N0513049AH, 5N0513049AJ, 5N0513049AK, 5N0512011AA, 5N0512011AG, 5N0512011AP, 5N0512011AQ, 5N0513049AA, 5N0513049AB, 5N0513049AC, 5N0513049AE, 5N0513049AF, 5N0513049AN, 5N0513049AP, 5N0513049AQ, 5N0513049AT, 5N0513049BA, 5N0513049BB, 5N0513049K, 5N0513049L, 5N0513049M, 5N0513049T; Iskarit,Iskunvaimennin<\/p>\n","protected":false},"excerpt":{"rendered":"<p>RIDEX Iskunvaimentimet 854S0996 Iskarit,Iskunvaimennin VW,AUDI,TIGUAN 5N_,Q3 8U<\/p>\n","protected":false},"featured_media":0,"template":"","meta":{"site-sidebar-layout":"default","site-content-layout":"default","ast-global-header-display":"","ast-main-header-display":"","ast-hfb-above-header-display":"","ast-hfb-below-header-display":"","ast-hfb-mobile-header-display":"","site-post-title":"","ast-breadcrumbs-content":"","ast-featured-img":"","footer-sml-layout":"","theme-transparent-header-meta":"","adv-header-id-meta":"","stick-header-meta":"","header-above-stick-meta":"","header-main-stick-meta":"","header-below-stick-meta":""},"pwb-brand":[157],"product_cat":[80],"product_tag":[],"class_list":{"0":"post-90551","1":"product","2":"type-product","3":"status-publish","5":"pwb-brand-ridex","6":"product_cat-iskunvaimennin","7":"desktop-align-left","8":"tablet-align-left","9":"mobile-align-left","11":"first","12":"instock","13":"product-type-external"},"brands":[{"id":157,"name":"RIDEX","slug":"ridex"}],"_links":{"self":[{"href":"https:\/\/www.autonvaraosahaku.fi\/index.php?rest_route=\/wp\/v2\/product\/90551","targetHints":{"allow":["GET"]}}],"collection":[{"href":"https:\/\/www.autonvaraosahaku.fi\/index.php?rest_route=\/wp\/v2\/product"}],"about":[{"href":"https:\/\/www.autonvaraosahaku.fi\/index.php?rest_route=\/wp\/v2\/types\/product"}],"wp:attachment":[{"href":"https:\/\/www.autonvaraosahaku.fi\/index.php?rest_route=%2Fwp%2Fv2%2Fmedia&parent=90551"}],"wp:term":[{"taxonomy":"pwb-brand","embeddable":true,"href":"https:\/\/www.autonvaraosahaku.fi\/index.php?rest_route=%2Fwp%2Fv2%2Fpwb-brand&post=90551"},{"taxonomy":"product_cat","embeddable":true,"href":"https:\/\/www.autonvaraosahaku.fi\/index.php?rest_route=%2Fwp%2Fv2%2Fproduct_cat&post=90551"},{"taxonomy":"product_tag","embeddable":true,"href":"https:\/\/www.autonvaraosahaku.fi\/index.php?rest_route=%2Fwp%2Fv2%2Fproduct_tag&post=90551"}],"curies":[{"name":"wp","href":"https:\/\/api.w.org\/{rel}","templated":true}]}}