{"id":9056,"date":"2021-02-21T14:04:47","date_gmt":"2021-02-21T14:04:47","guid":{"rendered":"https:\/\/www.autonvaraosahaku.fi\/?product=mapco-38814-moottorin-kumityyny"},"modified":"2021-02-21T14:04:49","modified_gmt":"2021-02-21T14:04:49","slug":"mapco-38814-moottorin-kumityyny","status":"publish","type":"product","link":"https:\/\/www.autonvaraosahaku.fi\/?product=mapco-38814-moottorin-kumityyny","title":{"rendered":"MAPCO 38814 Moottorin kumityyny"},"content":{"rendered":"<p>Kiinnitysmalli: Hydrolaakeri; Asennuspuoli: Oikea; Tarvittava kappalem\u00e4\u00e4r\u00e4: 1; Alustanumerosta: 6Y-84020818; VW: POLO 9N_,POLO Stufenheck 9A4; AUDI: A1 8X1, 8XF,A1 Sportback 8XA, 8XK; SKODA: FABIA Combi 6Y5,FABIA,FABIA 6Y2,FABIA Combi,ROOMSTER 5J,FABIA Stufenheck 6Y3,FABIA Praktik; SEAT: IBIZA IV 6L1,IBIZA V 6J5, 6P5,IBIZA V SPORTCOUPE 6J1, 6P1,CORDOBA 6L2; 6Q0199167BQ, 6Q0199167DJ, 6Q0199167BQ, 6Q0199167BQ, 6R0199167S, 6Q0199167BQ, 6Q0199167CB, 6Q0199167CN, 6Q0199167CR, 6Q0199167DJ, 6R0199167S; Moottorin Tukikumit,Moottorin Tuki<\/p>\n","protected":false},"excerpt":{"rendered":"<p>MAPCO Moottorin Kumityyny 38814 Moottorin Tukikumit,Moottorin Tuki VW,AUDI,SKODA,POLO 9N_,POLO Stufenheck 9A4,A1 8X1, 8XF,A1 Sportback 8XA, 8XK<\/p>\n","protected":false},"featured_media":0,"template":"","meta":{"site-sidebar-layout":"default","site-content-layout":"default","ast-global-header-display":"","ast-main-header-display":"","ast-hfb-above-header-display":"","ast-hfb-below-header-display":"","ast-hfb-mobile-header-display":"","site-post-title":"","ast-breadcrumbs-content":"","ast-featured-img":"","footer-sml-layout":"","theme-transparent-header-meta":"","adv-header-id-meta":"","stick-header-meta":"","header-above-stick-meta":"","header-main-stick-meta":"","header-below-stick-meta":""},"pwb-brand":[36],"product_cat":[74],"product_tag":[],"class_list":{"0":"post-9056","1":"product","2":"type-product","3":"status-publish","5":"pwb-brand-mapco","6":"product_cat-moottorin-kumityyny","7":"desktop-align-left","8":"tablet-align-left","9":"mobile-align-left","11":"first","12":"instock","13":"product-type-external"},"brands":[{"id":36,"name":"MAPCO","slug":"mapco"}],"_links":{"self":[{"href":"https:\/\/www.autonvaraosahaku.fi\/index.php?rest_route=\/wp\/v2\/product\/9056","targetHints":{"allow":["GET"]}}],"collection":[{"href":"https:\/\/www.autonvaraosahaku.fi\/index.php?rest_route=\/wp\/v2\/product"}],"about":[{"href":"https:\/\/www.autonvaraosahaku.fi\/index.php?rest_route=\/wp\/v2\/types\/product"}],"wp:attachment":[{"href":"https:\/\/www.autonvaraosahaku.fi\/index.php?rest_route=%2Fwp%2Fv2%2Fmedia&parent=9056"}],"wp:term":[{"taxonomy":"pwb-brand","embeddable":true,"href":"https:\/\/www.autonvaraosahaku.fi\/index.php?rest_route=%2Fwp%2Fv2%2Fpwb-brand&post=9056"},{"taxonomy":"product_cat","embeddable":true,"href":"https:\/\/www.autonvaraosahaku.fi\/index.php?rest_route=%2Fwp%2Fv2%2Fproduct_cat&post=9056"},{"taxonomy":"product_tag","embeddable":true,"href":"https:\/\/www.autonvaraosahaku.fi\/index.php?rest_route=%2Fwp%2Fv2%2Fproduct_tag&post=9056"}],"curies":[{"name":"wp","href":"https:\/\/api.w.org\/{rel}","templated":true}]}}