{"id":90565,"date":"2021-02-21T21:23:53","date_gmt":"2021-02-21T21:23:53","guid":{"rendered":"https:\/\/www.autonvaraosahaku.fi\/?product=johns-95-43-38-21-sivupeilit"},"modified":"2021-02-21T21:24:02","modified_gmt":"2021-02-21T21:24:02","slug":"johns-95-43-38-21-sivupeilit","status":"publish","type":"product","link":"https:\/\/www.autonvaraosahaku.fi\/?product=johns-95-43-38-21-sivupeilit","title":{"rendered":"JOHNS 95 43 38-21 Sivupeilit"},"content":{"rendered":"<p>Asennuspuoli: Oikea; Valotoiminto: vilkkuvalolla; Kemialliset ominaisuudet: maalattavissa; Ulko-\/sis\u00e4peili: s\u00e4hk\u00f6-peilins\u00e4\u00e4d\u00f6lle, Kupera, L\u00e4mmitett\u00e4v\u00e4; Napojen m\u00e4\u00e4r\u00e4: 6; Laatu: Q; VW: GOLF VI 5K1; 5K0857508AD, 5K0857508AD9B9, 5K0857508N, 5K0857508N9B9, 5K0857508S, 5K0857508S9B9; Ulkopeilit,Ulkopeili<\/p>\n","protected":false},"excerpt":{"rendered":"<p>JOHNS Sivupeilit 95 43 38-21 Ulkopeilit,Ulkopeili VW,GOLF VI 5K1<\/p>\n","protected":false},"featured_media":0,"template":"","meta":{"site-sidebar-layout":"default","site-content-layout":"default","ast-global-header-display":"","ast-main-header-display":"","ast-hfb-above-header-display":"","ast-hfb-below-header-display":"","ast-hfb-mobile-header-display":"","site-post-title":"","ast-breadcrumbs-content":"","ast-featured-img":"","footer-sml-layout":"","theme-transparent-header-meta":"","adv-header-id-meta":"","stick-header-meta":"","header-above-stick-meta":"","header-main-stick-meta":"","header-below-stick-meta":""},"pwb-brand":[214],"product_cat":[220],"product_tag":[],"class_list":{"0":"post-90565","1":"product","2":"type-product","3":"status-publish","5":"pwb-brand-johns","6":"product_cat-sivupeilit","7":"desktop-align-left","8":"tablet-align-left","9":"mobile-align-left","11":"first","12":"instock","13":"product-type-external"},"brands":[{"id":214,"name":"JOHNS","slug":"johns"}],"_links":{"self":[{"href":"https:\/\/www.autonvaraosahaku.fi\/index.php?rest_route=\/wp\/v2\/product\/90565","targetHints":{"allow":["GET"]}}],"collection":[{"href":"https:\/\/www.autonvaraosahaku.fi\/index.php?rest_route=\/wp\/v2\/product"}],"about":[{"href":"https:\/\/www.autonvaraosahaku.fi\/index.php?rest_route=\/wp\/v2\/types\/product"}],"wp:attachment":[{"href":"https:\/\/www.autonvaraosahaku.fi\/index.php?rest_route=%2Fwp%2Fv2%2Fmedia&parent=90565"}],"wp:term":[{"taxonomy":"pwb-brand","embeddable":true,"href":"https:\/\/www.autonvaraosahaku.fi\/index.php?rest_route=%2Fwp%2Fv2%2Fpwb-brand&post=90565"},{"taxonomy":"product_cat","embeddable":true,"href":"https:\/\/www.autonvaraosahaku.fi\/index.php?rest_route=%2Fwp%2Fv2%2Fproduct_cat&post=90565"},{"taxonomy":"product_tag","embeddable":true,"href":"https:\/\/www.autonvaraosahaku.fi\/index.php?rest_route=%2Fwp%2Fv2%2Fproduct_tag&post=90565"}],"curies":[{"name":"wp","href":"https:\/\/api.w.org\/{rel}","templated":true}]}}