{"id":90566,"date":"2021-02-21T21:23:53","date_gmt":"2021-02-21T21:23:53","guid":{"rendered":"https:\/\/www.autonvaraosahaku.fi\/?product=ridex-295w0052-tuulilasin-pyyhkimen-moottori"},"modified":"2021-02-21T21:24:03","modified_gmt":"2021-02-21T21:24:03","slug":"ridex-295w0052-tuulilasin-pyyhkimen-moottori","status":"publish","type":"product","link":"https:\/\/www.autonvaraosahaku.fi\/?product=ridex-295w0052-tuulilasin-pyyhkimen-moottori","title":{"rendered":"RIDEX 295W0052 Tuulilasin pyyhkimen moottori"},"content":{"rendered":"<p>J\u00e4nnite (V): 14; Asennuspuoli: Edess\u00e4; Vasen \/ oikea liikenne: Ohjaus vasemmalla; Napojen m\u00e4\u00e4r\u00e4: 5; SMART: FORTWO Coupe 450; FIAT: DUCATO Kasten 250,DUCATO Pritsche\/Fahrgestell 250,DUCATO Bus 250; CITRO\u00cbN: JUMPER Kasten,JUMPER Kasten 244,JUMPER Bus,JUMPER Pritsche\/Fahrgestell,JUMPER Kasten 230L,JUMPER Bus 244, Z_,JUMPER Bus 230P,JUMPER Pritsche\/Fahrgestell 244,JUMPER Pritsche\/Fahrgestell 230; PEUGEOT: BOXER Kasten,BOXER Kasten 230L,BOXER Kasten 244,BOXER Bus,BOXER Pritsche\/Fahrgestell,BOXER Bus 230P,BOXER Bus 244, Z_,BOXER Pritsche\/Fahrgestell ZCT_,BOXER Pritsche\/Fahrgestell 244; 77364080; Pyyhkij\u00e4n Moottori<\/p>\n","protected":false},"excerpt":{"rendered":"<p>RIDEX Tuulilasin Pyyhkimen Moottori 295W0052 Pyyhkij\u00e4n Moottori SMART,FIAT,CITRO\u00cbN,FORTWO Coupe 450,DUCATO Kasten 250,DUCATO Pritsche\/Fahrgestell 250<\/p>\n","protected":false},"featured_media":0,"template":"","meta":{"site-sidebar-layout":"default","site-content-layout":"default","ast-global-header-display":"","ast-main-header-display":"","ast-hfb-above-header-display":"","ast-hfb-below-header-display":"","ast-hfb-mobile-header-display":"","site-post-title":"","ast-breadcrumbs-content":"","ast-featured-img":"","footer-sml-layout":"","theme-transparent-header-meta":"","adv-header-id-meta":"","stick-header-meta":"","header-above-stick-meta":"","header-main-stick-meta":"","header-below-stick-meta":""},"pwb-brand":[157],"product_cat":[32],"product_tag":[],"class_list":{"0":"post-90566","1":"product","2":"type-product","3":"status-publish","5":"pwb-brand-ridex","6":"product_cat-tuulilasin-pyyhkimen-moottori","7":"desktop-align-left","8":"tablet-align-left","9":"mobile-align-left","11":"first","12":"instock","13":"product-type-external"},"brands":[{"id":157,"name":"RIDEX","slug":"ridex"}],"_links":{"self":[{"href":"https:\/\/www.autonvaraosahaku.fi\/index.php?rest_route=\/wp\/v2\/product\/90566","targetHints":{"allow":["GET"]}}],"collection":[{"href":"https:\/\/www.autonvaraosahaku.fi\/index.php?rest_route=\/wp\/v2\/product"}],"about":[{"href":"https:\/\/www.autonvaraosahaku.fi\/index.php?rest_route=\/wp\/v2\/types\/product"}],"wp:attachment":[{"href":"https:\/\/www.autonvaraosahaku.fi\/index.php?rest_route=%2Fwp%2Fv2%2Fmedia&parent=90566"}],"wp:term":[{"taxonomy":"pwb-brand","embeddable":true,"href":"https:\/\/www.autonvaraosahaku.fi\/index.php?rest_route=%2Fwp%2Fv2%2Fpwb-brand&post=90566"},{"taxonomy":"product_cat","embeddable":true,"href":"https:\/\/www.autonvaraosahaku.fi\/index.php?rest_route=%2Fwp%2Fv2%2Fproduct_cat&post=90566"},{"taxonomy":"product_tag","embeddable":true,"href":"https:\/\/www.autonvaraosahaku.fi\/index.php?rest_route=%2Fwp%2Fv2%2Fproduct_tag&post=90566"}],"curies":[{"name":"wp","href":"https:\/\/api.w.org\/{rel}","templated":true}]}}