{"id":90569,"date":"2021-02-21T21:23:53","date_gmt":"2021-02-21T21:23:53","guid":{"rendered":"https:\/\/www.autonvaraosahaku.fi\/?product=ridex-70b0132-jarrukengat"},"modified":"2021-02-21T21:24:04","modified_gmt":"2021-02-21T21:24:04","slug":"ridex-70b0132-jarrukengat","status":"publish","type":"product","link":"https:\/\/www.autonvaraosahaku.fi\/?product=ridex-70b0132-jarrukengat","title":{"rendered":"RIDEX 70B0132 Jarrukeng\u00e4t"},"content":{"rendered":"<p>Asennuspuoli: Taka-akseli; L\u00e4pimitta [mm]: 208; Leveys (mm): 30; Lis\u00e4tarvike\/lis\u00e4tieto: Vivulla; Jarruj\u00e4rjestelm\u00e4: Hand Brake; VW: TOUAREG 7LA, 7L6, 7L7; AUDI: Q7 4L; MERCEDES-BENZ: M-CLASS W164,R-CLASS W251, V251,GL-CLASS X164; LAND ROVER: RANGE ROVER III LM; PORSCHE: CAYENNE 955; 7L0698525, SFS000050, SFS000051, 1644200620, 95535292500, 7L0698525; Jarrukenk\u00e4sarja<\/p>\n","protected":false},"excerpt":{"rendered":"<p>RIDEX Jarrukeng\u00e4t 70B0132 Jarrukenk\u00e4sarja VW,AUDI,MERCEDES-BENZ,TOUAREG 7LA, 7L6, 7L7,Q7 4L,M-CLASS W164,R-CLASS W251, V251,GL-CLASS X164<\/p>\n","protected":false},"featured_media":0,"template":"","meta":{"site-sidebar-layout":"default","site-content-layout":"default","ast-global-header-display":"","ast-main-header-display":"","ast-hfb-above-header-display":"","ast-hfb-below-header-display":"","ast-hfb-mobile-header-display":"","site-post-title":"","ast-breadcrumbs-content":"","ast-featured-img":"","footer-sml-layout":"","theme-transparent-header-meta":"","adv-header-id-meta":"","stick-header-meta":"","header-above-stick-meta":"","header-main-stick-meta":"","header-below-stick-meta":""},"pwb-brand":[157],"product_cat":[176],"product_tag":[],"class_list":{"0":"post-90569","1":"product","2":"type-product","3":"status-publish","5":"pwb-brand-ridex","6":"product_cat-jarrukengat","7":"desktop-align-left","8":"tablet-align-left","9":"mobile-align-left","11":"first","12":"instock","13":"product-type-external"},"brands":[{"id":157,"name":"RIDEX","slug":"ridex"}],"_links":{"self":[{"href":"https:\/\/www.autonvaraosahaku.fi\/index.php?rest_route=\/wp\/v2\/product\/90569","targetHints":{"allow":["GET"]}}],"collection":[{"href":"https:\/\/www.autonvaraosahaku.fi\/index.php?rest_route=\/wp\/v2\/product"}],"about":[{"href":"https:\/\/www.autonvaraosahaku.fi\/index.php?rest_route=\/wp\/v2\/types\/product"}],"wp:attachment":[{"href":"https:\/\/www.autonvaraosahaku.fi\/index.php?rest_route=%2Fwp%2Fv2%2Fmedia&parent=90569"}],"wp:term":[{"taxonomy":"pwb-brand","embeddable":true,"href":"https:\/\/www.autonvaraosahaku.fi\/index.php?rest_route=%2Fwp%2Fv2%2Fpwb-brand&post=90569"},{"taxonomy":"product_cat","embeddable":true,"href":"https:\/\/www.autonvaraosahaku.fi\/index.php?rest_route=%2Fwp%2Fv2%2Fproduct_cat&post=90569"},{"taxonomy":"product_tag","embeddable":true,"href":"https:\/\/www.autonvaraosahaku.fi\/index.php?rest_route=%2Fwp%2Fv2%2Fproduct_tag&post=90569"}],"curies":[{"name":"wp","href":"https:\/\/api.w.org\/{rel}","templated":true}]}}