{"id":90570,"date":"2021-02-21T21:24:06","date_gmt":"2021-02-21T21:24:06","guid":{"rendered":"https:\/\/www.autonvaraosahaku.fi\/?product=ridex-854s0347-iskunvaimennin"},"modified":"2021-02-21T21:24:06","modified_gmt":"2021-02-21T21:24:06","slug":"ridex-854s0347-iskunvaimennin","status":"publish","type":"product","link":"https:\/\/www.autonvaraosahaku.fi\/?product=ridex-854s0347-iskunvaimennin","title":{"rendered":"RIDEX 854S0347 Iskunvaimennin"},"content":{"rendered":"<p>Asennuspuoli: Etuakseli; Iskunvaimennin tyyppi: \u00d6ljypaine; Iskunvaimennin malli: Joustintuki; Iskunvaimennusj\u00e4rjestelm\u00e4: Kaksiputki; Iskunvaimennin asennustapa: Tappi ylh\u00e4\u00e4ll\u00e4; L\u00e4pimitta [mm]: 45; Kierremitta: M14x1,5; Pituus 1 (mm): 494; Pituus 2 (mm): 352; M\u00e4nn\u00e4nvarren l\u00e4pimitta [mm]: 20; Lukum\u00e4\u00e4r\u00e4 akselille: 2; parilliset tuotenumerot: 854S0347; Alustarakenne: f\u00fcr Fahrzeuge mit Standard Fahrwerk; NISSAN: KUBISTAR Kasten X80; CITRO\u00cbN: JUMPY Kasten BS_, BT_, BY_, BZ_; RENAULT: KANGOO KC0\/1_,KANGOO Express FC0\/1_; 5430200QAC, 5430200QAD, 5430200QAF, 7700311596, 7700311597, 7700311598, 7700314021, 7700314022, 7700314023, 7702225143, 8200675686, 8200675687, 8200675689; Iskarit,Iskunvaimennin<\/p>\n","protected":false},"excerpt":{"rendered":"<p>RIDEX Iskunvaimentimet 854S0347 Iskarit,Iskunvaimennin NISSAN,CITRO\u00cbN,RENAULT,KUBISTAR Kasten X80,JUMPY Kasten BS_, BT_, BY_, BZ_,KANGOO KC0\/1_<\/p>\n","protected":false},"featured_media":0,"template":"","meta":{"site-sidebar-layout":"default","site-content-layout":"default","ast-global-header-display":"","ast-main-header-display":"","ast-hfb-above-header-display":"","ast-hfb-below-header-display":"","ast-hfb-mobile-header-display":"","site-post-title":"","ast-breadcrumbs-content":"","ast-featured-img":"","footer-sml-layout":"","theme-transparent-header-meta":"","adv-header-id-meta":"","stick-header-meta":"","header-above-stick-meta":"","header-main-stick-meta":"","header-below-stick-meta":""},"pwb-brand":[157],"product_cat":[80],"product_tag":[],"class_list":{"0":"post-90570","1":"product","2":"type-product","3":"status-publish","5":"pwb-brand-ridex","6":"product_cat-iskunvaimennin","7":"desktop-align-left","8":"tablet-align-left","9":"mobile-align-left","11":"first","12":"instock","13":"product-type-external"},"brands":[{"id":157,"name":"RIDEX","slug":"ridex"}],"_links":{"self":[{"href":"https:\/\/www.autonvaraosahaku.fi\/index.php?rest_route=\/wp\/v2\/product\/90570","targetHints":{"allow":["GET"]}}],"collection":[{"href":"https:\/\/www.autonvaraosahaku.fi\/index.php?rest_route=\/wp\/v2\/product"}],"about":[{"href":"https:\/\/www.autonvaraosahaku.fi\/index.php?rest_route=\/wp\/v2\/types\/product"}],"wp:attachment":[{"href":"https:\/\/www.autonvaraosahaku.fi\/index.php?rest_route=%2Fwp%2Fv2%2Fmedia&parent=90570"}],"wp:term":[{"taxonomy":"pwb-brand","embeddable":true,"href":"https:\/\/www.autonvaraosahaku.fi\/index.php?rest_route=%2Fwp%2Fv2%2Fpwb-brand&post=90570"},{"taxonomy":"product_cat","embeddable":true,"href":"https:\/\/www.autonvaraosahaku.fi\/index.php?rest_route=%2Fwp%2Fv2%2Fproduct_cat&post=90570"},{"taxonomy":"product_tag","embeddable":true,"href":"https:\/\/www.autonvaraosahaku.fi\/index.php?rest_route=%2Fwp%2Fv2%2Fproduct_tag&post=90570"}],"curies":[{"name":"wp","href":"https:\/\/api.w.org\/{rel}","templated":true}]}}