{"id":90584,"date":"2021-02-21T21:24:06","date_gmt":"2021-02-21T21:24:06","guid":{"rendered":"https:\/\/www.autonvaraosahaku.fi\/?product=original-imperium-2142-moottorin-kumityyny"},"modified":"2021-02-21T21:24:15","modified_gmt":"2021-02-21T21:24:15","slug":"original-imperium-2142-moottorin-kumityyny","status":"publish","type":"product","link":"https:\/\/www.autonvaraosahaku.fi\/?product=original-imperium-2142-moottorin-kumityyny","title":{"rendered":"ORIGINAL IMPERIUM 2142 Moottorin kumityyny"},"content":{"rendered":"<p>Asennuspuoli: Takana; Materiaali: Kumi-metalli; Tarvittava kappalem\u00e4\u00e4r\u00e4: 1; Paino [g]: 70; Sis\u00e4l\u00e4pimitta [mm]: 12; Ulkol\u00e4pimitta [mm]: 30; Pituus (mm): 28; Kokonaispituus (mm): 34; Rakennemalli: acnhe Break; LANCIA: PHEDRA 179; FIAT: ULYSSE 179AX; CITRO\u00cbN: BERLINGO MF,XSARA PICASSO N68,C8 EA_, EB_,BERLINGO Kasten M_,XSARA N1,XSARA Break N2,JUMPY,JUMPY Kasten,XANTIA X2,XSARA Coupe N0,AX ZA-_,XANTIA Break X2,ZX N2,BX XB-_,ZX Break N2,BX Break XB-_,C15 VD-_,XSARA Kasten,JUMPY Pritsche\/Fahrgestell; PEUGEOT: 807 E,106 II 1,306 Schr\u00e4gheck 7A, 7C, N3, N5,306 Cabriolet 7D, N3, N5,406 Break 8E\/F,PARTNER Combispace 5F,106 I 1A, 1C,205 II 20A\/C,PARTNER Kasten 5,406 Coupe 8C,306 Break 7E, N3, N5,406 8B,EXPERT Tepee VF3V_,EXPERT Kasten VF3A_, VF3U_, VF3X_,306 7B, N3, N5,205 I Cabriolet 741B, 20D,309 II 3C, 3A,205 I 741A\/C,405 I 15B,405 II 4B,309 I 10C, 10A,405 II Break 4E,405 I Break 15E,305 II 581M,305 II Break 581E,205 Kasten,EXPERT Pritsche\/Fahrgestell,PARTNER Pritsche\/Fahrgestell; 9120117580, 180608, 180614, 180616, 180617, 180636, 180642, 180649, 180904, 180906, 185416, 912011, 91201175, 180608, 180614, 180616, 180617, 180636, 180642, 180649, 180904, 180906, 185416, 912011, 91201175, 9120117580, 9120117580, 180608, 180614, 180616, 180617, 180636, 180642, 180649, 180904, 180906, 185416, 912011, 91201175; Moottorin Tukikumit,Moottorin Tuki<\/p>\n","protected":false},"excerpt":{"rendered":"<p>ORIGINAL IMPERIUM Moottorin Kumityyny 2142 Moottorin Tukikumit,Moottorin Tuki LANCIA,FIAT,CITRO\u00cbN,PHEDRA 179,ULYSSE 179AX,BERLINGO MF<\/p>\n","protected":false},"featured_media":0,"template":"","meta":{"site-sidebar-layout":"default","site-content-layout":"default","ast-global-header-display":"","ast-main-header-display":"","ast-hfb-above-header-display":"","ast-hfb-below-header-display":"","ast-hfb-mobile-header-display":"","site-post-title":"","ast-breadcrumbs-content":"","ast-featured-img":"","footer-sml-layout":"","theme-transparent-header-meta":"","adv-header-id-meta":"","stick-header-meta":"","header-above-stick-meta":"","header-main-stick-meta":"","header-below-stick-meta":""},"pwb-brand":[72],"product_cat":[74],"product_tag":[],"class_list":{"0":"post-90584","1":"product","2":"type-product","3":"status-publish","5":"pwb-brand-original-imperium","6":"product_cat-moottorin-kumityyny","7":"desktop-align-left","8":"tablet-align-left","9":"mobile-align-left","11":"first","12":"instock","13":"product-type-external"},"brands":[{"id":72,"name":"ORIGINAL IMPERIUM","slug":"original-imperium"}],"_links":{"self":[{"href":"https:\/\/www.autonvaraosahaku.fi\/index.php?rest_route=\/wp\/v2\/product\/90584","targetHints":{"allow":["GET"]}}],"collection":[{"href":"https:\/\/www.autonvaraosahaku.fi\/index.php?rest_route=\/wp\/v2\/product"}],"about":[{"href":"https:\/\/www.autonvaraosahaku.fi\/index.php?rest_route=\/wp\/v2\/types\/product"}],"wp:attachment":[{"href":"https:\/\/www.autonvaraosahaku.fi\/index.php?rest_route=%2Fwp%2Fv2%2Fmedia&parent=90584"}],"wp:term":[{"taxonomy":"pwb-brand","embeddable":true,"href":"https:\/\/www.autonvaraosahaku.fi\/index.php?rest_route=%2Fwp%2Fv2%2Fpwb-brand&post=90584"},{"taxonomy":"product_cat","embeddable":true,"href":"https:\/\/www.autonvaraosahaku.fi\/index.php?rest_route=%2Fwp%2Fv2%2Fproduct_cat&post=90584"},{"taxonomy":"product_tag","embeddable":true,"href":"https:\/\/www.autonvaraosahaku.fi\/index.php?rest_route=%2Fwp%2Fv2%2Fproduct_tag&post=90584"}],"curies":[{"name":"wp","href":"https:\/\/api.w.org\/{rel}","templated":true}]}}