{"id":90613,"date":"2021-02-21T21:24:33","date_gmt":"2021-02-21T21:24:33","guid":{"rendered":"https:\/\/www.autonvaraosahaku.fi\/?product=topran-108-803-muut-luokat"},"modified":"2021-02-21T21:24:35","modified_gmt":"2021-02-21T21:24:35","slug":"topran-108-803-muut-luokat","status":"publish","type":"product","link":"https:\/\/www.autonvaraosahaku.fi\/?product=topran-108-803-muut-luokat","title":{"rendered":"TOPRAN 108 803 Muut luokat"},"content":{"rendered":"<p>V\u00e4ri: Musta; L\u00e4pimitta [mm]: 9; V\u00e4rikoodi: 01C; OE-numerolle: 701 867 299; VW: GOLF IV 1J1,GOLF V 1K1,GOLF VI 5K1,GOLF III 1H1,GOLF IV Variant 1J5,GOLF VII 5G1, BE1,GOLF II 19E, 1G1,GOLF VI Variant AJ5,GOLF V Variant 1K5,BORA Kombi 1J6,GOLF III Variant 1H5,POLO CLASSIC 6KV2,VENTO 1H2; 701867299, 70186729901, 70186729901C, 7018672991C, 7H086729901C, 7H08672991C<\/p>\n","protected":false},"excerpt":{"rendered":"<p>TOPRAN Levitysniitti 108 803  VW,GOLF IV 1J1,GOLF V 1K1,GOLF VI 5K1,GOLF III 1H1,GOLF IV Variant 1J5,GOLF VII 5G1, BE1,GOLF II 19E, 1G1<\/p>\n","protected":false},"featured_media":0,"template":"","meta":{"site-sidebar-layout":"default","site-content-layout":"default","ast-global-header-display":"","ast-main-header-display":"","ast-hfb-above-header-display":"","ast-hfb-below-header-display":"","ast-hfb-mobile-header-display":"","site-post-title":"","ast-breadcrumbs-content":"","ast-featured-img":"","footer-sml-layout":"","theme-transparent-header-meta":"","adv-header-id-meta":"","stick-header-meta":"","header-above-stick-meta":"","header-main-stick-meta":"","header-below-stick-meta":""},"pwb-brand":[18],"product_cat":[37],"product_tag":[],"class_list":{"0":"post-90613","1":"product","2":"type-product","3":"status-publish","5":"pwb-brand-topran","6":"product_cat-muut-luokat","7":"desktop-align-left","8":"tablet-align-left","9":"mobile-align-left","11":"first","12":"instock","13":"product-type-external"},"brands":[{"id":18,"name":"TOPRAN","slug":"topran"}],"_links":{"self":[{"href":"https:\/\/www.autonvaraosahaku.fi\/index.php?rest_route=\/wp\/v2\/product\/90613","targetHints":{"allow":["GET"]}}],"collection":[{"href":"https:\/\/www.autonvaraosahaku.fi\/index.php?rest_route=\/wp\/v2\/product"}],"about":[{"href":"https:\/\/www.autonvaraosahaku.fi\/index.php?rest_route=\/wp\/v2\/types\/product"}],"wp:attachment":[{"href":"https:\/\/www.autonvaraosahaku.fi\/index.php?rest_route=%2Fwp%2Fv2%2Fmedia&parent=90613"}],"wp:term":[{"taxonomy":"pwb-brand","embeddable":true,"href":"https:\/\/www.autonvaraosahaku.fi\/index.php?rest_route=%2Fwp%2Fv2%2Fpwb-brand&post=90613"},{"taxonomy":"product_cat","embeddable":true,"href":"https:\/\/www.autonvaraosahaku.fi\/index.php?rest_route=%2Fwp%2Fv2%2Fproduct_cat&post=90613"},{"taxonomy":"product_tag","embeddable":true,"href":"https:\/\/www.autonvaraosahaku.fi\/index.php?rest_route=%2Fwp%2Fv2%2Fproduct_tag&post=90613"}],"curies":[{"name":"wp","href":"https:\/\/api.w.org\/{rel}","templated":true}]}}