{"id":90614,"date":"2021-02-21T21:24:33","date_gmt":"2021-02-21T21:24:33","guid":{"rendered":"https:\/\/www.autonvaraosahaku.fi\/?product=ridex-854s0800-iskunvaimennin"},"modified":"2021-02-21T21:24:35","modified_gmt":"2021-02-21T21:24:35","slug":"ridex-854s0800-iskunvaimennin","status":"publish","type":"product","link":"https:\/\/www.autonvaraosahaku.fi\/?product=ridex-854s0800-iskunvaimennin","title":{"rendered":"RIDEX 854S0800 Iskunvaimennin"},"content":{"rendered":"<p>Iskunvaimennin asennustapa: Silmukka ylh\u00e4\u00e4ll\u00e4, Silmukka alhaalla; Iskunvaimennusj\u00e4rjestelm\u00e4: Kaksiputki; Iskunvaimennin tyyppi: Kaasupaine; Asennuspuoli: Hinterachse; OPEL: COMBO Kasten\/Kombi X12,COMBO Tour X12; FIAT: DOBLO Kasten\/Kombi 263,DOBLO Gro\u00dfraumlimousine 152, 263,DOBLO Pritsche\/Fahrgestell 263; VAUXHALL: COMBO Mk III D Kasten\/Kombi; 51810129, 51815192, 51819223, 51857811, 51858711, 51879968, 51883458, 51906053, 51933605, 51960190, 51962036, 51962038, 51962042, 436713, 436714, 436715, 436716, 436717, 436718, 436719, 436920, 436921, 436924, 436925, 436936, 95511857, 95511858, 95511859, 95511860, 95511862, 95511863, 95511865, 95516874, 95516875, 95516877, 95516878, 95516879, 95511857, 95511858, 95511862; Iskarit,Iskunvaimennin<\/p>\n","protected":false},"excerpt":{"rendered":"<p>RIDEX Iskunvaimentimet 854S0800 Iskarit,Iskunvaimennin OPEL,FIAT,VAUXHALL,COMBO Kasten\/Kombi X12,COMBO Tour X12,DOBLO Kasten\/Kombi 263<\/p>\n","protected":false},"featured_media":0,"template":"","meta":{"site-sidebar-layout":"default","site-content-layout":"default","ast-global-header-display":"","ast-main-header-display":"","ast-hfb-above-header-display":"","ast-hfb-below-header-display":"","ast-hfb-mobile-header-display":"","site-post-title":"","ast-breadcrumbs-content":"","ast-featured-img":"","footer-sml-layout":"","theme-transparent-header-meta":"","adv-header-id-meta":"","stick-header-meta":"","header-above-stick-meta":"","header-main-stick-meta":"","header-below-stick-meta":""},"pwb-brand":[157],"product_cat":[80],"product_tag":[],"class_list":{"0":"post-90614","1":"product","2":"type-product","3":"status-publish","5":"pwb-brand-ridex","6":"product_cat-iskunvaimennin","7":"desktop-align-left","8":"tablet-align-left","9":"mobile-align-left","11":"first","12":"instock","13":"product-type-external"},"brands":[{"id":157,"name":"RIDEX","slug":"ridex"}],"_links":{"self":[{"href":"https:\/\/www.autonvaraosahaku.fi\/index.php?rest_route=\/wp\/v2\/product\/90614","targetHints":{"allow":["GET"]}}],"collection":[{"href":"https:\/\/www.autonvaraosahaku.fi\/index.php?rest_route=\/wp\/v2\/product"}],"about":[{"href":"https:\/\/www.autonvaraosahaku.fi\/index.php?rest_route=\/wp\/v2\/types\/product"}],"wp:attachment":[{"href":"https:\/\/www.autonvaraosahaku.fi\/index.php?rest_route=%2Fwp%2Fv2%2Fmedia&parent=90614"}],"wp:term":[{"taxonomy":"pwb-brand","embeddable":true,"href":"https:\/\/www.autonvaraosahaku.fi\/index.php?rest_route=%2Fwp%2Fv2%2Fpwb-brand&post=90614"},{"taxonomy":"product_cat","embeddable":true,"href":"https:\/\/www.autonvaraosahaku.fi\/index.php?rest_route=%2Fwp%2Fv2%2Fproduct_cat&post=90614"},{"taxonomy":"product_tag","embeddable":true,"href":"https:\/\/www.autonvaraosahaku.fi\/index.php?rest_route=%2Fwp%2Fv2%2Fproduct_tag&post=90614"}],"curies":[{"name":"wp","href":"https:\/\/api.w.org\/{rel}","templated":true}]}}