{"id":90626,"date":"2021-02-21T21:24:33","date_gmt":"2021-02-21T21:24:33","guid":{"rendered":"https:\/\/www.autonvaraosahaku.fi\/?product=original-imperium-32294-hammastangon-suojakumi"},"modified":"2021-02-21T21:24:42","modified_gmt":"2021-02-21T21:24:42","slug":"original-imperium-32294-hammastangon-suojakumi","status":"publish","type":"product","link":"https:\/\/www.autonvaraosahaku.fi\/?product=original-imperium-32294-hammastangon-suojakumi","title":{"rendered":"ORIGINAL IMPERIUM 32294 Hammastangon suojakumi"},"content":{"rendered":"<p>Korkeus (mm): 210; Varusteet: Autoihin, joissa ohjaustehostin; Paino [g]: 142; Materiaali: Kumi; Asennuspuoli: Etuakseli; Tarvittava kappalem\u00e4\u00e4r\u00e4: 2; L\u00e4pimitta 1 [mm]: 10; L\u00e4pimitta 2 [mm]: 41; Moottorinumero: GG; VW: POLO 9N_,GOLF III 1H1,SHARAN 7M8, 7M9, 7M6,POLO 6N2,POLO 6N1,GOLF II 19E, 1G1,PASSAT Variant 3A5, 35I,GOLF I Cabriolet 155,GOLF III Cabriolet 1E7,GOLF Mk III Cabriolet 1E7,GOLF III Variant 1H5,PASSAT 3A2, 35I,CORRADO 53I,CADDY II Kasten 9K9A,POLO Variant 6KV5,POLO CLASSIC 6KV2,SCIROCCO 53B,VENTO 1H2,GOLF I 17,JETTA II 19E, 1G2, 165,POLO Stufenheck 9A4,CADDY II Kombi 9K9B,PASSAT 32B,CADDY II Pick-up 9U7,JETTA I 16,PASSAT Stufenheck 32B; SEAT: IBIZA II 6K1,CORDOBA 6K1, 6K2,CORDOBA Vario 6K1,TOLEDO I 1L,INCA 6K9; 1H0422831B, 357422831A, 1H0422831B, 357422831A, 1H0422831B, 357422831A, 1H0422831B, 357422831A; Paljekumi, Ohjaus<\/p>\n","protected":false},"excerpt":{"rendered":"<p>ORIGINAL IMPERIUM Hammastangon Suojakumi 32294 Paljekumi, Ohjaus VW,SEAT,POLO 9N_,GOLF III 1H1,SHARAN 7M8, 7M9, 7M6,POLO 6N2,POLO 6N1,GOLF II 19E, 1G1<\/p>\n","protected":false},"featured_media":0,"template":"","meta":{"site-sidebar-layout":"default","site-content-layout":"default","ast-global-header-display":"","ast-main-header-display":"","ast-hfb-above-header-display":"","ast-hfb-below-header-display":"","ast-hfb-mobile-header-display":"","site-post-title":"","ast-breadcrumbs-content":"","ast-featured-img":"","footer-sml-layout":"","theme-transparent-header-meta":"","adv-header-id-meta":"","stick-header-meta":"","header-above-stick-meta":"","header-main-stick-meta":"","header-below-stick-meta":""},"pwb-brand":[72],"product_cat":[81],"product_tag":[],"class_list":{"0":"post-90626","1":"product","2":"type-product","3":"status-publish","5":"pwb-brand-original-imperium","6":"product_cat-hammastangon-suojakumi","7":"desktop-align-left","8":"tablet-align-left","9":"mobile-align-left","11":"first","12":"instock","13":"product-type-external"},"brands":[{"id":72,"name":"ORIGINAL IMPERIUM","slug":"original-imperium"}],"_links":{"self":[{"href":"https:\/\/www.autonvaraosahaku.fi\/index.php?rest_route=\/wp\/v2\/product\/90626","targetHints":{"allow":["GET"]}}],"collection":[{"href":"https:\/\/www.autonvaraosahaku.fi\/index.php?rest_route=\/wp\/v2\/product"}],"about":[{"href":"https:\/\/www.autonvaraosahaku.fi\/index.php?rest_route=\/wp\/v2\/types\/product"}],"wp:attachment":[{"href":"https:\/\/www.autonvaraosahaku.fi\/index.php?rest_route=%2Fwp%2Fv2%2Fmedia&parent=90626"}],"wp:term":[{"taxonomy":"pwb-brand","embeddable":true,"href":"https:\/\/www.autonvaraosahaku.fi\/index.php?rest_route=%2Fwp%2Fv2%2Fpwb-brand&post=90626"},{"taxonomy":"product_cat","embeddable":true,"href":"https:\/\/www.autonvaraosahaku.fi\/index.php?rest_route=%2Fwp%2Fv2%2Fproduct_cat&post=90626"},{"taxonomy":"product_tag","embeddable":true,"href":"https:\/\/www.autonvaraosahaku.fi\/index.php?rest_route=%2Fwp%2Fv2%2Fproduct_tag&post=90626"}],"curies":[{"name":"wp","href":"https:\/\/api.w.org\/{rel}","templated":true}]}}