{"id":90630,"date":"2021-02-21T21:24:46","date_gmt":"2021-02-21T21:24:46","guid":{"rendered":"https:\/\/www.autonvaraosahaku.fi\/?product=maxgear-21-0103-oljynpaineanturi"},"modified":"2021-02-21T21:24:46","modified_gmt":"2021-02-21T21:24:46","slug":"maxgear-21-0103-oljynpaineanturi","status":"publish","type":"product","link":"https:\/\/www.autonvaraosahaku.fi\/?product=maxgear-21-0103-oljynpaineanturi","title":{"rendered":"MAXGEAR 21-0103 \u00d6ljynpaineanturi"},"content":{"rendered":"<p>Kytkent\u00e4paine (bar): 0,3; Kierremitta: M 14&#215;1,5; Kopan v\u00e4ri: Musta; Alustanumerosta: K4000001; OPEL: CORSA C F08, F68,ZAFIRA B A05,ASTRA H Caravan L35,MERIVA,ZAFIRA A F75_,ASTRA G CC F48_, F08_,ASTRA H L48,ASTRA G Caravan F35_,CORSA B 73_, 78_, 79_,VECTRA C Caravan,ASTRA H GTC L08,SIGNUM,VECTRA C,VECTRA B 36_,ASTRA F CC 53_, 54_, 58_, 59_,OMEGA B Caravan 21_, 22_, 23_,OMEGA B 25_, 26_, 27_,VECTRA C GTS,TIGRA TwinTop,VECTRA B Caravan 31_,ASTRA H TwinTop L67,ASTRA G Cabriolet F67,ASTRA F Caravan 51_, 52_,FRONTERA B 6B_,ASTRA G Coupe F07_,COMBO Kasten\/Kombi,ASTRA G Stufenheck F69_,CALIBRA A 85_,VECTRA B CC 38_,COMBO Tour,VECTRA A 86_, 87_,ASTRA F Cabriolet 53_B,ASTRA F 56_, 57_,KADETT E CC 33_, 34_, 43_, 44_,SINTRA,TIGRA 95_,CORSA A CC 93_, 94_, 98_, 99_,VECTRA A CC 88_, 89_,COMBO 71_,KADETT E Cabriolet 43B_,ASTRA F CLASSIC CC,CORSA A TR 91_, 92_, 96_, 97_,SPEEDSTER,ASTRA F CLASSIC Stufenheck,ASTRA F CLASSIC Caravan,KADETT E 39_, 49_,CORSA B Kasten 73_,ASTRA G Kasten F70,KADETT E Caravan 35_, 36_, 45_, 46_,ASTRA F Van 55_,CORSA A Kasten,KADETT E Kasten 37_, 47_; CHEVROLET: NUBIRA Kombi,EPICA KL1_,LACETTI J200,REZZO,EVANDA,NUBIRA Stufenheck,LACETTI Kombi J200; SAAB: 9-3 YS3F,9-5 Kombi YS3E,9-3 Kombi YS3F,9-3 YS3D,9-5 YS3E,9000 Schr\u00e4gheck,900 II Cabriolet,900 II,9000,900 II Coupe; DAEWOO: REZZO KLAU,LANOS KLAT,EVANDA KLAL,LACETTI Schr\u00e4gheck KLAN,NUBIRA Stufenheck KLAN,NUBIRA Wagon KLAN,NUBIRA Wagon KLAJ,LANOS Stufenheck KLAT,LEGANZA KLAV,NUBIRA Stufenheck KLAJ,NUBIRA KLAJ,NUBIRA J150,NUBIRA Kombi J150,NUBIRA Stufenheck J150; VAUXHALL: CALIBRA,ASTRA Mk V H CC,VECTRA Mk II C CC,ZAFIRA Mk I A F75,CORSA Mk II C W5L, F08,ASTRA Mk V H Estate,VECTRA Mk II C Estate,ASTRA Mk IV G CC,VECTRA Mk II C,ASTRA Mk III F CC,FRONTERA Mk II B,CORSA Mk I B,MERIVA Mk I A,SIGNUM,ASTRA Mk IV G Sedan,OMEGA B,ASTRA Mk II CC,TIGRA Convertible,VECTRA B CC,CAVALIER Mk III 87,VX220,VECTRA B Estate,VECTRA B,ASTRA Mk III F Estate,ASTRAVAN Mk IV G,ASTRA Mk IV G Coupe F67,CAVALIER Mk III CC,COMBO Mk I B,TIGRA Mk I F07,OMEGA B Estate,ASTRA Mk IV G Convertible,ASTRAVAN Mk III F,COMBO Mk II C Kasten\/Kombi F25,ASTRA Mk IV G Estate,NOVA,NOVA CC; 90336039, 90335039, 90336039, 90507539, 90569684, 1252557, 1252562, 1252570, 55354378, 90507539, 4504585, 4770186, 55354378, 55354378, 90335039, 90336039, 90507539, 90569684, 96281689; \u00d6ljynpainekytkin<\/p>\n","protected":false},"excerpt":{"rendered":"<p>MAXGEAR \u00d6ljynpaineanturi 21-0103 \u00d6ljynpainekytkin OPEL,CHEVROLET,SAAB,CORSA C F08, F68,ZAFIRA B A05,ASTRA H Caravan L35,MERIVA,ZAFIRA A F75_<\/p>\n","protected":false},"featured_media":0,"template":"","meta":{"site-sidebar-layout":"default","site-content-layout":"default","ast-global-header-display":"","ast-main-header-display":"","ast-hfb-above-header-display":"","ast-hfb-below-header-display":"","ast-hfb-mobile-header-display":"","site-post-title":"","ast-breadcrumbs-content":"","ast-featured-img":"","footer-sml-layout":"","theme-transparent-header-meta":"","adv-header-id-meta":"","stick-header-meta":"","header-above-stick-meta":"","header-main-stick-meta":"","header-below-stick-meta":""},"pwb-brand":[48],"product_cat":[235],"product_tag":[],"class_list":{"0":"post-90630","1":"product","2":"type-product","3":"status-publish","5":"pwb-brand-maxgear","6":"product_cat-oljynpaineanturi","7":"desktop-align-left","8":"tablet-align-left","9":"mobile-align-left","11":"first","12":"instock","13":"product-type-external"},"brands":[{"id":48,"name":"MAXGEAR","slug":"maxgear"}],"_links":{"self":[{"href":"https:\/\/www.autonvaraosahaku.fi\/index.php?rest_route=\/wp\/v2\/product\/90630","targetHints":{"allow":["GET"]}}],"collection":[{"href":"https:\/\/www.autonvaraosahaku.fi\/index.php?rest_route=\/wp\/v2\/product"}],"about":[{"href":"https:\/\/www.autonvaraosahaku.fi\/index.php?rest_route=\/wp\/v2\/types\/product"}],"wp:attachment":[{"href":"https:\/\/www.autonvaraosahaku.fi\/index.php?rest_route=%2Fwp%2Fv2%2Fmedia&parent=90630"}],"wp:term":[{"taxonomy":"pwb-brand","embeddable":true,"href":"https:\/\/www.autonvaraosahaku.fi\/index.php?rest_route=%2Fwp%2Fv2%2Fpwb-brand&post=90630"},{"taxonomy":"product_cat","embeddable":true,"href":"https:\/\/www.autonvaraosahaku.fi\/index.php?rest_route=%2Fwp%2Fv2%2Fproduct_cat&post=90630"},{"taxonomy":"product_tag","embeddable":true,"href":"https:\/\/www.autonvaraosahaku.fi\/index.php?rest_route=%2Fwp%2Fv2%2Fproduct_tag&post=90630"}],"curies":[{"name":"wp","href":"https:\/\/api.w.org\/{rel}","templated":true}]}}