{"id":90644,"date":"2021-02-21T21:24:46","date_gmt":"2021-02-21T21:24:46","guid":{"rendered":"https:\/\/www.autonvaraosahaku.fi\/?product=original-imperium-28160-kallistuksenvakaajan-puslat"},"modified":"2021-02-21T21:24:54","modified_gmt":"2021-02-21T21:24:54","slug":"original-imperium-28160-kallistuksenvakaajan-puslat","status":"publish","type":"product","link":"https:\/\/www.autonvaraosahaku.fi\/?product=original-imperium-28160-kallistuksenvakaajan-puslat","title":{"rendered":"ORIGINAL IMPERIUM 28160 Kallistuksenvakaajan puslat"},"content":{"rendered":"<p>Tarvittava kappalem\u00e4\u00e4r\u00e4: 2; Asennuspuoli: Sisempi, Etuakseli; Paino [g]: 88; Materiaali: Kumi-metalli; Sis\u00e4l\u00e4pimitta [mm]: 23,5; Pituus (mm): 41; Kokonaispituus (mm): 51; Rakennemalli: anche mot. ECO; FIAT: COUPE FA\/175,BRAVO I 182,BRAVA 182,TIPO 160,TEMPRA 159,TEMPRA S.W. 159; ALFA ROMEO: 164 164,145 930,155 167,146 930; LANCIA: DELTA II 836,DEDRA 835,DEDRA SW 835; 60808557, 7601646, 7760424, 60808557, 7601646, 7760424, 60808557, 7601646, 7760424; Kallistuksenvakaajan Kumit,Vakaajan Hela<\/p>\n","protected":false},"excerpt":{"rendered":"<p>ORIGINAL IMPERIUM Kallistuksenvakaajan Puslat 28160 Kallistuksenvakaajan Kumit,Vakaajan Hela FIAT,ALFA ROMEO,LANCIA,COUPE FA\/175,BRAVO I 182,BRAVA 182<\/p>\n","protected":false},"featured_media":0,"template":"","meta":{"site-sidebar-layout":"default","site-content-layout":"default","ast-global-header-display":"","ast-main-header-display":"","ast-hfb-above-header-display":"","ast-hfb-below-header-display":"","ast-hfb-mobile-header-display":"","site-post-title":"","ast-breadcrumbs-content":"","ast-featured-img":"","footer-sml-layout":"","theme-transparent-header-meta":"","adv-header-id-meta":"","stick-header-meta":"","header-above-stick-meta":"","header-main-stick-meta":"","header-below-stick-meta":""},"pwb-brand":[72],"product_cat":[82],"product_tag":[],"class_list":{"0":"post-90644","1":"product","2":"type-product","3":"status-publish","5":"pwb-brand-original-imperium","6":"product_cat-kallistuksenvakaajan-puslat","7":"desktop-align-left","8":"tablet-align-left","9":"mobile-align-left","11":"first","12":"instock","13":"product-type-external"},"brands":[{"id":72,"name":"ORIGINAL IMPERIUM","slug":"original-imperium"}],"_links":{"self":[{"href":"https:\/\/www.autonvaraosahaku.fi\/index.php?rest_route=\/wp\/v2\/product\/90644","targetHints":{"allow":["GET"]}}],"collection":[{"href":"https:\/\/www.autonvaraosahaku.fi\/index.php?rest_route=\/wp\/v2\/product"}],"about":[{"href":"https:\/\/www.autonvaraosahaku.fi\/index.php?rest_route=\/wp\/v2\/types\/product"}],"wp:attachment":[{"href":"https:\/\/www.autonvaraosahaku.fi\/index.php?rest_route=%2Fwp%2Fv2%2Fmedia&parent=90644"}],"wp:term":[{"taxonomy":"pwb-brand","embeddable":true,"href":"https:\/\/www.autonvaraosahaku.fi\/index.php?rest_route=%2Fwp%2Fv2%2Fpwb-brand&post=90644"},{"taxonomy":"product_cat","embeddable":true,"href":"https:\/\/www.autonvaraosahaku.fi\/index.php?rest_route=%2Fwp%2Fv2%2Fproduct_cat&post=90644"},{"taxonomy":"product_tag","embeddable":true,"href":"https:\/\/www.autonvaraosahaku.fi\/index.php?rest_route=%2Fwp%2Fv2%2Fproduct_tag&post=90644"}],"curies":[{"name":"wp","href":"https:\/\/api.w.org\/{rel}","templated":true}]}}