{"id":90661,"date":"2021-02-21T21:24:59","date_gmt":"2021-02-21T21:24:59","guid":{"rendered":"https:\/\/www.autonvaraosahaku.fi\/?product=dt-2-05000-polttoainepumppu"},"modified":"2021-02-21T21:25:06","modified_gmt":"2021-02-21T21:25:06","slug":"dt-2-05000-polttoainepumppu","status":"publish","type":"product","link":"https:\/\/www.autonvaraosahaku.fi\/?product=dt-2-05000-polttoainepumppu","title":{"rendered":"DT 2.05000 Polttoainepumppu"},"content":{"rendered":"<p>Paino [g]: 182; VOLVO: B12,B7,F10,F12,F16,FE,FH12,FH16,FH16 II,FL10,FL12,FL6,FL7,FM10,FM12,FM7,FS7,N10,NH12; MERCEDES-BENZ: Stufenheck W123,G-CLASS W460,KOMBI Kombi S123,100 Bus 631,T1 Pritsche\/Fahrgestell 602,T2\/L Kasten\/Kombi,T1 Kasten 602,100 Kasten 631,T1 Pritsche\/Fahrgestell 601,T2\/LN1 Kasten\/Kombi,T1 Kasten 601,100 Pritsche\/Fahrgestell 631,T2\/L Pritsche\/Fahrgestell,T1\/TN Pritsche\/Fahrgestell,T2\/LN1 Pritsche\/Fahrgestell,T1\/TN Kasten\/Kombi,T2\/LN1 Kipper,T2\/LN1 Bus,T2\/LN1 Triebkopf,LK\/LN2,LP,MB-TRAC,MK,NG,O 301,O 302,O 303,O 305,O 307,O 309,O 317,O 330,O 402,O 404,O 405,O 407,O 408,OF,OH,SK,T2\/L,UNIMOG; VAN HOOL: A-Serie,EOS; SOLARIS: URBINO; SETRA: Series 300; SCANIA: 3 &#8211; series,4 &#8211; series,P,G,R,T &#8211; series; RENAULT TRUCKS: C,G,KERAX,MAGNUM,MANAGER,MAXTER,MIDLINER,MIDLUM,PREMIUM,R; NEOPLAN: Centroliner,Cityliner,Jetliner,Megashuttle,Skyliner,Spaceliner,Starliner,Tourliner,Transliner,Trendliner; MAN: E2000,EL,EM,F2000,F9,F90,F90 Unterflur,FOCL,G,G90,HOCL,L2000,LION\u00b4S CITY,LION\u00b4S COACH,LION\u00b4S COMFORT,LION\u00b4S STAR,M 2000 L,M 2000 M,M90,NG,NL,NM,N\u00dc,R,SD,SG,SL,SL II,SM,SR,S\u00dc,TGA,TGL,TGM,TGS,TGX,\u00dcL; DAF: 65,65 CF,75,75 CF,85,85 CF,95,95 XF,CF 65,CF 85,F 2100,F 2300,F 2500,F 2700,F 2800,F 2900,F 3200,F 3300,F 3600,N 2800,XF 105; 00746189, 194194, 608932, 00746189, 01319147, 12018574, 00746189, 11215080005, 51121507002, 51121507003, 51121507005, 51121517002, 51127507018, 81121506003, 81121509001, 81121509003, 0000900050, 0000910790, 0000911101, 0000911490, 0010910301, 0010914501, 7076703, 76703, 843435<\/p>\n","protected":false},"excerpt":{"rendered":"<p>DT Pumppu, Polttoaine Esisy\u00f6tt\u00f6 2.05000  VOLVO,MERCEDES-BENZ,VAN HOOL,B12,B7,F10,F12,F16,FE,FH12,FH16,FH16 II,FL10,FL12,FL6,FL7,FM10,FM12,FM7,FS7,N10<\/p>\n","protected":false},"featured_media":0,"template":"","meta":{"site-sidebar-layout":"default","site-content-layout":"default","ast-global-header-display":"","ast-main-header-display":"","ast-hfb-above-header-display":"","ast-hfb-below-header-display":"","ast-hfb-mobile-header-display":"","site-post-title":"","ast-breadcrumbs-content":"","ast-featured-img":"","footer-sml-layout":"","theme-transparent-header-meta":"","adv-header-id-meta":"","stick-header-meta":"","header-above-stick-meta":"","header-main-stick-meta":"","header-below-stick-meta":""},"pwb-brand":[75],"product_cat":[73],"product_tag":[],"class_list":{"0":"post-90661","1":"product","2":"type-product","3":"status-publish","5":"pwb-brand-dt","6":"product_cat-polttoainepumppu","7":"desktop-align-left","8":"tablet-align-left","9":"mobile-align-left","11":"first","12":"instock","13":"product-type-external"},"brands":[{"id":75,"name":"DT","slug":"dt"}],"_links":{"self":[{"href":"https:\/\/www.autonvaraosahaku.fi\/index.php?rest_route=\/wp\/v2\/product\/90661","targetHints":{"allow":["GET"]}}],"collection":[{"href":"https:\/\/www.autonvaraosahaku.fi\/index.php?rest_route=\/wp\/v2\/product"}],"about":[{"href":"https:\/\/www.autonvaraosahaku.fi\/index.php?rest_route=\/wp\/v2\/types\/product"}],"wp:attachment":[{"href":"https:\/\/www.autonvaraosahaku.fi\/index.php?rest_route=%2Fwp%2Fv2%2Fmedia&parent=90661"}],"wp:term":[{"taxonomy":"pwb-brand","embeddable":true,"href":"https:\/\/www.autonvaraosahaku.fi\/index.php?rest_route=%2Fwp%2Fv2%2Fpwb-brand&post=90661"},{"taxonomy":"product_cat","embeddable":true,"href":"https:\/\/www.autonvaraosahaku.fi\/index.php?rest_route=%2Fwp%2Fv2%2Fproduct_cat&post=90661"},{"taxonomy":"product_tag","embeddable":true,"href":"https:\/\/www.autonvaraosahaku.fi\/index.php?rest_route=%2Fwp%2Fv2%2Fproduct_tag&post=90661"}],"curies":[{"name":"wp","href":"https:\/\/api.w.org\/{rel}","templated":true}]}}