{"id":90666,"date":"2021-02-21T21:24:59","date_gmt":"2021-02-21T21:24:59","guid":{"rendered":"https:\/\/www.autonvaraosahaku.fi\/?product=original-imperium-29874-paisuntasailio"},"modified":"2021-02-21T21:25:09","modified_gmt":"2021-02-21T21:25:09","slug":"original-imperium-29874-paisuntasailio","status":"publish","type":"product","link":"https:\/\/www.autonvaraosahaku.fi\/?product=original-imperium-29874-paisuntasailio","title":{"rendered":"ORIGINAL IMPERIUM 29874 Paisuntas\u00e4ili\u00f6"},"content":{"rendered":"<p>Paino [g]: 823; Korvaava tuote\/korvaava tiedote 2: tulpalla; Erittely: 8V CF2 -vett. 8420; LANCIA: PHEDRA 179,ZETA 220; FIAT: ULYSSE 179AX,ULYSSE 220,SCUDO Kasten 220L,SCUDO Combinato 220P,SCUDO Pritsche\/Fahrgestell 220_; CITRO\u00cbN: C8 EA_, EB_,JUMPER Kasten 244,EVASION 22, U6,JUMPER Bus 244, Z_,JUMPER Pritsche\/Fahrgestell 244; PEUGEOT: 807 E,EXPERT Kasten 222,EXPERT 224; 1341182080, 1483929080, 1488949080, 46402982, 46441776, 46457390, 60654688, 1307ST, 1307ST, 1341182080, 1483929080, 1488949080, 46402982, 46441776, 46457390, 60654688, 1341182080, 1483929080, 1488949080, 46402982, 46441776, 46457390, 60654688, 1307ST; Nestes\u00e4ili\u00f6, J\u00e4\u00e4hdytysneste<\/p>\n","protected":false},"excerpt":{"rendered":"<p>ORIGINAL IMPERIUM Paisuntas\u00e4ili\u00f6 29874 Nestes\u00e4ili\u00f6, J\u00e4\u00e4hdytysneste LANCIA,FIAT,CITRO\u00cbN,PHEDRA 179,ZETA 220,ULYSSE 179AX,ULYSSE 220,SCUDO Kasten 220L<\/p>\n","protected":false},"featured_media":0,"template":"","meta":{"site-sidebar-layout":"default","site-content-layout":"default","ast-global-header-display":"","ast-main-header-display":"","ast-hfb-above-header-display":"","ast-hfb-below-header-display":"","ast-hfb-mobile-header-display":"","site-post-title":"","ast-breadcrumbs-content":"","ast-featured-img":"","footer-sml-layout":"","theme-transparent-header-meta":"","adv-header-id-meta":"","stick-header-meta":"","header-above-stick-meta":"","header-main-stick-meta":"","header-below-stick-meta":""},"pwb-brand":[72],"product_cat":[127],"product_tag":[],"class_list":{"0":"post-90666","1":"product","2":"type-product","3":"status-publish","5":"pwb-brand-original-imperium","6":"product_cat-paisuntasailio","7":"desktop-align-left","8":"tablet-align-left","9":"mobile-align-left","11":"first","12":"instock","13":"product-type-external"},"brands":[{"id":72,"name":"ORIGINAL IMPERIUM","slug":"original-imperium"}],"_links":{"self":[{"href":"https:\/\/www.autonvaraosahaku.fi\/index.php?rest_route=\/wp\/v2\/product\/90666","targetHints":{"allow":["GET"]}}],"collection":[{"href":"https:\/\/www.autonvaraosahaku.fi\/index.php?rest_route=\/wp\/v2\/product"}],"about":[{"href":"https:\/\/www.autonvaraosahaku.fi\/index.php?rest_route=\/wp\/v2\/types\/product"}],"wp:attachment":[{"href":"https:\/\/www.autonvaraosahaku.fi\/index.php?rest_route=%2Fwp%2Fv2%2Fmedia&parent=90666"}],"wp:term":[{"taxonomy":"pwb-brand","embeddable":true,"href":"https:\/\/www.autonvaraosahaku.fi\/index.php?rest_route=%2Fwp%2Fv2%2Fpwb-brand&post=90666"},{"taxonomy":"product_cat","embeddable":true,"href":"https:\/\/www.autonvaraosahaku.fi\/index.php?rest_route=%2Fwp%2Fv2%2Fproduct_cat&post=90666"},{"taxonomy":"product_tag","embeddable":true,"href":"https:\/\/www.autonvaraosahaku.fi\/index.php?rest_route=%2Fwp%2Fv2%2Fproduct_tag&post=90666"}],"curies":[{"name":"wp","href":"https:\/\/api.w.org\/{rel}","templated":true}]}}