{"id":90675,"date":"2021-02-21T21:25:12","date_gmt":"2021-02-21T21:25:12","guid":{"rendered":"https:\/\/www.autonvaraosahaku.fi\/?product=diederichs-2212081-ajovaloumpio"},"modified":"2021-02-21T21:25:16","modified_gmt":"2021-02-21T21:25:16","slug":"diederichs-2212081-ajovaloumpio","status":"publish","type":"product","link":"https:\/\/www.autonvaraosahaku.fi\/?product=diederichs-2212081-ajovaloumpio","title":{"rendered":"DIEDERICHS 2212081 Ajovaloumpio"},"content":{"rendered":"<p>Asennuspuoli: Vasen; Lamppumalli: H4; Laatu: Depo \/ TYC; Varusteet: Autoihin, joissa ajovalo korkeudens\u00e4\u00e4t\u00f6; Rekister\u00f6ity tyyppi: E-hyv\u00e4ksytty; VW: GOLF III 1H1,GOLF III Cabriolet 1E7,GOLF III Variant 1H5; 1H6941017, 1H6941017AA, 1H6941017AJ, 1H6941017AL, 1H6941017AM, 1H6941017AN, 1H6941017E, 1H6941017F, 1H6941017J, 1H6941017Q, 1H6941017R, 1H6941017T; Ajovalot,Etuvalot,Ajovalo<\/p>\n","protected":false},"excerpt":{"rendered":"<p>DIEDERICHS Ajovaloumpio 2212081 Ajovalot,Etuvalot VW,GOLF III 1H1,GOLF III Cabriolet 1E7,GOLF III Variant 1H5<\/p>\n","protected":false},"featured_media":0,"template":"","meta":{"site-sidebar-layout":"default","site-content-layout":"default","ast-global-header-display":"","ast-main-header-display":"","ast-hfb-above-header-display":"","ast-hfb-below-header-display":"","ast-hfb-mobile-header-display":"","site-post-title":"","ast-breadcrumbs-content":"","ast-featured-img":"","footer-sml-layout":"","theme-transparent-header-meta":"","adv-header-id-meta":"","stick-header-meta":"","header-above-stick-meta":"","header-main-stick-meta":"","header-below-stick-meta":""},"pwb-brand":[227],"product_cat":[185],"product_tag":[],"class_list":{"0":"post-90675","1":"product","2":"type-product","3":"status-publish","5":"pwb-brand-diederichs","6":"product_cat-ajovaloumpio","7":"desktop-align-left","8":"tablet-align-left","9":"mobile-align-left","11":"first","12":"instock","13":"product-type-external"},"brands":[{"id":227,"name":"DIEDERICHS","slug":"diederichs"}],"_links":{"self":[{"href":"https:\/\/www.autonvaraosahaku.fi\/index.php?rest_route=\/wp\/v2\/product\/90675","targetHints":{"allow":["GET"]}}],"collection":[{"href":"https:\/\/www.autonvaraosahaku.fi\/index.php?rest_route=\/wp\/v2\/product"}],"about":[{"href":"https:\/\/www.autonvaraosahaku.fi\/index.php?rest_route=\/wp\/v2\/types\/product"}],"wp:attachment":[{"href":"https:\/\/www.autonvaraosahaku.fi\/index.php?rest_route=%2Fwp%2Fv2%2Fmedia&parent=90675"}],"wp:term":[{"taxonomy":"pwb-brand","embeddable":true,"href":"https:\/\/www.autonvaraosahaku.fi\/index.php?rest_route=%2Fwp%2Fv2%2Fpwb-brand&post=90675"},{"taxonomy":"product_cat","embeddable":true,"href":"https:\/\/www.autonvaraosahaku.fi\/index.php?rest_route=%2Fwp%2Fv2%2Fproduct_cat&post=90675"},{"taxonomy":"product_tag","embeddable":true,"href":"https:\/\/www.autonvaraosahaku.fi\/index.php?rest_route=%2Fwp%2Fv2%2Fproduct_tag&post=90675"}],"curies":[{"name":"wp","href":"https:\/\/api.w.org\/{rel}","templated":true}]}}