{"id":90680,"date":"2021-02-21T21:25:12","date_gmt":"2021-02-21T21:25:12","guid":{"rendered":"https:\/\/www.autonvaraosahaku.fi\/?product=kolbenschmidt-800000911000-mannanrenkaat"},"modified":"2021-02-21T21:25:19","modified_gmt":"2021-02-21T21:25:19","slug":"kolbenschmidt-800000911000-mannanrenkaat","status":"publish","type":"product","link":"https:\/\/www.autonvaraosahaku.fi\/?product=kolbenschmidt-800000911000-mannanrenkaat","title":{"rendered":"KOLBENSCHMIDT 800000911000 M\u00e4nn\u00e4nrenkaat"},"content":{"rendered":"<p>Komponenttinumero: 42837, 42842, 42852; M\u00e4\u00e4r\u00e4: 3; Vakiomitta (STD): ; TECDOC-moottorinumero: 358; VW: GOLF I Cabriolet 155,SCIROCCO 53B,GOLF I 17,CADDY I 14,PASSAT Variant 32B,PASSAT 32B,SCIROCCO 53,ILTIS 183,JETTA I 16,PASSAT 32,PASSAT Stufenheck 32B,PASSAT Variant 33,SANTANA 32B; AUDI: 100 44, 44Q, C3,80 81, 85, B2,100 Avant 44, 44Q, C3,COUPE 81, 85,QUATTRO 85,200 44, 44Q,80 80, 82, B1,100 C1,200 Avant 44, 44Q,100 43, C2,200 43,100 Avant 43, C2; 049107301A, 049107311C, 049107321D, 049107301A, 049107311C, 049107321D; M\u00e4nn\u00e4nrengassarja<\/p>\n","protected":false},"excerpt":{"rendered":"<p>KOLBENSCHMIDT M\u00e4nn\u00e4nrenkaat 800000911000 M\u00e4nn\u00e4nrengassarja VW,AUDI,GOLF I Cabriolet 155,SCIROCCO 53B,GOLF I 17,CADDY I 14,PASSAT Variant 32B<\/p>\n","protected":false},"featured_media":0,"template":"","meta":{"site-sidebar-layout":"default","site-content-layout":"default","ast-global-header-display":"","ast-main-header-display":"","ast-hfb-above-header-display":"","ast-hfb-below-header-display":"","ast-hfb-mobile-header-display":"","site-post-title":"","ast-breadcrumbs-content":"","ast-featured-img":"","footer-sml-layout":"","theme-transparent-header-meta":"","adv-header-id-meta":"","stick-header-meta":"","header-above-stick-meta":"","header-main-stick-meta":"","header-below-stick-meta":""},"pwb-brand":[293],"product_cat":[154],"product_tag":[],"class_list":{"0":"post-90680","1":"product","2":"type-product","3":"status-publish","5":"pwb-brand-kolbenschmidt","6":"product_cat-mannanrenkaat","7":"desktop-align-left","8":"tablet-align-left","9":"mobile-align-left","11":"first","12":"instock","13":"product-type-external"},"brands":[{"id":293,"name":"KOLBENSCHMIDT","slug":"kolbenschmidt"}],"_links":{"self":[{"href":"https:\/\/www.autonvaraosahaku.fi\/index.php?rest_route=\/wp\/v2\/product\/90680","targetHints":{"allow":["GET"]}}],"collection":[{"href":"https:\/\/www.autonvaraosahaku.fi\/index.php?rest_route=\/wp\/v2\/product"}],"about":[{"href":"https:\/\/www.autonvaraosahaku.fi\/index.php?rest_route=\/wp\/v2\/types\/product"}],"wp:attachment":[{"href":"https:\/\/www.autonvaraosahaku.fi\/index.php?rest_route=%2Fwp%2Fv2%2Fmedia&parent=90680"}],"wp:term":[{"taxonomy":"pwb-brand","embeddable":true,"href":"https:\/\/www.autonvaraosahaku.fi\/index.php?rest_route=%2Fwp%2Fv2%2Fpwb-brand&post=90680"},{"taxonomy":"product_cat","embeddable":true,"href":"https:\/\/www.autonvaraosahaku.fi\/index.php?rest_route=%2Fwp%2Fv2%2Fproduct_cat&post=90680"},{"taxonomy":"product_tag","embeddable":true,"href":"https:\/\/www.autonvaraosahaku.fi\/index.php?rest_route=%2Fwp%2Fv2%2Fproduct_tag&post=90680"}],"curies":[{"name":"wp","href":"https:\/\/api.w.org\/{rel}","templated":true}]}}