{"id":90682,"date":"2021-02-21T21:25:12","date_gmt":"2021-02-21T21:25:12","guid":{"rendered":"https:\/\/www.autonvaraosahaku.fi\/?product=original-imperium-37241-jousijalan-tukilaakeri"},"modified":"2021-02-21T21:25:20","modified_gmt":"2021-02-21T21:25:20","slug":"original-imperium-37241-jousijalan-tukilaakeri","status":"publish","type":"product","link":"https:\/\/www.autonvaraosahaku.fi\/?product=original-imperium-37241-jousijalan-tukilaakeri","title":{"rendered":"ORIGINAL IMPERIUM 37241 Jousijalan tukilaakeri"},"content":{"rendered":"<p>Asennuspuoli: Etuakseli; Paino [g]: 356; Tarvittava kappalem\u00e4\u00e4r\u00e4: 2; Korvaava tuote\/korvaava tiedote 2: Kuulalaakerilla; Erittely: bearing IMPERGOM; Materiaali: Kumi-metalli; Asento \/ aste: 1; VW: GOLF IV 1J1,POLO 6R, 6C,GOLF IV Variant 1J5,UP,BORA 1J2,NEW BEETLE 9C1, 1C1,GOLF Mk III Cabriolet 1E7,BORA Kombi 1J6,NEW BEETLE Cabriolet 1Y7,CADDY II Kasten 9K9A,POLO CLASSIC 6KV2,CADDY II Kombi 9K9B; AUDI: A3 8P1,A3 8L1,A3 Sportback 8PA,A4 8D2, B5,A4 Avant 8D5, B5,80 89, 89Q, 8A, B3,CABRIOLET 8G7, B4,TT 8N3,A1 8X1, 8XF,TT Roadster 8N9,A6 Avant 4A, C4,A1 Sportback 8XA, 8XK,A6 4A, C4; SKODA: FABIA,OCTAVIA Combi 1U5,FABIA Combi,ROOMSTER 5J,OCTAVIA 1U2,CITIGO,RAPID Spaceback NH1,ROOMSTER Praktik 5J,RAPID NH3,FABIA NJ3,FABIA Kombi NJ5; SEAT: IBIZA V 6J5, 6P5,LEON 1M1,IBIZA V ST 6J8, 6P8,Mii KF1_,TOLEDO II 1M2,IBIZA V SPORTCOUPE 6J1, 6P1,TOLEDO IV KG3; 1J0412249, 1J0412331, 1J0412331B, 1J0412331BS, 1J0412331C, 1J0412331CS, 357412249, 357412249A, 6R0412249, 1102592, 7201592, 7201688, 95VW3K099AA, 95VW3K099AB, 1J0412249, 1J0412331, 1J0412331B, 1J0412331BS, 1J0412331C, 1J0412331CS, 357412249, 6R0412249, 1J0412331, 1J0412331B, 1J0412331BS, 1J0412331C, 1J0412331CS, 6R0412249, 4503300051, 1J0412249, 1J0412331, 1J0412331B, 1J0412331BS, 1J0412331C, 1J0412331CS, 357412249, 357412249A, 6R0412249<\/p>\n","protected":false},"excerpt":{"rendered":"<p>ORIGINAL IMPERIUM Korjaussarja, Jousijalan Tukilaakeri 37241  VW,AUDI,SKODA,GOLF IV 1J1,POLO 6R, 6C,GOLF IV Variant 1J5,UP,BORA 1J2<\/p>\n","protected":false},"featured_media":0,"template":"","meta":{"site-sidebar-layout":"default","site-content-layout":"default","ast-global-header-display":"","ast-main-header-display":"","ast-hfb-above-header-display":"","ast-hfb-below-header-display":"","ast-hfb-mobile-header-display":"","site-post-title":"","ast-breadcrumbs-content":"","ast-featured-img":"","footer-sml-layout":"","theme-transparent-header-meta":"","adv-header-id-meta":"","stick-header-meta":"","header-above-stick-meta":"","header-main-stick-meta":"","header-below-stick-meta":""},"pwb-brand":[72],"product_cat":[45],"product_tag":[],"class_list":{"0":"post-90682","1":"product","2":"type-product","3":"status-publish","5":"pwb-brand-original-imperium","6":"product_cat-jousijalan-tukilaakeri","7":"desktop-align-left","8":"tablet-align-left","9":"mobile-align-left","11":"first","12":"instock","13":"product-type-external"},"brands":[{"id":72,"name":"ORIGINAL IMPERIUM","slug":"original-imperium"}],"_links":{"self":[{"href":"https:\/\/www.autonvaraosahaku.fi\/index.php?rest_route=\/wp\/v2\/product\/90682","targetHints":{"allow":["GET"]}}],"collection":[{"href":"https:\/\/www.autonvaraosahaku.fi\/index.php?rest_route=\/wp\/v2\/product"}],"about":[{"href":"https:\/\/www.autonvaraosahaku.fi\/index.php?rest_route=\/wp\/v2\/types\/product"}],"wp:attachment":[{"href":"https:\/\/www.autonvaraosahaku.fi\/index.php?rest_route=%2Fwp%2Fv2%2Fmedia&parent=90682"}],"wp:term":[{"taxonomy":"pwb-brand","embeddable":true,"href":"https:\/\/www.autonvaraosahaku.fi\/index.php?rest_route=%2Fwp%2Fv2%2Fpwb-brand&post=90682"},{"taxonomy":"product_cat","embeddable":true,"href":"https:\/\/www.autonvaraosahaku.fi\/index.php?rest_route=%2Fwp%2Fv2%2Fproduct_cat&post=90682"},{"taxonomy":"product_tag","embeddable":true,"href":"https:\/\/www.autonvaraosahaku.fi\/index.php?rest_route=%2Fwp%2Fv2%2Fproduct_tag&post=90682"}],"curies":[{"name":"wp","href":"https:\/\/api.w.org\/{rel}","templated":true}]}}