{"id":90706,"date":"2021-02-21T21:25:25","date_gmt":"2021-02-21T21:25:25","guid":{"rendered":"https:\/\/www.autonvaraosahaku.fi\/?product=valeo-586083-oljynsuodatin"},"modified":"2021-02-21T21:25:35","modified_gmt":"2021-02-21T21:25:35","slug":"valeo-586083-oljynsuodatin","status":"publish","type":"product","link":"https:\/\/www.autonvaraosahaku.fi\/?product=valeo-586083-oljynsuodatin","title":{"rendered":"VALEO 586083 \u00d6ljynsuodatin"},"content":{"rendered":"<p>Kierremitta: UNF 3\/4-16; Ulkol\u00e4pimitta [mm]: 75; Sis\u00e4l\u00e4pimitta 1 [mm]: 69,4; Sis\u00e4l\u00e4pimitta 2 [mm]: 61,7; Korkeus (mm): 89; Avauspaine ohitusventtiili [bar]: 1; Suodatintyyppi: Ruuvattava suodatin; Paino [kg]: 0,363; Valmistusvuosi alkaen: 05\/2010; MAZDA: 5 CR19,3 BK,6 Station Wagon GY,CX-5 KE, GH,6 Kombi GH,CX-7 ER,6 Hatchback GG,6 GG,3 BL,TRIBUTE EP,5 CW,3 BM,MX-5 III NC,6 Kombi GJ, GH,6 Schr\u00e4gheck GH,3 Stufenheck BK,6 GH,6 Stufenheck GJ, GH,3 Stufenheck BL,3 Stufenheck BM,2 DL, DJ,CX-3 DK,CX-5 KF; LAND ROVER: RANGE ROVER EVOQUE LV; FORD USA: MUSTANG Coupe; JAGUAR: XF _J05_, CC9,XJ X35_, _J12_, _J24_,XE X760,XF X260,F-PACE X761_,XF SPORTBRAKE X260; VOLVO: V50 MW,XC60,V70 III BW,C30,V60,S40 II MS,S80 II AS,S60 II; FORD: FIESTA V JH_, JD_,MONDEO III Kombi BWY,FOCUS II Kombi DA_,FIESTA VI,MONDEO IV Turnier BA7,FOCUS II DA_,S-MAX WA6,FOCUS III Turnier,FOCUS C-MAX,GALAXY WA6,MONDEO III B5Y,C-MAX DM2,FOCUS III,MAVERICK,TRANSIT MK-7 Kasten,C-MAX II,MONDEO IV BA7,MONDEO III Stufenheck B4Y,GRAND C-MAX,FOCUS II Stufenheck DA_,B-MAX JK,FOCUS II Cabriolet,ECOSPORT,TRANSIT MK-7 Pritsche\/Fahrgestell,FOCUS III Stufenheck,MONDEO IV Stufenheck BA7,TRANSIT CUSTOM Bus,TOURNEO CONNECT \/ GRAND TOURNEO CONNECT Kombi,FIESTA VI Van,TRANSIT CONNECT Kasten,MONDEO V Turnier,S-MAX,MONDEO V Stufenheck,FIESTA VII,GALAXY,MONDEO V Schr\u00e4gheck,TOURNEO COURIER Kombi,TRANSIT COURIER Kasten,TRANSIT COURIER Kombi; MORGAN: ROADSTER Cabriolet; 1218846, 1250507, 1595247, 1751529, 1S7G6714CA, 1S7G6714DA, 5015485, 5097737, 9W7E6714AA, C2Z21964, LR025306, LF0514302, LF0514302A, LF1014302, LF10143029A, LF10143029B, LF1014302A, LF1014302A9B, LFY114302, S550143029A, SH0114302A, SH0114302A9A, 30711781, 30731880, 31330050<\/p>\n","protected":false},"excerpt":{"rendered":"<p>VALEO \u00d6ljynsuodatin 586083  MAZDA,LAND ROVER,FORD USA,5 CR19,3 BK,6 Station Wagon GY,CX-5 KE, GH,6 Kombi GH,CX-7 ER,6 Hatchback GG,6 GG,3 BL<\/p>\n","protected":false},"featured_media":0,"template":"","meta":{"site-sidebar-layout":"default","site-content-layout":"default","ast-global-header-display":"","ast-main-header-display":"","ast-hfb-above-header-display":"","ast-hfb-below-header-display":"","ast-hfb-mobile-header-display":"","site-post-title":"","ast-breadcrumbs-content":"","ast-featured-img":"","footer-sml-layout":"","theme-transparent-header-meta":"","adv-header-id-meta":"","stick-header-meta":"","header-above-stick-meta":"","header-main-stick-meta":"","header-below-stick-meta":""},"pwb-brand":[28],"product_cat":[30],"product_tag":[],"class_list":{"0":"post-90706","1":"product","2":"type-product","3":"status-publish","5":"pwb-brand-valeo","6":"product_cat-oljynsuodatin","7":"desktop-align-left","8":"tablet-align-left","9":"mobile-align-left","11":"first","12":"instock","13":"product-type-external"},"brands":[{"id":28,"name":"VALEO","slug":"valeo"}],"_links":{"self":[{"href":"https:\/\/www.autonvaraosahaku.fi\/index.php?rest_route=\/wp\/v2\/product\/90706","targetHints":{"allow":["GET"]}}],"collection":[{"href":"https:\/\/www.autonvaraosahaku.fi\/index.php?rest_route=\/wp\/v2\/product"}],"about":[{"href":"https:\/\/www.autonvaraosahaku.fi\/index.php?rest_route=\/wp\/v2\/types\/product"}],"wp:attachment":[{"href":"https:\/\/www.autonvaraosahaku.fi\/index.php?rest_route=%2Fwp%2Fv2%2Fmedia&parent=90706"}],"wp:term":[{"taxonomy":"pwb-brand","embeddable":true,"href":"https:\/\/www.autonvaraosahaku.fi\/index.php?rest_route=%2Fwp%2Fv2%2Fpwb-brand&post=90706"},{"taxonomy":"product_cat","embeddable":true,"href":"https:\/\/www.autonvaraosahaku.fi\/index.php?rest_route=%2Fwp%2Fv2%2Fproduct_cat&post=90706"},{"taxonomy":"product_tag","embeddable":true,"href":"https:\/\/www.autonvaraosahaku.fi\/index.php?rest_route=%2Fwp%2Fv2%2Fproduct_tag&post=90706"}],"curies":[{"name":"wp","href":"https:\/\/api.w.org\/{rel}","templated":true}]}}