{"id":90712,"date":"2021-02-21T21:25:38","date_gmt":"2021-02-21T21:25:38","guid":{"rendered":"https:\/\/www.autonvaraosahaku.fi\/?product=topran-104-518-muut-luokat"},"modified":"2021-02-21T21:25:40","modified_gmt":"2021-02-21T21:25:40","slug":"topran-104-518-muut-luokat","status":"publish","type":"product","link":"https:\/\/www.autonvaraosahaku.fi\/?product=topran-104-518-muut-luokat","title":{"rendered":"TOPRAN 104 518 Muut luokat"},"content":{"rendered":"<p>Sulaketyyppi: Mini-lattasulake, L\u00e4mp\u00f6sulake; V\u00e4ri: Punainen; Suojaus [A]: 10; DIN \/ ISO: 72581\/3F; J\u00e4nnite korkeint. [V]: 32; OE-numerolle: N   102 615 03; N10261503, 6238285, 90542150, 6500N9, 6545KH, 6500N9, 6545KH, 9187038050, 9187038050, 6238285, 90542150, 6500N9, 6545KH, N10261503, N10261503, N10261503, 6238285, 90542150, N10261503<\/p>\n","protected":false},"excerpt":{"rendered":"<p>TOPRAN Sulake 104 518<\/p>\n","protected":false},"featured_media":0,"template":"","meta":{"site-sidebar-layout":"default","site-content-layout":"default","ast-global-header-display":"","ast-main-header-display":"","ast-hfb-above-header-display":"","ast-hfb-below-header-display":"","ast-hfb-mobile-header-display":"","site-post-title":"","ast-breadcrumbs-content":"","ast-featured-img":"","footer-sml-layout":"","theme-transparent-header-meta":"","adv-header-id-meta":"","stick-header-meta":"","header-above-stick-meta":"","header-main-stick-meta":"","header-below-stick-meta":""},"pwb-brand":[18],"product_cat":[37],"product_tag":[],"class_list":{"0":"post-90712","1":"product","2":"type-product","3":"status-publish","5":"pwb-brand-topran","6":"product_cat-muut-luokat","7":"desktop-align-left","8":"tablet-align-left","9":"mobile-align-left","11":"first","12":"instock","13":"product-type-external"},"brands":[{"id":18,"name":"TOPRAN","slug":"topran"}],"_links":{"self":[{"href":"https:\/\/www.autonvaraosahaku.fi\/index.php?rest_route=\/wp\/v2\/product\/90712","targetHints":{"allow":["GET"]}}],"collection":[{"href":"https:\/\/www.autonvaraosahaku.fi\/index.php?rest_route=\/wp\/v2\/product"}],"about":[{"href":"https:\/\/www.autonvaraosahaku.fi\/index.php?rest_route=\/wp\/v2\/types\/product"}],"wp:attachment":[{"href":"https:\/\/www.autonvaraosahaku.fi\/index.php?rest_route=%2Fwp%2Fv2%2Fmedia&parent=90712"}],"wp:term":[{"taxonomy":"pwb-brand","embeddable":true,"href":"https:\/\/www.autonvaraosahaku.fi\/index.php?rest_route=%2Fwp%2Fv2%2Fpwb-brand&post=90712"},{"taxonomy":"product_cat","embeddable":true,"href":"https:\/\/www.autonvaraosahaku.fi\/index.php?rest_route=%2Fwp%2Fv2%2Fproduct_cat&post=90712"},{"taxonomy":"product_tag","embeddable":true,"href":"https:\/\/www.autonvaraosahaku.fi\/index.php?rest_route=%2Fwp%2Fv2%2Fproduct_tag&post=90712"}],"curies":[{"name":"wp","href":"https:\/\/api.w.org\/{rel}","templated":true}]}}