{"id":9072,"date":"2021-02-21T14:04:50","date_gmt":"2021-02-21T14:04:50","guid":{"rendered":"https:\/\/www.autonvaraosahaku.fi\/?product=jp-group-1363602410-jarrupalat"},"modified":"2021-02-21T14:04:52","modified_gmt":"2021-02-21T14:04:52","slug":"jp-group-1363602410-jarrupalat","status":"publish","type":"product","link":"https:\/\/www.autonvaraosahaku.fi\/?product=jp-group-1363602410-jarrupalat","title":{"rendered":"JP GROUP 1363602410 Jarrupalat"},"content":{"rendered":"<p>Asennuspuoli: Etuakseli; Paksuus [mm]: 17,4; Kulumisenilmaisimen liitos: Sis. kulumisenilmaisimen; Jarruj\u00e4rjestelm\u00e4: Brembo; M\u00e4\u00e4r\u00e4yksikk\u00f6: Akselisarja; Varusteet: f\u00fcr Fahrzeuge mit Sportpaket; MERCEDES-BENZ: C-CLASS W203,E-CLASS W211,C-CLASS T-Model S203,E-CLASS T-Model S211,C-CLASS Coupe CL203,SLK R171,CLK C209,S-CLASS W220,CLS C219,SL R230,CLK Cabriolet A209; 0034205820, 0044200520, 0044209020, 0064203220, A0034205820, A0044200520, A0044209020, A0064203220; Jarrupalasarja,Jarrupala, Levyjarru<\/p>\n","protected":false},"excerpt":{"rendered":"<p>JP GROUP Jarrupalat JP Group 1363602410 Jarrupalasarja,Jarrupala, Levyjarru MERCEDES-BENZ,C-CLASS W203,E-CLASS W211,C-CLASS T-Model S203<\/p>\n","protected":false},"featured_media":0,"template":"","meta":{"site-sidebar-layout":"default","site-content-layout":"default","ast-global-header-display":"","ast-main-header-display":"","ast-hfb-above-header-display":"","ast-hfb-below-header-display":"","ast-hfb-mobile-header-display":"","site-post-title":"","ast-breadcrumbs-content":"","ast-featured-img":"","footer-sml-layout":"","theme-transparent-header-meta":"","adv-header-id-meta":"","stick-header-meta":"","header-above-stick-meta":"","header-main-stick-meta":"","header-below-stick-meta":""},"pwb-brand":[131],"product_cat":[100],"product_tag":[],"class_list":{"0":"post-9072","1":"product","2":"type-product","3":"status-publish","5":"pwb-brand-jp-group","6":"product_cat-jarrupalat","7":"desktop-align-left","8":"tablet-align-left","9":"mobile-align-left","11":"first","12":"instock","13":"product-type-external"},"brands":[{"id":131,"name":"JP GROUP","slug":"jp-group"}],"_links":{"self":[{"href":"https:\/\/www.autonvaraosahaku.fi\/index.php?rest_route=\/wp\/v2\/product\/9072","targetHints":{"allow":["GET"]}}],"collection":[{"href":"https:\/\/www.autonvaraosahaku.fi\/index.php?rest_route=\/wp\/v2\/product"}],"about":[{"href":"https:\/\/www.autonvaraosahaku.fi\/index.php?rest_route=\/wp\/v2\/types\/product"}],"wp:attachment":[{"href":"https:\/\/www.autonvaraosahaku.fi\/index.php?rest_route=%2Fwp%2Fv2%2Fmedia&parent=9072"}],"wp:term":[{"taxonomy":"pwb-brand","embeddable":true,"href":"https:\/\/www.autonvaraosahaku.fi\/index.php?rest_route=%2Fwp%2Fv2%2Fpwb-brand&post=9072"},{"taxonomy":"product_cat","embeddable":true,"href":"https:\/\/www.autonvaraosahaku.fi\/index.php?rest_route=%2Fwp%2Fv2%2Fproduct_cat&post=9072"},{"taxonomy":"product_tag","embeddable":true,"href":"https:\/\/www.autonvaraosahaku.fi\/index.php?rest_route=%2Fwp%2Fv2%2Fproduct_tag&post=9072"}],"curies":[{"name":"wp","href":"https:\/\/api.w.org\/{rel}","templated":true}]}}