{"id":90722,"date":"2021-02-21T21:25:38","date_gmt":"2021-02-21T21:25:38","guid":{"rendered":"https:\/\/www.autonvaraosahaku.fi\/?product=fa1-773-703-pakoputken-asennussarja"},"modified":"2021-02-21T21:25:45","modified_gmt":"2021-02-21T21:25:45","slug":"fa1-773-703-pakoputken-asennussarja","status":"publish","type":"product","link":"https:\/\/www.autonvaraosahaku.fi\/?product=fa1-773-703-pakoputken-asennussarja","title":{"rendered":"FA1 773-703 Pakoputken asennussarja"},"content":{"rendered":"<p>Materiaali: EPDM (eteenipropeeni-dieeni-kumi); Pakoputkisto: f\u00fcr Endschalld\u00e4mpfer; VW: TARO; MAZDA: CX-5 KE, GH,CX-7 ER,MX-5 III NC,6 Kombi GJ, GH,FAMILIA V BA,6 Stufenheck GJ, GH,XEDOS 9 TA,CX-3 DK,CX-5 KF,MX-5 IV ND; CHEVROLET: MATIZ M200, M250,SPARK M200 M250; DAEWOO: MATIZ KLYA,REZZO KLAU; KIA: SPORTAGE SL,CEE&#8217;D SW ED,CEE&#8217;D Schr\u00e4gheck ED,VENGA YN,SORENTO II XM,RIO III UB,CEE&#8217;D JD,CARENS III UN,PICANTO TA,CEE`D Sportswagon JD,PRO CEE&#8217;D ED,CARENS IV,SOUL AM,PRO CEE\u00b4D JD,RIO III Stufenheck UB,SHUMA FB,SEPHIA FB,SPORTAGE QL,SORENTO III,SOUL II PS; LEXUS: RX MHU3_, GSU3_, MCU3_; HYUNDAI: ix35 LM, EL, ELH,i30 FD,i10 PA,i20 PB, PBT,TUCSON JM,i30 CW FD,i40 CW VF,SANTA F\u00c9 I SM,SANTA F\u00c9 II CM,i30 GD,ix20 JC,i30 CW GD,SANTA F\u00c9 III DM,i30 Coupe,SONATA IV EF,ACCENT II LC,COUPE RD,VELOSTER FS,i40 VF,H-1 Kasten,H-1 \/ STAREX,ACCENT I X-3,ACCENT II Stufenheck LC,LANTRA II Wagon J-2,LANTRA II J-2,ACCENT Stufenheck X-3,PONY X-2,LANTRA I J-1,TUCSON,i10 IA,H100 Bus P,i20 GB,H100 Kasten,PONY \/ EXCEL Stufenheck X-2,SONATA II Y-2,i30 PDE,IONIQ AE,i20 ACTIVE GB,i20 Coupe,PONY Stufenheck X-1; VOLVO: V40 Kombi VW,S40 I VS; DAIHATSU: TERIOS J1,GRAN MOVE G3,CHARADE IV G200, G202,CHARADE III G100, G101, G102,CHARADE IV Stufenheck G203; SUZUKI: SWIFT III MZ, EZ,JIMNY FJ,SWIFT IV FZ, NZ,SX4 EY, GY,SAMURAI SJ,GRAND VITARA I FT,WAGON R+ MM,IGNIS FH,SPLASH,IGNIS II,SWIFT II Schr\u00e4gheck EA, MA,VITARA ET, TA,ALTO HA25, HA35,VITARA Cabrio ET, TA,ALTO HA24,WAGON R+ EM,BALENO Kombi EG,BALENO EG,BALENO Schr\u00e4gheck EG,ALTO HA11,SWIFT I AA,SWIFT II Stufenheck AH, AJ,SUPER CARRY Bus ED,JIMNY Gel\u00e4ndewagen offen SN,SAMURAI Gel\u00e4ndewagen offen SJ; 71742090, J1756335020, 1755P7, 96144305, 1756515010, 1756515010000, 71742090, 2865826000, 28761H1000, 71742090, 1577A390, MB906128, MR431631, MR431634, 1755P7, J1756335020, J1756335020, 1428160G01, 1428160G10, 1428170H00, 44066AE001, 744031060, 1428160B00, 1428160B00000, 1428160G00, 1428160G00000, 1428160G10, 1428160G10000, 1428175F00, 1428175F00000, 1428178000, 1428178000000, 1428179010, 1428179010000, 1428180G00, 1428180G00000, 1428185C00, 1428185C00000, 1428278010, 1428278010000, 1750511010, 1750564011, 1750720030, 1750816080, 1750920060, 1750920070, 1756223040, 1756335020, 175650D020, 175650D060, 1756511010, 1756511030, 1756511160, 1756515020, 1756515140, 1756520050, 1756521030, 1756522030, 1756563020, 1756563060, 1756574290, 1756574470, 1756576030, J1756335020<\/p>\n","protected":false},"excerpt":{"rendered":"<p>FA1 Pidike, Pakoputkisto 773-703  VW,MAZDA,CHEVROLET,TARO,CX-5 KE, GH,CX-7 ER,MX-5 III NC,6 Kombi GJ, GH,FAMILIA V BA,6 Stufenheck GJ, GH,XEDOS 9 TA<\/p>\n","protected":false},"featured_media":0,"template":"","meta":{"site-sidebar-layout":"default","site-content-layout":"default","ast-global-header-display":"","ast-main-header-display":"","ast-hfb-above-header-display":"","ast-hfb-below-header-display":"","ast-hfb-mobile-header-display":"","site-post-title":"","ast-breadcrumbs-content":"","ast-featured-img":"","footer-sml-layout":"","theme-transparent-header-meta":"","adv-header-id-meta":"","stick-header-meta":"","header-above-stick-meta":"","header-main-stick-meta":"","header-below-stick-meta":""},"pwb-brand":[39],"product_cat":[101],"product_tag":[],"class_list":{"0":"post-90722","1":"product","2":"type-product","3":"status-publish","5":"pwb-brand-fa1","6":"product_cat-pakoputken-asennussarja","7":"desktop-align-left","8":"tablet-align-left","9":"mobile-align-left","11":"first","12":"instock","13":"product-type-external"},"brands":[{"id":39,"name":"FA1","slug":"fa1"}],"_links":{"self":[{"href":"https:\/\/www.autonvaraosahaku.fi\/index.php?rest_route=\/wp\/v2\/product\/90722","targetHints":{"allow":["GET"]}}],"collection":[{"href":"https:\/\/www.autonvaraosahaku.fi\/index.php?rest_route=\/wp\/v2\/product"}],"about":[{"href":"https:\/\/www.autonvaraosahaku.fi\/index.php?rest_route=\/wp\/v2\/types\/product"}],"wp:attachment":[{"href":"https:\/\/www.autonvaraosahaku.fi\/index.php?rest_route=%2Fwp%2Fv2%2Fmedia&parent=90722"}],"wp:term":[{"taxonomy":"pwb-brand","embeddable":true,"href":"https:\/\/www.autonvaraosahaku.fi\/index.php?rest_route=%2Fwp%2Fv2%2Fpwb-brand&post=90722"},{"taxonomy":"product_cat","embeddable":true,"href":"https:\/\/www.autonvaraosahaku.fi\/index.php?rest_route=%2Fwp%2Fv2%2Fproduct_cat&post=90722"},{"taxonomy":"product_tag","embeddable":true,"href":"https:\/\/www.autonvaraosahaku.fi\/index.php?rest_route=%2Fwp%2Fv2%2Fproduct_tag&post=90722"}],"curies":[{"name":"wp","href":"https:\/\/api.w.org\/{rel}","templated":true}]}}