{"id":90757,"date":"2021-02-21T21:26:05","date_gmt":"2021-02-21T21:26:05","guid":{"rendered":"https:\/\/www.autonvaraosahaku.fi\/?product=topran-208-317-imusarjan-tiivisteet"},"modified":"2021-02-21T21:26:09","modified_gmt":"2021-02-21T21:26:09","slug":"topran-208-317-imusarjan-tiivisteet","status":"publish","type":"product","link":"https:\/\/www.autonvaraosahaku.fi\/?product=topran-208-317-imusarjan-tiivisteet","title":{"rendered":"TOPRAN 208 317 Imusarjan tiivisteet"},"content":{"rendered":"<p>Materiaali: FPM (fluori-kumi); Tarvittava kappalem\u00e4\u00e4r\u00e4: 4; Moottorinumero: 1.3 D Multijet; OPEL: CORSA D,ASTRA H Caravan L35,ASTRA H L48,ASTRA H GTC L08,CORSA D Van,ASTRA H Stufenheck L69,COMBO Kasten\/Kombi X12,ASTRA H Kasten L70,COMBO Tour X12; FORD: KA RU8; FIAT: GRANDE PUNTO 199,PANDA 169,500 312,PUNTO EVO 199,DOBLO Cargo 223,500 C 312,DOBLO 119,DOBLO Kasten\/Kombi 263,PUNTO 199,IDEA,PANDA 312,STRADA Pick-up 178E,QUBO 225,500L,FIORINO Kasten\/Kombi 225,LINEA 323,DOBLO Pritsche\/Fahrgestell 263,500X; CITRO\u00cbN: NEMO Kasten AA_,NEMO Kombi; ALFA ROMEO: MITO 955; LANCIA: YPSILON 843,MUSA 350,YPSILON 312, 846; VAUXHALL: CORSA Mk III D L_8,ASTRA Mk V H CC,ASTRA Mk V H Estate,CORSAVAN Mk III D,ASTRAVAN Mk V H,COMBO Mk III D Kasten\/Kombi; 71749369, 0348W3, 71749369, 1723829, BS519439AA, 71749369, 0850831, 0850933, 850831, 850933, 0348W3, 12855498, 93195414; Tiiviste, Imusarja<\/p>\n","protected":false},"excerpt":{"rendered":"<p>TOPRAN Imusarjan Tiivisteet 208 317 Tiiviste, Imusarja OPEL,FORD,FIAT,CORSA D,ASTRA H Caravan L35,ASTRA H L48,ASTRA H GTC L08,CORSA D Van<\/p>\n","protected":false},"featured_media":0,"template":"","meta":{"site-sidebar-layout":"default","site-content-layout":"default","ast-global-header-display":"","ast-main-header-display":"","ast-hfb-above-header-display":"","ast-hfb-below-header-display":"","ast-hfb-mobile-header-display":"","site-post-title":"","ast-breadcrumbs-content":"","ast-featured-img":"","footer-sml-layout":"","theme-transparent-header-meta":"","adv-header-id-meta":"","stick-header-meta":"","header-above-stick-meta":"","header-main-stick-meta":"","header-below-stick-meta":""},"pwb-brand":[18],"product_cat":[43],"product_tag":[],"class_list":{"0":"post-90757","1":"product","2":"type-product","3":"status-publish","5":"pwb-brand-topran","6":"product_cat-imusarjan-tiivisteet","7":"desktop-align-left","8":"tablet-align-left","9":"mobile-align-left","11":"first","12":"instock","13":"product-type-external"},"brands":[{"id":18,"name":"TOPRAN","slug":"topran"}],"_links":{"self":[{"href":"https:\/\/www.autonvaraosahaku.fi\/index.php?rest_route=\/wp\/v2\/product\/90757","targetHints":{"allow":["GET"]}}],"collection":[{"href":"https:\/\/www.autonvaraosahaku.fi\/index.php?rest_route=\/wp\/v2\/product"}],"about":[{"href":"https:\/\/www.autonvaraosahaku.fi\/index.php?rest_route=\/wp\/v2\/types\/product"}],"wp:attachment":[{"href":"https:\/\/www.autonvaraosahaku.fi\/index.php?rest_route=%2Fwp%2Fv2%2Fmedia&parent=90757"}],"wp:term":[{"taxonomy":"pwb-brand","embeddable":true,"href":"https:\/\/www.autonvaraosahaku.fi\/index.php?rest_route=%2Fwp%2Fv2%2Fpwb-brand&post=90757"},{"taxonomy":"product_cat","embeddable":true,"href":"https:\/\/www.autonvaraosahaku.fi\/index.php?rest_route=%2Fwp%2Fv2%2Fproduct_cat&post=90757"},{"taxonomy":"product_tag","embeddable":true,"href":"https:\/\/www.autonvaraosahaku.fi\/index.php?rest_route=%2Fwp%2Fv2%2Fproduct_tag&post=90757"}],"curies":[{"name":"wp","href":"https:\/\/api.w.org\/{rel}","templated":true}]}}