{"id":90762,"date":"2021-02-21T21:26:05","date_gmt":"2021-02-21T21:26:05","guid":{"rendered":"https:\/\/www.autonvaraosahaku.fi\/?product=valeo-301759-jarrupalat"},"modified":"2021-02-21T21:26:12","modified_gmt":"2021-02-21T21:26:12","slug":"valeo-301759-jarrupalat","status":"publish","type":"product","link":"https:\/\/www.autonvaraosahaku.fi\/?product=valeo-301759-jarrupalat","title":{"rendered":"VALEO 301759 Jarrupalat"},"content":{"rendered":"<p>Asennuspuoli: Etuakseli; Jarruj\u00e4rjestelm\u00e4: MANDO; Leveys 1 (mm): 149,2; Korkeus 1 (mm): 58,3; Paksuus 1 [mm]: 16,5; WVA-numero: 23569; Kulumisenilmaisimen liitos: Sis. kulumisenilmaisimen, akustisella kulumavaroittimella; Kulumisvaroittimia [pro Achse]: 2; Paino [kg]: 2,06; M\u00e4\u00e4r\u00e4yksikk\u00f6: Akselisarja; lis\u00e4tieto: FIRST; Valmistusvuoteen: 06\/2007; SSANGYONG: REXTON GAB_,KYRON,REXTON W,ACTYON SPORTS I QJ,ACTYON I,ACTYON SPORTS II,RODIUS II; HYUNDAI: SANTA F\u00c9 I SM,H-1 Travel TQ,TRAJET FO,H-1 Kasten,H-1 Cargo TQ,H-1 \/ STAREX,HIGHWAY VAN,H-1 Pritsche\/Fahrgestell; 5810126A00, 5810126A10, 5810126A20, 5810126A30, 581013AA20, 5810147A00, 581014AA26, 4813008260, 4813008BA0, 48130091A0; Jarrupalasarja,Jarrupala, Levyjarru<\/p>\n","protected":false},"excerpt":{"rendered":"<p>VALEO Jarrupalat 301759 Jarrupalasarja,Jarrupala, Levyjarru SSANGYONG,HYUNDAI,REXTON GAB_,KYRON,REXTON W,ACTYON SPORTS I QJ,ACTYON I,ACTYON SPORTS II<\/p>\n","protected":false},"featured_media":0,"template":"","meta":{"site-sidebar-layout":"default","site-content-layout":"default","ast-global-header-display":"","ast-main-header-display":"","ast-hfb-above-header-display":"","ast-hfb-below-header-display":"","ast-hfb-mobile-header-display":"","site-post-title":"","ast-breadcrumbs-content":"","ast-featured-img":"","footer-sml-layout":"","theme-transparent-header-meta":"","adv-header-id-meta":"","stick-header-meta":"","header-above-stick-meta":"","header-main-stick-meta":"","header-below-stick-meta":""},"pwb-brand":[28],"product_cat":[100],"product_tag":[],"class_list":{"0":"post-90762","1":"product","2":"type-product","3":"status-publish","5":"pwb-brand-valeo","6":"product_cat-jarrupalat","7":"desktop-align-left","8":"tablet-align-left","9":"mobile-align-left","11":"first","12":"instock","13":"product-type-external"},"brands":[{"id":28,"name":"VALEO","slug":"valeo"}],"_links":{"self":[{"href":"https:\/\/www.autonvaraosahaku.fi\/index.php?rest_route=\/wp\/v2\/product\/90762","targetHints":{"allow":["GET"]}}],"collection":[{"href":"https:\/\/www.autonvaraosahaku.fi\/index.php?rest_route=\/wp\/v2\/product"}],"about":[{"href":"https:\/\/www.autonvaraosahaku.fi\/index.php?rest_route=\/wp\/v2\/types\/product"}],"wp:attachment":[{"href":"https:\/\/www.autonvaraosahaku.fi\/index.php?rest_route=%2Fwp%2Fv2%2Fmedia&parent=90762"}],"wp:term":[{"taxonomy":"pwb-brand","embeddable":true,"href":"https:\/\/www.autonvaraosahaku.fi\/index.php?rest_route=%2Fwp%2Fv2%2Fpwb-brand&post=90762"},{"taxonomy":"product_cat","embeddable":true,"href":"https:\/\/www.autonvaraosahaku.fi\/index.php?rest_route=%2Fwp%2Fv2%2Fproduct_cat&post=90762"},{"taxonomy":"product_tag","embeddable":true,"href":"https:\/\/www.autonvaraosahaku.fi\/index.php?rest_route=%2Fwp%2Fv2%2Fproduct_tag&post=90762"}],"curies":[{"name":"wp","href":"https:\/\/api.w.org\/{rel}","templated":true}]}}