{"id":90763,"date":"2021-02-21T21:26:05","date_gmt":"2021-02-21T21:26:05","guid":{"rendered":"https:\/\/www.autonvaraosahaku.fi\/?product=valeo-301298-jarrupalat"},"modified":"2021-02-21T21:26:13","modified_gmt":"2021-02-21T21:26:13","slug":"valeo-301298-jarrupalat","status":"publish","type":"product","link":"https:\/\/www.autonvaraosahaku.fi\/?product=valeo-301298-jarrupalat","title":{"rendered":"VALEO 301298 Jarrupalat"},"content":{"rendered":"<p>Asennuspuoli: Etuakseli; Jarruj\u00e4rjestelm\u00e4: TEVES; Leveys 1 (mm): 149,6; Korkeus 1 (mm): 52,4; Paksuus 1 [mm]: 17,3; Leveys 2 (mm): 149,6; Korkeus 2 (mm): 52,4; Paksuus 2 [mm]: 17; WVA-numero: 25323, 25430; Kulumisenilmaisimen liitos: Sis. kulumisenilmaisimen, kulumisvaroitinkoskettimella; Kulumisvaroittimia [pro Achse]: 2; Kaapelinmitta (mm): 205; Paino [kg]: 1,56; M\u00e4\u00e4r\u00e4yksikk\u00f6: Akselisarja; lis\u00e4tieto: FIRST; Valmistusvuosi alkaen: 09\/2010; FIAT: GRANDE PUNTO 199,500 312,PUNTO EVO 199,500 C 312,PUNTO 199,PUNTO Van 199,PUNTO EVO Van 199_; 77365729, 77366270, 77366537, 77366538; Jarrupalasarja,Jarrupala, Levyjarru<\/p>\n","protected":false},"excerpt":{"rendered":"<p>VALEO Jarrupalat 301298 Jarrupalasarja,Jarrupala, Levyjarru FIAT,GRANDE PUNTO 199,500 312,PUNTO EVO 199,500 C 312,PUNTO 199,PUNTO Van 199<\/p>\n","protected":false},"featured_media":0,"template":"","meta":{"site-sidebar-layout":"default","site-content-layout":"default","ast-global-header-display":"","ast-main-header-display":"","ast-hfb-above-header-display":"","ast-hfb-below-header-display":"","ast-hfb-mobile-header-display":"","site-post-title":"","ast-breadcrumbs-content":"","ast-featured-img":"","footer-sml-layout":"","theme-transparent-header-meta":"","adv-header-id-meta":"","stick-header-meta":"","header-above-stick-meta":"","header-main-stick-meta":"","header-below-stick-meta":""},"pwb-brand":[28],"product_cat":[100],"product_tag":[],"class_list":{"0":"post-90763","1":"product","2":"type-product","3":"status-publish","5":"pwb-brand-valeo","6":"product_cat-jarrupalat","7":"desktop-align-left","8":"tablet-align-left","9":"mobile-align-left","11":"first","12":"instock","13":"product-type-external"},"brands":[{"id":28,"name":"VALEO","slug":"valeo"}],"_links":{"self":[{"href":"https:\/\/www.autonvaraosahaku.fi\/index.php?rest_route=\/wp\/v2\/product\/90763","targetHints":{"allow":["GET"]}}],"collection":[{"href":"https:\/\/www.autonvaraosahaku.fi\/index.php?rest_route=\/wp\/v2\/product"}],"about":[{"href":"https:\/\/www.autonvaraosahaku.fi\/index.php?rest_route=\/wp\/v2\/types\/product"}],"wp:attachment":[{"href":"https:\/\/www.autonvaraosahaku.fi\/index.php?rest_route=%2Fwp%2Fv2%2Fmedia&parent=90763"}],"wp:term":[{"taxonomy":"pwb-brand","embeddable":true,"href":"https:\/\/www.autonvaraosahaku.fi\/index.php?rest_route=%2Fwp%2Fv2%2Fpwb-brand&post=90763"},{"taxonomy":"product_cat","embeddable":true,"href":"https:\/\/www.autonvaraosahaku.fi\/index.php?rest_route=%2Fwp%2Fv2%2Fproduct_cat&post=90763"},{"taxonomy":"product_tag","embeddable":true,"href":"https:\/\/www.autonvaraosahaku.fi\/index.php?rest_route=%2Fwp%2Fv2%2Fproduct_tag&post=90763"}],"curies":[{"name":"wp","href":"https:\/\/api.w.org\/{rel}","templated":true}]}}