{"id":90789,"date":"2021-02-21T21:26:18","date_gmt":"2021-02-21T21:26:18","guid":{"rendered":"https:\/\/www.autonvaraosahaku.fi\/?product=van-wezel-5829964-ajovaloumpio"},"modified":"2021-02-21T21:26:30","modified_gmt":"2021-02-21T21:26:30","slug":"van-wezel-5829964-ajovaloumpio","status":"publish","type":"product","link":"https:\/\/www.autonvaraosahaku.fi\/?product=van-wezel-5829964-ajovaloumpio","title":{"rendered":"VAN WEZEL 5829964 Ajovaloumpio"},"content":{"rendered":"<p>Asennuspuoli: Oikea; Lamppumalli: H4; Lasin v\u00e4ri, vilkkulyhty: Lasinkirkas; Varusteet: Valonsuuntaimella varustetuile (s\u00e4hk\u00f6); Korvaava tuote\/korvaava tiedote 2: ilman valokorkeuss\u00e4\u00e4timen moottoria; Varustelumahdollisuudet: Trend Line; Ei varustelumuunnoksille: GTi; Vasen \/ oikea liikenne: Oikeanpuoleiselle liikenteelle; parilliset tuotenumerot: 5829963; Vuosimalliin: 2014; VW: POLO 6R, 6C,POLO Van 6R; 6R1941016C, 6R1941016E; Ajovalot,Etuvalot,Ajovalo<\/p>\n","protected":false},"excerpt":{"rendered":"<p>VAN WEZEL Ajovaloumpio 5829964 Ajovalot,Etuvalot VW,POLO 6R, 6C,POLO Van 6R<\/p>\n","protected":false},"featured_media":0,"template":"","meta":{"site-sidebar-layout":"default","site-content-layout":"default","ast-global-header-display":"","ast-main-header-display":"","ast-hfb-above-header-display":"","ast-hfb-below-header-display":"","ast-hfb-mobile-header-display":"","site-post-title":"","ast-breadcrumbs-content":"","ast-featured-img":"","footer-sml-layout":"","theme-transparent-header-meta":"","adv-header-id-meta":"","stick-header-meta":"","header-above-stick-meta":"","header-main-stick-meta":"","header-below-stick-meta":""},"pwb-brand":[54],"product_cat":[185],"product_tag":[],"class_list":{"0":"post-90789","1":"product","2":"type-product","3":"status-publish","5":"pwb-brand-van-wezel","6":"product_cat-ajovaloumpio","7":"desktop-align-left","8":"tablet-align-left","9":"mobile-align-left","11":"first","12":"instock","13":"product-type-external"},"brands":[{"id":54,"name":"VAN WEZEL","slug":"van-wezel"}],"_links":{"self":[{"href":"https:\/\/www.autonvaraosahaku.fi\/index.php?rest_route=\/wp\/v2\/product\/90789","targetHints":{"allow":["GET"]}}],"collection":[{"href":"https:\/\/www.autonvaraosahaku.fi\/index.php?rest_route=\/wp\/v2\/product"}],"about":[{"href":"https:\/\/www.autonvaraosahaku.fi\/index.php?rest_route=\/wp\/v2\/types\/product"}],"wp:attachment":[{"href":"https:\/\/www.autonvaraosahaku.fi\/index.php?rest_route=%2Fwp%2Fv2%2Fmedia&parent=90789"}],"wp:term":[{"taxonomy":"pwb-brand","embeddable":true,"href":"https:\/\/www.autonvaraosahaku.fi\/index.php?rest_route=%2Fwp%2Fv2%2Fpwb-brand&post=90789"},{"taxonomy":"product_cat","embeddable":true,"href":"https:\/\/www.autonvaraosahaku.fi\/index.php?rest_route=%2Fwp%2Fv2%2Fproduct_cat&post=90789"},{"taxonomy":"product_tag","embeddable":true,"href":"https:\/\/www.autonvaraosahaku.fi\/index.php?rest_route=%2Fwp%2Fv2%2Fproduct_tag&post=90789"}],"curies":[{"name":"wp","href":"https:\/\/api.w.org\/{rel}","templated":true}]}}