{"id":90792,"date":"2021-02-21T21:26:31","date_gmt":"2021-02-21T21:26:31","guid":{"rendered":"https:\/\/www.autonvaraosahaku.fi\/?product=vaico-v25-0156-pyoranlaakerit"},"modified":"2021-02-21T21:26:33","modified_gmt":"2021-02-21T21:26:33","slug":"vaico-v25-0156-pyoranlaakerit","status":"publish","type":"product","link":"https:\/\/www.autonvaraosahaku.fi\/?product=vaico-v25-0156-pyoranlaakerit","title":{"rendered":"VAICO V25-0156 Py\u00f6r\u00e4nlaakerit"},"content":{"rendered":"<p>Ulkol\u00e4pimitta [mm]: 75; Sis\u00e4l\u00e4pimitta [mm]: 40; Leveys (mm): 37; Asennuspuoli: Etuakseli; Paino [kg]: 0,776; Pakkausleveys [cm]: 8; Pakkauskorkeus [mm]: 8; Pakkaussyvyys [cm]: 8; lis\u00e4tieto: CST98; FORD: MONDEO III Kombi BWY,MONDEO III B5Y,MONDEO III Stufenheck B4Y,MONDEO II Kombi BNP,COUGAR EC_,MONDEO II BAP,MONDEO II Stufenheck BFP,MONDEO I Kombi BNP,MONDEO I GBP,MONDEO I Stufenheck GBP; 1133023, 5027620, 6798055; Py\u00f6r\u00e4nlaakerisarja<\/p>\n","protected":false},"excerpt":{"rendered":"<p>VAICO Py\u00f6r\u00e4nlaakerit V25-0156 Py\u00f6r\u00e4nlaakerisarja FORD,MONDEO III Kombi BWY,MONDEO III B5Y,MONDEO III Stufenheck B4Y,MONDEO II Kombi BNP,COUGAR EC_<\/p>\n","protected":false},"featured_media":0,"template":"","meta":{"site-sidebar-layout":"default","site-content-layout":"default","ast-global-header-display":"","ast-main-header-display":"","ast-hfb-above-header-display":"","ast-hfb-below-header-display":"","ast-hfb-mobile-header-display":"","site-post-title":"","ast-breadcrumbs-content":"","ast-featured-img":"","footer-sml-layout":"","theme-transparent-header-meta":"","adv-header-id-meta":"","stick-header-meta":"","header-above-stick-meta":"","header-main-stick-meta":"","header-below-stick-meta":""},"pwb-brand":[330],"product_cat":[83],"product_tag":[],"class_list":{"0":"post-90792","1":"product","2":"type-product","3":"status-publish","5":"pwb-brand-vaico","6":"product_cat-pyoranlaakerit","7":"desktop-align-left","8":"tablet-align-left","9":"mobile-align-left","11":"first","12":"instock","13":"product-type-external"},"brands":[{"id":330,"name":"VAICO","slug":"vaico"}],"_links":{"self":[{"href":"https:\/\/www.autonvaraosahaku.fi\/index.php?rest_route=\/wp\/v2\/product\/90792","targetHints":{"allow":["GET"]}}],"collection":[{"href":"https:\/\/www.autonvaraosahaku.fi\/index.php?rest_route=\/wp\/v2\/product"}],"about":[{"href":"https:\/\/www.autonvaraosahaku.fi\/index.php?rest_route=\/wp\/v2\/types\/product"}],"wp:attachment":[{"href":"https:\/\/www.autonvaraosahaku.fi\/index.php?rest_route=%2Fwp%2Fv2%2Fmedia&parent=90792"}],"wp:term":[{"taxonomy":"pwb-brand","embeddable":true,"href":"https:\/\/www.autonvaraosahaku.fi\/index.php?rest_route=%2Fwp%2Fv2%2Fpwb-brand&post=90792"},{"taxonomy":"product_cat","embeddable":true,"href":"https:\/\/www.autonvaraosahaku.fi\/index.php?rest_route=%2Fwp%2Fv2%2Fproduct_cat&post=90792"},{"taxonomy":"product_tag","embeddable":true,"href":"https:\/\/www.autonvaraosahaku.fi\/index.php?rest_route=%2Fwp%2Fv2%2Fproduct_tag&post=90792"}],"curies":[{"name":"wp","href":"https:\/\/api.w.org\/{rel}","templated":true}]}}