{"id":90801,"date":"2021-02-21T21:26:31","date_gmt":"2021-02-21T21:26:31","guid":{"rendered":"https:\/\/www.autonvaraosahaku.fi\/?product=lpr-3314-kytkimen-tyosylinteri"},"modified":"2021-02-21T21:26:39","modified_gmt":"2021-02-21T21:26:39","slug":"lpr-3314-kytkimen-tyosylinteri","status":"publish","type":"product","link":"https:\/\/www.autonvaraosahaku.fi\/?product=lpr-3314-kytkimen-tyosylinteri","title":{"rendered":"LPR 3314 Kytkimen ty\u00f6sylinteri"},"content":{"rendered":"<p>Materiaali: Valurauta; Kiinnityrreikien et\u00e4isyys [mm]: 62,2; Kierremitta: 12 x 1; Jarruj\u00e4rjestelm\u00e4: Bendix, Bendix; Reik\u00e4-\u00d8 [mm]: 25,4; Valmistusvuoteen: 07\/1981; TALBOT: MURENA,HORIZON,SIMCA 1100 Schr\u00e4gheck,RANCHO,1307-1510,SOLARA; 0013855900, 0013855951, 0013855992, 48350U, 4835OU, 55947700, 55947714; Ty\u00f6sylinteri, Kytkin<\/p>\n","protected":false},"excerpt":{"rendered":"<p>LPR Kytkimen Ty\u00f6sylinteri 3314 Ty\u00f6sylinteri, Kytkin TALBOT,MURENA,HORIZON,SIMCA 1100 Schr\u00e4gheck,RANCHO,1307-1510,SOLARA<\/p>\n","protected":false},"featured_media":0,"template":"","meta":{"site-sidebar-layout":"default","site-content-layout":"default","ast-global-header-display":"","ast-main-header-display":"","ast-hfb-above-header-display":"","ast-hfb-below-header-display":"","ast-hfb-mobile-header-display":"","site-post-title":"","ast-breadcrumbs-content":"","ast-featured-img":"","footer-sml-layout":"","theme-transparent-header-meta":"","adv-header-id-meta":"","stick-header-meta":"","header-above-stick-meta":"","header-main-stick-meta":"","header-below-stick-meta":""},"pwb-brand":[238],"product_cat":[310],"product_tag":[],"class_list":{"0":"post-90801","1":"product","2":"type-product","3":"status-publish","5":"pwb-brand-lpr","6":"product_cat-kytkimen-tyosylinteri","7":"desktop-align-left","8":"tablet-align-left","9":"mobile-align-left","11":"first","12":"instock","13":"product-type-external"},"brands":[{"id":238,"name":"LPR","slug":"lpr"}],"_links":{"self":[{"href":"https:\/\/www.autonvaraosahaku.fi\/index.php?rest_route=\/wp\/v2\/product\/90801","targetHints":{"allow":["GET"]}}],"collection":[{"href":"https:\/\/www.autonvaraosahaku.fi\/index.php?rest_route=\/wp\/v2\/product"}],"about":[{"href":"https:\/\/www.autonvaraosahaku.fi\/index.php?rest_route=\/wp\/v2\/types\/product"}],"wp:attachment":[{"href":"https:\/\/www.autonvaraosahaku.fi\/index.php?rest_route=%2Fwp%2Fv2%2Fmedia&parent=90801"}],"wp:term":[{"taxonomy":"pwb-brand","embeddable":true,"href":"https:\/\/www.autonvaraosahaku.fi\/index.php?rest_route=%2Fwp%2Fv2%2Fpwb-brand&post=90801"},{"taxonomy":"product_cat","embeddable":true,"href":"https:\/\/www.autonvaraosahaku.fi\/index.php?rest_route=%2Fwp%2Fv2%2Fproduct_cat&post=90801"},{"taxonomy":"product_tag","embeddable":true,"href":"https:\/\/www.autonvaraosahaku.fi\/index.php?rest_route=%2Fwp%2Fv2%2Fproduct_tag&post=90801"}],"curies":[{"name":"wp","href":"https:\/\/api.w.org\/{rel}","templated":true}]}}