{"id":90814,"date":"2021-02-21T21:26:45","date_gmt":"2021-02-21T21:26:45","guid":{"rendered":"https:\/\/www.autonvaraosahaku.fi\/?product=topran-111-691-jarrusatula-korjaussarja"},"modified":"2021-02-21T21:26:48","modified_gmt":"2021-02-21T21:26:48","slug":"topran-111-691-jarrusatula-korjaussarja","status":"publish","type":"product","link":"https:\/\/www.autonvaraosahaku.fi\/?product=topran-111-691-jarrusatula-korjaussarja","title":{"rendered":"TOPRAN 111 691 Jarrusatula korjaussarja"},"content":{"rendered":"<p>Lis\u00e4tarvike\/lis\u00e4tieto: Kuulahylsyll\u00e4; Asennuspuoli: Etuakseli; Jarruj\u00e4rjestelm\u00e4: ATE \/ TEVES; Lukum\u00e4\u00e4r\u00e4 akselille: 2; Valmistusvuosi alkaen: 10\/1993; VW: GOLF IV 1J1,GOLF III 1H1,GOLF IV Variant 1J5,PASSAT Variant 3A5, 35I,BORA 1J2,NEW BEETLE 9C1, 1C1,BORA Kombi 1J6,NEW BEETLE Cabriolet 1Y7,PASSAT 3A2, 35I,VENTO 1H2; AUDI: A3 8L1; SKODA: OCTAVIA Combi 1U5,OCTAVIA 1U2; SEAT: LEON 1M1,TOLEDO II 1M2; 1J0698123CS, 1J0698123S, 3A0698123S, 1J0698123CS, 1J0698123S, 3A0698123S, 1J0698123CS, 1J0698123S, 3A0698123S, 1J0698123CS, 1J0698123S, 3A0698123S; Korjaussarja, Jarrusatula<\/p>\n","protected":false},"excerpt":{"rendered":"<p>TOPRAN Jarrusatula Korjaussarja 111 691 Korjaussarja, Jarrusatula VW,AUDI,SKODA,GOLF IV 1J1,GOLF III 1H1,GOLF IV Variant 1J5,PASSAT Variant 3A5, 35I<\/p>\n","protected":false},"featured_media":0,"template":"","meta":{"site-sidebar-layout":"default","site-content-layout":"default","ast-global-header-display":"","ast-main-header-display":"","ast-hfb-above-header-display":"","ast-hfb-below-header-display":"","ast-hfb-mobile-header-display":"","site-post-title":"","ast-breadcrumbs-content":"","ast-featured-img":"","footer-sml-layout":"","theme-transparent-header-meta":"","adv-header-id-meta":"","stick-header-meta":"","header-above-stick-meta":"","header-main-stick-meta":"","header-below-stick-meta":""},"pwb-brand":[18],"product_cat":[57],"product_tag":[],"class_list":{"0":"post-90814","1":"product","2":"type-product","3":"status-publish","5":"pwb-brand-topran","6":"product_cat-jarrusatula-korjaussarja","7":"desktop-align-left","8":"tablet-align-left","9":"mobile-align-left","11":"first","12":"instock","13":"product-type-external"},"brands":[{"id":18,"name":"TOPRAN","slug":"topran"}],"_links":{"self":[{"href":"https:\/\/www.autonvaraosahaku.fi\/index.php?rest_route=\/wp\/v2\/product\/90814","targetHints":{"allow":["GET"]}}],"collection":[{"href":"https:\/\/www.autonvaraosahaku.fi\/index.php?rest_route=\/wp\/v2\/product"}],"about":[{"href":"https:\/\/www.autonvaraosahaku.fi\/index.php?rest_route=\/wp\/v2\/types\/product"}],"wp:attachment":[{"href":"https:\/\/www.autonvaraosahaku.fi\/index.php?rest_route=%2Fwp%2Fv2%2Fmedia&parent=90814"}],"wp:term":[{"taxonomy":"pwb-brand","embeddable":true,"href":"https:\/\/www.autonvaraosahaku.fi\/index.php?rest_route=%2Fwp%2Fv2%2Fpwb-brand&post=90814"},{"taxonomy":"product_cat","embeddable":true,"href":"https:\/\/www.autonvaraosahaku.fi\/index.php?rest_route=%2Fwp%2Fv2%2Fproduct_cat&post=90814"},{"taxonomy":"product_tag","embeddable":true,"href":"https:\/\/www.autonvaraosahaku.fi\/index.php?rest_route=%2Fwp%2Fv2%2Fproduct_tag&post=90814"}],"curies":[{"name":"wp","href":"https:\/\/api.w.org\/{rel}","templated":true}]}}