{"id":90823,"date":"2021-02-21T21:26:45","date_gmt":"2021-02-21T21:26:45","guid":{"rendered":"https:\/\/www.autonvaraosahaku.fi\/?product=meyle-015-523-2100-jarrulevyt"},"modified":"2021-02-21T21:26:53","modified_gmt":"2021-02-21T21:26:53","slug":"meyle-015-523-2100-jarrulevyt","status":"publish","type":"product","link":"https:\/\/www.autonvaraosahaku.fi\/?product=meyle-015-523-2100-jarrulevyt","title":{"rendered":"MEYLE 015 523 2100 Jarrulevyt"},"content":{"rendered":"<p>Asennuspuoli: Taka-akseli; Ulkol\u00e4pimitta [mm]: 298; Korkeus (mm): 71; Jarrulevyn paksuus (mm): 16; V\u00e4himm\u00e4ispaksuus (mm): 14; keskitt\u00e4misl\u00e4pimitta [mm]: 85; Reik\u00e4ympyr\u00e4-\u00d8 [mm]: 130; Py\u00f6r\u00e4npulttireik\u00e4-\u00d8 [mm]: 15; Reikien m\u00e4\u00e4r\u00e4: 6; Jarrulevytyyppi: Vakiomalli; Tarvittava kappalem\u00e4\u00e4r\u00e4: 2; lis\u00e4tieto: ORIGINAL Quality; Rakennemalli: Crafter 30; VW: CRAFTER 30-50 Kasten 2E_,CRAFTER 30-35 Bus 2E_,CRAFTER 30-50 Pritsche\/Fahrgestell 2F_; MERCEDES-BENZ: SPRINTER 3,5-t Kasten 906,SPRINTER 3,5-t Bus 906,SPRINTER 3-t Kasten 906,SPRINTER 3,5-t Pritsche\/Fahrgestell 906,SPRINTER 3-t Bus 906,SPRINTER 5-t Kasten 906,SPRINTER 5-t Pritsche\/Fahrgestell 906,SPRINTER 3-t Pritsche\/Fahrgestell 906,SPRINTER 4,6-t Pritsche\/Fahrgestell 906,SPRINTER 4,6-t Kasten 906; 9064230012, 9104230000, 9104230100, 2E0615601A; Jarrulevy<\/p>\n","protected":false},"excerpt":{"rendered":"<p>MEYLE Jarrulevyt 015 523 2100 Jarrulevy VW,MERCEDES-BENZ,CRAFTER 30-50 Kasten 2E_,CRAFTER 30-35 Bus 2E_,CRAFTER 30-50 Pritsche\/Fahrgestell 2F_<\/p>\n","protected":false},"featured_media":0,"template":"","meta":{"site-sidebar-layout":"default","site-content-layout":"default","ast-global-header-display":"","ast-main-header-display":"","ast-hfb-above-header-display":"","ast-hfb-below-header-display":"","ast-hfb-mobile-header-display":"","site-post-title":"","ast-breadcrumbs-content":"","ast-featured-img":"","footer-sml-layout":"","theme-transparent-header-meta":"","adv-header-id-meta":"","stick-header-meta":"","header-above-stick-meta":"","header-main-stick-meta":"","header-below-stick-meta":""},"pwb-brand":[84],"product_cat":[66],"product_tag":[],"class_list":{"0":"post-90823","1":"product","2":"type-product","3":"status-publish","5":"pwb-brand-meyle","6":"product_cat-jarrulevyt","7":"desktop-align-left","8":"tablet-align-left","9":"mobile-align-left","11":"first","12":"instock","13":"product-type-external"},"brands":[{"id":84,"name":"MEYLE","slug":"meyle"}],"_links":{"self":[{"href":"https:\/\/www.autonvaraosahaku.fi\/index.php?rest_route=\/wp\/v2\/product\/90823","targetHints":{"allow":["GET"]}}],"collection":[{"href":"https:\/\/www.autonvaraosahaku.fi\/index.php?rest_route=\/wp\/v2\/product"}],"about":[{"href":"https:\/\/www.autonvaraosahaku.fi\/index.php?rest_route=\/wp\/v2\/types\/product"}],"wp:attachment":[{"href":"https:\/\/www.autonvaraosahaku.fi\/index.php?rest_route=%2Fwp%2Fv2%2Fmedia&parent=90823"}],"wp:term":[{"taxonomy":"pwb-brand","embeddable":true,"href":"https:\/\/www.autonvaraosahaku.fi\/index.php?rest_route=%2Fwp%2Fv2%2Fpwb-brand&post=90823"},{"taxonomy":"product_cat","embeddable":true,"href":"https:\/\/www.autonvaraosahaku.fi\/index.php?rest_route=%2Fwp%2Fv2%2Fproduct_cat&post=90823"},{"taxonomy":"product_tag","embeddable":true,"href":"https:\/\/www.autonvaraosahaku.fi\/index.php?rest_route=%2Fwp%2Fv2%2Fproduct_tag&post=90823"}],"curies":[{"name":"wp","href":"https:\/\/api.w.org\/{rel}","templated":true}]}}