{"id":90828,"date":"2021-02-21T21:26:45","date_gmt":"2021-02-21T21:26:45","guid":{"rendered":"https:\/\/www.autonvaraosahaku.fi\/?product=a-b-s-41983x-jarrupaasylinteri"},"modified":"2021-02-21T21:26:56","modified_gmt":"2021-02-21T21:26:56","slug":"a-b-s-41983x-jarrupaasylinteri","status":"publish","type":"product","link":"https:\/\/www.autonvaraosahaku.fi\/?product=a-b-s-41983x-jarrupaasylinteri","title":{"rendered":"A.B.S. 41983X Jarrup\u00e4\u00e4sylinteri"},"content":{"rendered":"<p>Asennuspuoli: Edess\u00e4; L\u00e4pimitta 1\/l\u00e4pimitta 2 [mm]: 22,2\/15,9; Jarruj\u00e4rjestelm\u00e4: ATE; Pituus 2 (mm): 212,3; Liittimi\u00e4: 2; Pituus 1 (mm): 16; Kierre 1: 2x M10x1.0; Materiaali: Valurauta; Kiinnitysreikien lukum\u00e4\u00e4r\u00e4: 2; Paino [kg]: 1,6; Vasen \/ oikea liikenne: Ohjaus vasemmalla, f\u00fcr Linkslenker; VOLVO: 240 Kombi P245,240 P242, P244,260 P262, P264,260 Coupe P262,260 Kombi P265; 1205894, 12058947, 1330800, 13308002, 8111006<\/p>\n","protected":false},"excerpt":{"rendered":"<p>A.B.S. Jarrup\u00e4\u00e4sylinteri 41983X  VOLVO,240 Kombi P245,240 P242, P244,260 P262, P264,260 Coupe P262,260 Kombi P265<\/p>\n","protected":false},"featured_media":0,"template":"","meta":{"site-sidebar-layout":"default","site-content-layout":"default","ast-global-header-display":"","ast-main-header-display":"","ast-hfb-above-header-display":"","ast-hfb-below-header-display":"","ast-hfb-mobile-header-display":"","site-post-title":"","ast-breadcrumbs-content":"","ast-featured-img":"","footer-sml-layout":"","theme-transparent-header-meta":"","adv-header-id-meta":"","stick-header-meta":"","header-above-stick-meta":"","header-main-stick-meta":"","header-below-stick-meta":""},"pwb-brand":[326],"product_cat":[276],"product_tag":[],"class_list":{"0":"post-90828","1":"product","2":"type-product","3":"status-publish","5":"pwb-brand-a-b-s","6":"product_cat-jarrupaasylinteri","7":"desktop-align-left","8":"tablet-align-left","9":"mobile-align-left","11":"first","12":"instock","13":"product-type-external"},"brands":[{"id":326,"name":"A.B.S.","slug":"a-b-s"}],"_links":{"self":[{"href":"https:\/\/www.autonvaraosahaku.fi\/index.php?rest_route=\/wp\/v2\/product\/90828","targetHints":{"allow":["GET"]}}],"collection":[{"href":"https:\/\/www.autonvaraosahaku.fi\/index.php?rest_route=\/wp\/v2\/product"}],"about":[{"href":"https:\/\/www.autonvaraosahaku.fi\/index.php?rest_route=\/wp\/v2\/types\/product"}],"wp:attachment":[{"href":"https:\/\/www.autonvaraosahaku.fi\/index.php?rest_route=%2Fwp%2Fv2%2Fmedia&parent=90828"}],"wp:term":[{"taxonomy":"pwb-brand","embeddable":true,"href":"https:\/\/www.autonvaraosahaku.fi\/index.php?rest_route=%2Fwp%2Fv2%2Fpwb-brand&post=90828"},{"taxonomy":"product_cat","embeddable":true,"href":"https:\/\/www.autonvaraosahaku.fi\/index.php?rest_route=%2Fwp%2Fv2%2Fproduct_cat&post=90828"},{"taxonomy":"product_tag","embeddable":true,"href":"https:\/\/www.autonvaraosahaku.fi\/index.php?rest_route=%2Fwp%2Fv2%2Fproduct_tag&post=90828"}],"curies":[{"name":"wp","href":"https:\/\/api.w.org\/{rel}","templated":true}]}}