{"id":90835,"date":"2021-02-21T21:26:58","date_gmt":"2021-02-21T21:26:58","guid":{"rendered":"https:\/\/www.autonvaraosahaku.fi\/?product=a-b-s-41854-kytkimen-tyosylinteri"},"modified":"2021-02-21T21:27:02","modified_gmt":"2021-02-21T21:27:02","slug":"a-b-s-41854-kytkimen-tyosylinteri","status":"publish","type":"product","link":"https:\/\/www.autonvaraosahaku.fi\/?product=a-b-s-41854-kytkimen-tyosylinteri","title":{"rendered":"A.B.S. 41854 Kytkimen ty\u00f6sylinteri"},"content":{"rendered":"<p>Asennuspuoli: Edess\u00e4; L\u00e4pimitta 1\/l\u00e4pimitta 2 [mm]: 22,22; Jarruj\u00e4rjestelm\u00e4: FAG; Materiaali: Valurauta; Kierre 1: 1x M12x1.0; Paino [kg]: 0,2; Alustanumeroon: 481863; VOLVO: XC70 CROSS COUNTRY,940 II Kombi 945,940 Kombi 945,240 Kombi P245,740 Kombi 745,960 II Kombi 965,740 744,240 P242, P244,960 II 964,940 944,V90 Kombi,760 704, 764,960 Kombi 965,760 Kombi 704, 765,940 II 944,960 964,S90,780; 1205733, 1273681, 12736815, 12736817, 6843913, 68439132, 8251330, 8601783, 8603307; Ty\u00f6sylinteri, Kytkin<\/p>\n","protected":false},"excerpt":{"rendered":"<p>A.B.S. Kytkimen Ty\u00f6sylinteri 41854 Ty\u00f6sylinteri, Kytkin VOLVO,XC70 CROSS COUNTRY,940 II Kombi 945,940 Kombi 945,240 Kombi P245,740 Kombi 745<\/p>\n","protected":false},"featured_media":0,"template":"","meta":{"site-sidebar-layout":"default","site-content-layout":"default","ast-global-header-display":"","ast-main-header-display":"","ast-hfb-above-header-display":"","ast-hfb-below-header-display":"","ast-hfb-mobile-header-display":"","site-post-title":"","ast-breadcrumbs-content":"","ast-featured-img":"","footer-sml-layout":"","theme-transparent-header-meta":"","adv-header-id-meta":"","stick-header-meta":"","header-above-stick-meta":"","header-main-stick-meta":"","header-below-stick-meta":""},"pwb-brand":[326],"product_cat":[310],"product_tag":[],"class_list":{"0":"post-90835","1":"product","2":"type-product","3":"status-publish","5":"pwb-brand-a-b-s","6":"product_cat-kytkimen-tyosylinteri","7":"desktop-align-left","8":"tablet-align-left","9":"mobile-align-left","11":"first","12":"instock","13":"product-type-external"},"brands":[{"id":326,"name":"A.B.S.","slug":"a-b-s"}],"_links":{"self":[{"href":"https:\/\/www.autonvaraosahaku.fi\/index.php?rest_route=\/wp\/v2\/product\/90835","targetHints":{"allow":["GET"]}}],"collection":[{"href":"https:\/\/www.autonvaraosahaku.fi\/index.php?rest_route=\/wp\/v2\/product"}],"about":[{"href":"https:\/\/www.autonvaraosahaku.fi\/index.php?rest_route=\/wp\/v2\/types\/product"}],"wp:attachment":[{"href":"https:\/\/www.autonvaraosahaku.fi\/index.php?rest_route=%2Fwp%2Fv2%2Fmedia&parent=90835"}],"wp:term":[{"taxonomy":"pwb-brand","embeddable":true,"href":"https:\/\/www.autonvaraosahaku.fi\/index.php?rest_route=%2Fwp%2Fv2%2Fpwb-brand&post=90835"},{"taxonomy":"product_cat","embeddable":true,"href":"https:\/\/www.autonvaraosahaku.fi\/index.php?rest_route=%2Fwp%2Fv2%2Fproduct_cat&post=90835"},{"taxonomy":"product_tag","embeddable":true,"href":"https:\/\/www.autonvaraosahaku.fi\/index.php?rest_route=%2Fwp%2Fv2%2Fproduct_tag&post=90835"}],"curies":[{"name":"wp","href":"https:\/\/api.w.org\/{rel}","templated":true}]}}