{"id":90838,"date":"2021-02-21T21:26:58","date_gmt":"2021-02-21T21:26:58","guid":{"rendered":"https:\/\/www.autonvaraosahaku.fi\/?product=hella-4rv-008-188-521-ohjainlaite-lammitys-tuuletus"},"modified":"2021-02-21T21:27:04","modified_gmt":"2021-02-21T21:27:04","slug":"hella-4rv-008-188-521-ohjainlaite-lammitys-tuuletus","status":"publish","type":"product","link":"https:\/\/www.autonvaraosahaku.fi\/?product=hella-4rv-008-188-521-ohjainlaite-lammitys-tuuletus","title":{"rendered":"HELLA 4RV 008 188-521 Ohjainlaite l\u00e4mmitys tuuletus"},"content":{"rendered":"<p>Liittimi\u00e4: 11; Nimellisj\u00e4nnite (V): 12; OE-numerolle: 4E0 907 282 A; Hehkutulppatyyppi: j\u00e4lkihehkutuksenkest\u00e4v\u00e4; Sylinteriluku: 6; TECDOC-moottorinumero: 25678; VW: TOUAREG 7LA, 7L6, 7L7,PHAETON 3D_,TOUAREG 7P5; AUDI: A4 Avant 8K5, B8,A6 Avant 4F5, C6,A4 Avant 8ED, B7,A4 8K2, B8,Q5 8R,A6 4F2, C6,A5 8T3,A4 Cabriolet 8H7, B6, 8HE, B7,A5 Sportback 8TA,A4 8EC, B7,Q7 4L,A8 4E_,A6 Allroad 4FH, C6,A4 Allroad 8KH, B8,A5 Cabriolet 8F7; PORSCHE: CAYENNE 955,CAYENNE; 4E0907282A, 4E0907282A<\/p>\n","protected":false},"excerpt":{"rendered":"<p>HELLA Ohjainlaite, Hehkutusj\u00e4rjest. 4RV 008 188-521  VW,AUDI,PORSCHE,TOUAREG 7LA, 7L6, 7L7,PHAETON 3D_,TOUAREG 7P5,A4 Avant 8K5, B8,A6 Avant 4F5, C6<\/p>\n","protected":false},"featured_media":0,"template":"","meta":{"site-sidebar-layout":"default","site-content-layout":"default","ast-global-header-display":"","ast-main-header-display":"","ast-hfb-above-header-display":"","ast-hfb-below-header-display":"","ast-hfb-mobile-header-display":"","site-post-title":"","ast-breadcrumbs-content":"","ast-featured-img":"","footer-sml-layout":"","theme-transparent-header-meta":"","adv-header-id-meta":"","stick-header-meta":"","header-above-stick-meta":"","header-main-stick-meta":"","header-below-stick-meta":""},"pwb-brand":[24],"product_cat":[262],"product_tag":[],"class_list":{"0":"post-90838","1":"product","2":"type-product","3":"status-publish","5":"pwb-brand-hella","6":"product_cat-ohjainlaite-lammitys-tuuletus","7":"desktop-align-left","8":"tablet-align-left","9":"mobile-align-left","11":"first","12":"instock","13":"product-type-external"},"brands":[{"id":24,"name":"HELLA","slug":"hella"}],"_links":{"self":[{"href":"https:\/\/www.autonvaraosahaku.fi\/index.php?rest_route=\/wp\/v2\/product\/90838","targetHints":{"allow":["GET"]}}],"collection":[{"href":"https:\/\/www.autonvaraosahaku.fi\/index.php?rest_route=\/wp\/v2\/product"}],"about":[{"href":"https:\/\/www.autonvaraosahaku.fi\/index.php?rest_route=\/wp\/v2\/types\/product"}],"wp:attachment":[{"href":"https:\/\/www.autonvaraosahaku.fi\/index.php?rest_route=%2Fwp%2Fv2%2Fmedia&parent=90838"}],"wp:term":[{"taxonomy":"pwb-brand","embeddable":true,"href":"https:\/\/www.autonvaraosahaku.fi\/index.php?rest_route=%2Fwp%2Fv2%2Fpwb-brand&post=90838"},{"taxonomy":"product_cat","embeddable":true,"href":"https:\/\/www.autonvaraosahaku.fi\/index.php?rest_route=%2Fwp%2Fv2%2Fproduct_cat&post=90838"},{"taxonomy":"product_tag","embeddable":true,"href":"https:\/\/www.autonvaraosahaku.fi\/index.php?rest_route=%2Fwp%2Fv2%2Fproduct_tag&post=90838"}],"curies":[{"name":"wp","href":"https:\/\/api.w.org\/{rel}","templated":true}]}}