{"id":90847,"date":"2021-02-21T21:26:58","date_gmt":"2021-02-21T21:26:58","guid":{"rendered":"https:\/\/www.autonvaraosahaku.fi\/?product=elring-079-820-tiivisteet"},"modified":"2021-02-21T21:27:09","modified_gmt":"2021-02-21T21:27:09","slug":"elring-079-820-tiivisteet","status":"publish","type":"product","link":"https:\/\/www.autonvaraosahaku.fi\/?product=elring-079-820-tiivisteet","title":{"rendered":"ELRING 079.820 Tiivisteet"},"content":{"rendered":"<p>Ulkol\u00e4pimitta [mm]: 32; Sis\u00e4l\u00e4pimitta [mm]: 27; Paksuus [mm]: 2; Materiaali: Alumiini; Muoto: A-muoto; DIN \/ ISO: 7603; MERCEDES-BENZ: S-CLASS W220,S-CLASS W221,SL R230,G-CLASS W463,S-CLASS Coupe C215,S-CLASS Coupe C216,S-CLASS W222, V222, X222,SL R231,S-CLASS Coupe C217,S-CLASS Cabriolet A217; 07119963441, 007603027101, 6119970044, A6119970044<\/p>\n","protected":false},"excerpt":{"rendered":"<p>ELRING Rengastiiviste 079.820  MERCEDES-BENZ,S-CLASS W220,S-CLASS W221,SL R230,G-CLASS W463,S-CLASS Coupe C215,S-CLASS Coupe C216<\/p>\n","protected":false},"featured_media":0,"template":"","meta":{"site-sidebar-layout":"default","site-content-layout":"default","ast-global-header-display":"","ast-main-header-display":"","ast-hfb-above-header-display":"","ast-hfb-below-header-display":"","ast-hfb-mobile-header-display":"","site-post-title":"","ast-breadcrumbs-content":"","ast-featured-img":"","footer-sml-layout":"","theme-transparent-header-meta":"","adv-header-id-meta":"","stick-header-meta":"","header-above-stick-meta":"","header-main-stick-meta":"","header-below-stick-meta":""},"pwb-brand":[26],"product_cat":[27],"product_tag":[],"class_list":{"0":"post-90847","1":"product","2":"type-product","3":"status-publish","5":"pwb-brand-elring","6":"product_cat-tiivisteet","7":"desktop-align-left","8":"tablet-align-left","9":"mobile-align-left","11":"first","12":"instock","13":"product-type-external"},"brands":[{"id":26,"name":"ELRING","slug":"elring"}],"_links":{"self":[{"href":"https:\/\/www.autonvaraosahaku.fi\/index.php?rest_route=\/wp\/v2\/product\/90847","targetHints":{"allow":["GET"]}}],"collection":[{"href":"https:\/\/www.autonvaraosahaku.fi\/index.php?rest_route=\/wp\/v2\/product"}],"about":[{"href":"https:\/\/www.autonvaraosahaku.fi\/index.php?rest_route=\/wp\/v2\/types\/product"}],"wp:attachment":[{"href":"https:\/\/www.autonvaraosahaku.fi\/index.php?rest_route=%2Fwp%2Fv2%2Fmedia&parent=90847"}],"wp:term":[{"taxonomy":"pwb-brand","embeddable":true,"href":"https:\/\/www.autonvaraosahaku.fi\/index.php?rest_route=%2Fwp%2Fv2%2Fpwb-brand&post=90847"},{"taxonomy":"product_cat","embeddable":true,"href":"https:\/\/www.autonvaraosahaku.fi\/index.php?rest_route=%2Fwp%2Fv2%2Fproduct_cat&post=90847"},{"taxonomy":"product_tag","embeddable":true,"href":"https:\/\/www.autonvaraosahaku.fi\/index.php?rest_route=%2Fwp%2Fv2%2Fproduct_tag&post=90847"}],"curies":[{"name":"wp","href":"https:\/\/api.w.org\/{rel}","templated":true}]}}