{"id":90862,"date":"2021-02-21T21:27:11","date_gmt":"2021-02-21T21:27:11","guid":{"rendered":"https:\/\/www.autonvaraosahaku.fi\/?product=topran-207-215-kierretulppa"},"modified":"2021-02-21T21:27:19","modified_gmt":"2021-02-21T21:27:19","slug":"topran-207-215-kierretulppa","status":"publish","type":"product","link":"https:\/\/www.autonvaraosahaku.fi\/?product=topran-207-215-kierretulppa","title":{"rendered":"TOPRAN 207 215 Kierretulppa"},"content":{"rendered":"<p>Materiaali: Alumiini; Ulkol\u00e4pimitta [mm]: 26; Sis\u00e4l\u00e4pimitta [mm]: 18,5; Paksuus [mm]: 1,5; Materiaali huulitiiviste: Kumi; Moottorinumero: 1.6 D Multijet; OPEL: ZAFIRA B A05,ASTRA H Caravan L35,ASTRA H L48,ASTRA J Sports Tourer,INSIGNIA Caravan,VECTRA C Caravan,ASTRA J,ASTRA H GTC L08,SIGNUM,VECTRA C,ZAFIRA TOURER C P12,VECTRA C GTS,ASTRA H TwinTop L67,INSIGNIA,INSIGNIA Stufenheck,ASTRA GTC J,CASCADA W13,COMBO Kasten\/Kombi X12,ASTRA H Kasten L70,COMBO Tour X12,INSIGNIA A Country Tourer G09; FIAT: GRANDE PUNTO 199,PUNTO 188,DUCATO Kasten 250,STILO 192,BRAVO II 198,SEICENTO 187,DUCATO Pritsche\/Fahrgestell 250,FREEMONT JF_,PUNTO EVO 199,DUCATO Bus 250,BARCHETTA 183,DOBLO Cargo 223,STILO Multi Wagon 192,DOBLO 119,CROMA 194,DOBLO Kasten\/Kombi 263,IDEA,STRADA Pick-up 178E,MULTIPLA 186,500L,DOBLO Gro\u00dfraumlimousine 152, 263,PUNTO Van 188AX,BRAVO I 182,BRAVA 182,MAREA Weekend 185,PALIO Weekend 178DX,LINEA 323,DOBLO Pritsche\/Fahrgestell 263,MAREA 185,500X,TIPO Schr\u00e4gheck 356_,TIPO Kombi 356_,TIPO Stufenheck 356_; ALFA ROMEO: 147 937,159 Sportwagon 939,156 Sportwagon 932,GIULIETTA 940,MITO 955,156 932,159 939,166 936,BRERA,SPIDER 939; LANCIA: DELTA III 844,MUSA 350; VAUXHALL: INSIGNIA Mk I A,ZAFIRA Mk II B M75,ASTRA Mk V H CC,VECTRA Mk II C CC,INSIGNIA Mk I A Estate,ASTRA Mk V H Estate,ZAFIRA Mk III P12,VECTRA Mk II C Estate,ASTRA Mk V H Convertible,VECTRA Mk II C,ASTRA Mk VI J CC,ASTRA Mk VI J,INSIGNIA Mk I A Sedan,SIGNUM,ASTRA Mk VI J Estate,ASTRAVAN Mk V H,INSIGNIA Mk I A Country Tourer G09,COMBO Mk III D Kasten\/Kombi; 10261660, 55196309, 60809200, 55196309, 10261660, 55196309, 60809200, 10261660, 55196309, 60809200, 0652259, 0652543, 55196309, 652259, 652543, 55196309, 93183670; Tiiviste, \u00d6ljynlaskutulppa<\/p>\n","protected":false},"excerpt":{"rendered":"<p>TOPRAN \u00d6ljytulpan Tiiviste 207 215 Tiiviste, \u00d6ljynlaskutulppa OPEL,FIAT,ALFA ROMEO,ZAFIRA B A05,ASTRA H Caravan L35,ASTRA H L48,ASTRA J Sports Tourer<\/p>\n","protected":false},"featured_media":0,"template":"","meta":{"site-sidebar-layout":"default","site-content-layout":"default","ast-global-header-display":"","ast-main-header-display":"","ast-hfb-above-header-display":"","ast-hfb-below-header-display":"","ast-hfb-mobile-header-display":"","site-post-title":"","ast-breadcrumbs-content":"","ast-featured-img":"","footer-sml-layout":"","theme-transparent-header-meta":"","adv-header-id-meta":"","stick-header-meta":"","header-above-stick-meta":"","header-main-stick-meta":"","header-below-stick-meta":""},"pwb-brand":[18],"product_cat":[40],"product_tag":[],"class_list":{"0":"post-90862","1":"product","2":"type-product","3":"status-publish","5":"pwb-brand-topran","6":"product_cat-kierretulppa","7":"desktop-align-left","8":"tablet-align-left","9":"mobile-align-left","11":"first","12":"instock","13":"product-type-external"},"brands":[{"id":18,"name":"TOPRAN","slug":"topran"}],"_links":{"self":[{"href":"https:\/\/www.autonvaraosahaku.fi\/index.php?rest_route=\/wp\/v2\/product\/90862","targetHints":{"allow":["GET"]}}],"collection":[{"href":"https:\/\/www.autonvaraosahaku.fi\/index.php?rest_route=\/wp\/v2\/product"}],"about":[{"href":"https:\/\/www.autonvaraosahaku.fi\/index.php?rest_route=\/wp\/v2\/types\/product"}],"wp:attachment":[{"href":"https:\/\/www.autonvaraosahaku.fi\/index.php?rest_route=%2Fwp%2Fv2%2Fmedia&parent=90862"}],"wp:term":[{"taxonomy":"pwb-brand","embeddable":true,"href":"https:\/\/www.autonvaraosahaku.fi\/index.php?rest_route=%2Fwp%2Fv2%2Fpwb-brand&post=90862"},{"taxonomy":"product_cat","embeddable":true,"href":"https:\/\/www.autonvaraosahaku.fi\/index.php?rest_route=%2Fwp%2Fv2%2Fproduct_cat&post=90862"},{"taxonomy":"product_tag","embeddable":true,"href":"https:\/\/www.autonvaraosahaku.fi\/index.php?rest_route=%2Fwp%2Fv2%2Fproduct_tag&post=90862"}],"curies":[{"name":"wp","href":"https:\/\/api.w.org\/{rel}","templated":true}]}}