{"id":90867,"date":"2021-02-21T21:27:11","date_gmt":"2021-02-21T21:27:11","guid":{"rendered":"https:\/\/www.autonvaraosahaku.fi\/?product=topran-115-281-muut-luokat"},"modified":"2021-02-21T21:27:22","modified_gmt":"2021-02-21T21:27:22","slug":"topran-115-281-muut-luokat","status":"publish","type":"product","link":"https:\/\/www.autonvaraosahaku.fi\/?product=topran-115-281-muut-luokat","title":{"rendered":"TOPRAN 115 281 Muut luokat"},"content":{"rendered":"<p>Korvaava tuote\/korvaava tiedote 2: Tarvittaessa lyhenn\u00e4 pyyhkij\u00e4nkumi, f\u00fcr Frontscheibenreinigung; M\u00e4\u00e4r\u00e4yksikk\u00f6: Sarja; M\u00e4\u00e4r\u00e4: 2; Pituus 1 (mm): 700; Pituus 2 (mm): 700; Valmistaja rajaus: BOSCH AERO; BMW: 3 E46,3 Touring E91,3 E90,5 E60,1 E87,5 Touring E61,3 Touring E46,3 Compact E46,3 Coupe E46,1 E81,3 Cabriolet E46,1 Cabriolet E88,1 Coupe E82; RENAULT: CLIO III BR0\/1, CR0\/1,CLIO IV,CLIO Grandtour KR0\/1_,CAPTUR,CLIO Grandtour IV,SANDERO\/STEPWAY II,LOGAN II Kombi,LOGAN II; DACIA: SANDERO II,LODGY,LOGAN MCV II,DOKKER,DOKKER Express,LOGAN II; 1K0998429, 61610KIT001, 288901164RS, 288901217RS, 288905875RS, 288908085RS, 288908484RS, 983501H300S, 983502L000S, 983503S300S, 983511R000, 983601H300S, 983601J200S, 983602L000S, 983613K000, 983501H300S, 983502L000S, 983503S300S, 983511R000, 983601H300S, 983601J200S, 983602L000S, 983613K000, 211820KIT01, A211820KIT01, 1K0998429, 288901164RS, 288901217RS, 288905875RS, 288908085RS, 288908484RS, 1K0998429, 1K0998429, 211820KIT01, A211820KIT01, 1K0998429; Pyyhkij\u00e4nkumi<\/p>\n","protected":false},"excerpt":{"rendered":"<p>TOPRAN Pyyhkij\u00e4n Kumi 115 281 Pyyhkij\u00e4nkumi BMW,RENAULT,DACIA,3 E46,3 Touring E91,3 E90,5 E60,1 E87,5 Touring E61,3 Touring E46,3 Compact E46<\/p>\n","protected":false},"featured_media":0,"template":"","meta":{"site-sidebar-layout":"default","site-content-layout":"default","ast-global-header-display":"","ast-main-header-display":"","ast-hfb-above-header-display":"","ast-hfb-below-header-display":"","ast-hfb-mobile-header-display":"","site-post-title":"","ast-breadcrumbs-content":"","ast-featured-img":"","footer-sml-layout":"","theme-transparent-header-meta":"","adv-header-id-meta":"","stick-header-meta":"","header-above-stick-meta":"","header-main-stick-meta":"","header-below-stick-meta":""},"pwb-brand":[18],"product_cat":[37],"product_tag":[],"class_list":{"0":"post-90867","1":"product","2":"type-product","3":"status-publish","5":"pwb-brand-topran","6":"product_cat-muut-luokat","7":"desktop-align-left","8":"tablet-align-left","9":"mobile-align-left","11":"first","12":"instock","13":"product-type-external"},"brands":[{"id":18,"name":"TOPRAN","slug":"topran"}],"_links":{"self":[{"href":"https:\/\/www.autonvaraosahaku.fi\/index.php?rest_route=\/wp\/v2\/product\/90867","targetHints":{"allow":["GET"]}}],"collection":[{"href":"https:\/\/www.autonvaraosahaku.fi\/index.php?rest_route=\/wp\/v2\/product"}],"about":[{"href":"https:\/\/www.autonvaraosahaku.fi\/index.php?rest_route=\/wp\/v2\/types\/product"}],"wp:attachment":[{"href":"https:\/\/www.autonvaraosahaku.fi\/index.php?rest_route=%2Fwp%2Fv2%2Fmedia&parent=90867"}],"wp:term":[{"taxonomy":"pwb-brand","embeddable":true,"href":"https:\/\/www.autonvaraosahaku.fi\/index.php?rest_route=%2Fwp%2Fv2%2Fpwb-brand&post=90867"},{"taxonomy":"product_cat","embeddable":true,"href":"https:\/\/www.autonvaraosahaku.fi\/index.php?rest_route=%2Fwp%2Fv2%2Fproduct_cat&post=90867"},{"taxonomy":"product_tag","embeddable":true,"href":"https:\/\/www.autonvaraosahaku.fi\/index.php?rest_route=%2Fwp%2Fv2%2Fproduct_tag&post=90867"}],"curies":[{"name":"wp","href":"https:\/\/api.w.org\/{rel}","templated":true}]}}