{"id":90884,"date":"2021-02-21T21:27:25","date_gmt":"2021-02-21T21:27:25","guid":{"rendered":"https:\/\/www.autonvaraosahaku.fi\/?product=ridex-854s0783-iskunvaimennin"},"modified":"2021-02-21T21:27:34","modified_gmt":"2021-02-21T21:27:34","slug":"ridex-854s0783-iskunvaimennin","status":"publish","type":"product","link":"https:\/\/www.autonvaraosahaku.fi\/?product=ridex-854s0783-iskunvaimennin","title":{"rendered":"RIDEX 854S0783 Iskunvaimennin"},"content":{"rendered":"<p>Asennuspuoli: Taka-akseli; Iskunvaimennin tyyppi: \u00d6ljypaine; Iskunvaimennin asennustapa: Silmukka ylh\u00e4\u00e4ll\u00e4, Silmukka alhaalla; Rakennemalli: YY 61R; HYUNDAI: PONY,PONY Wagon; SUZUKI: SAMURAI SJ,SJ 413,SJ 410 Cabrio,SJ 410; TOYOTA: DYNA 150 Pritsche\/Fahrgestell LY_,DYNA 150 Pritsche\/Fahrgestell; 4851087601000, 4851087602000, 4851087603000, 4853087510000, 4853087511000, 4853087512, 4853087512000, 4853087515, 4853087515000, 51610SA3653, 52610SA4004, 4170052010, 4170052040, 4170063010, 4170063011, 4170070A00, 4170080000, 4170080001, 4170080061, 4853087510, 4853087511, 4853125030, 4853125050, 4853125080, 4853129495, 4853129585, 4853129605, 4853180065, 4853180456, 4853180554, 4853180588, MB002704, MT141622, 4170052010, 4170052040, 4170063010, 4170063011, 4170070A00, 4170080000, 4170080001, 4170080061, 4853087510, 4853087511, 4853125030, 4853125050, 4853125080, 4853129495, 4853129585, 4853129605, 4853180065, 4853180456, 4853180554, 4853180588, MB002704, MT002704, MT141622, 4170080060, 417008006000, 4854039256; Iskarit,Iskunvaimennin<\/p>\n","protected":false},"excerpt":{"rendered":"<p>RIDEX Iskunvaimentimet 854S0783 Iskarit,Iskunvaimennin HYUNDAI,SUZUKI,TOYOTA,PONY,PONY Wagon,SAMURAI SJ,SJ 413,SJ 410 Cabrio,SJ 410<\/p>\n","protected":false},"featured_media":0,"template":"","meta":{"site-sidebar-layout":"default","site-content-layout":"default","ast-global-header-display":"","ast-main-header-display":"","ast-hfb-above-header-display":"","ast-hfb-below-header-display":"","ast-hfb-mobile-header-display":"","site-post-title":"","ast-breadcrumbs-content":"","ast-featured-img":"","footer-sml-layout":"","theme-transparent-header-meta":"","adv-header-id-meta":"","stick-header-meta":"","header-above-stick-meta":"","header-main-stick-meta":"","header-below-stick-meta":""},"pwb-brand":[157],"product_cat":[80],"product_tag":[],"class_list":{"0":"post-90884","1":"product","2":"type-product","3":"status-publish","5":"pwb-brand-ridex","6":"product_cat-iskunvaimennin","7":"desktop-align-left","8":"tablet-align-left","9":"mobile-align-left","11":"first","12":"instock","13":"product-type-external"},"brands":[{"id":157,"name":"RIDEX","slug":"ridex"}],"_links":{"self":[{"href":"https:\/\/www.autonvaraosahaku.fi\/index.php?rest_route=\/wp\/v2\/product\/90884","targetHints":{"allow":["GET"]}}],"collection":[{"href":"https:\/\/www.autonvaraosahaku.fi\/index.php?rest_route=\/wp\/v2\/product"}],"about":[{"href":"https:\/\/www.autonvaraosahaku.fi\/index.php?rest_route=\/wp\/v2\/types\/product"}],"wp:attachment":[{"href":"https:\/\/www.autonvaraosahaku.fi\/index.php?rest_route=%2Fwp%2Fv2%2Fmedia&parent=90884"}],"wp:term":[{"taxonomy":"pwb-brand","embeddable":true,"href":"https:\/\/www.autonvaraosahaku.fi\/index.php?rest_route=%2Fwp%2Fv2%2Fpwb-brand&post=90884"},{"taxonomy":"product_cat","embeddable":true,"href":"https:\/\/www.autonvaraosahaku.fi\/index.php?rest_route=%2Fwp%2Fv2%2Fproduct_cat&post=90884"},{"taxonomy":"product_tag","embeddable":true,"href":"https:\/\/www.autonvaraosahaku.fi\/index.php?rest_route=%2Fwp%2Fv2%2Fproduct_tag&post=90884"}],"curies":[{"name":"wp","href":"https:\/\/api.w.org\/{rel}","templated":true}]}}