{"id":90885,"date":"2021-02-21T21:27:25","date_gmt":"2021-02-21T21:27:25","guid":{"rendered":"https:\/\/www.autonvaraosahaku.fi\/?product=ridex-854s0110-iskunvaimennin"},"modified":"2021-02-21T21:27:34","modified_gmt":"2021-02-21T21:27:34","slug":"ridex-854s0110-iskunvaimennin","status":"publish","type":"product","link":"https:\/\/www.autonvaraosahaku.fi\/?product=ridex-854s0110-iskunvaimennin","title":{"rendered":"RIDEX 854S0110 Iskunvaimennin"},"content":{"rendered":"<p>Suurin pituus [mm]: 620; Asennuspuoli: Taka-akseli; Iskunvaimennin tyyppi: Kaasupaine; v\u00e4h. pituus [mm]: 360; Iskunvaimennin asennustapa: Tappi ylh\u00e4\u00e4ll\u00e4, Silmukka alhaalla; Oviluku: 3; TOYOTA: RAV 4 II CLA2_, XA2_, ZCA2_, ACA2_,RAV 4 I SXA1_,RAV 4 \u00a0 SXA1_; 4850028110, 4853142010, 4853142011, 4853142020, 4853142021, 4853142030, 4853142031, 4853142032, 4853142042, 4853142090, 4853142100, 4853142120, 4853149065, 4853149066, 4853149067, 4853149075, 4853149076, 4853149077, 4853149085, 4853149086, 4853149087, 4853149088, 4853149095, 4853149097, 4853149098, 4853149125, 4853149135, 4853149205, 4853149215, 4853149275, 4853149285; Iskarit,Iskunvaimennin<\/p>\n","protected":false},"excerpt":{"rendered":"<p>RIDEX Iskunvaimentimet 854S0110 Iskarit,Iskunvaimennin TOYOTA,RAV 4 II CLA2_, XA2_, ZCA2_, ACA2_,RAV 4 I SXA1_,RAV 4 \u00a0 SXA1_<\/p>\n","protected":false},"featured_media":0,"template":"","meta":{"site-sidebar-layout":"default","site-content-layout":"default","ast-global-header-display":"","ast-main-header-display":"","ast-hfb-above-header-display":"","ast-hfb-below-header-display":"","ast-hfb-mobile-header-display":"","site-post-title":"","ast-breadcrumbs-content":"","ast-featured-img":"","footer-sml-layout":"","theme-transparent-header-meta":"","adv-header-id-meta":"","stick-header-meta":"","header-above-stick-meta":"","header-main-stick-meta":"","header-below-stick-meta":""},"pwb-brand":[157],"product_cat":[80],"product_tag":[],"class_list":{"0":"post-90885","1":"product","2":"type-product","3":"status-publish","5":"pwb-brand-ridex","6":"product_cat-iskunvaimennin","7":"desktop-align-left","8":"tablet-align-left","9":"mobile-align-left","11":"first","12":"instock","13":"product-type-external"},"brands":[{"id":157,"name":"RIDEX","slug":"ridex"}],"_links":{"self":[{"href":"https:\/\/www.autonvaraosahaku.fi\/index.php?rest_route=\/wp\/v2\/product\/90885","targetHints":{"allow":["GET"]}}],"collection":[{"href":"https:\/\/www.autonvaraosahaku.fi\/index.php?rest_route=\/wp\/v2\/product"}],"about":[{"href":"https:\/\/www.autonvaraosahaku.fi\/index.php?rest_route=\/wp\/v2\/types\/product"}],"wp:attachment":[{"href":"https:\/\/www.autonvaraosahaku.fi\/index.php?rest_route=%2Fwp%2Fv2%2Fmedia&parent=90885"}],"wp:term":[{"taxonomy":"pwb-brand","embeddable":true,"href":"https:\/\/www.autonvaraosahaku.fi\/index.php?rest_route=%2Fwp%2Fv2%2Fpwb-brand&post=90885"},{"taxonomy":"product_cat","embeddable":true,"href":"https:\/\/www.autonvaraosahaku.fi\/index.php?rest_route=%2Fwp%2Fv2%2Fproduct_cat&post=90885"},{"taxonomy":"product_tag","embeddable":true,"href":"https:\/\/www.autonvaraosahaku.fi\/index.php?rest_route=%2Fwp%2Fv2%2Fproduct_tag&post=90885"}],"curies":[{"name":"wp","href":"https:\/\/api.w.org\/{rel}","templated":true}]}}