{"id":90889,"date":"2021-02-21T21:27:25","date_gmt":"2021-02-21T21:27:25","guid":{"rendered":"https:\/\/www.autonvaraosahaku.fi\/?product=ridex-3405b0078-jarrulevyt"},"modified":"2021-02-21T21:27:36","modified_gmt":"2021-02-21T21:27:36","slug":"ridex-3405b0078-jarrulevyt","status":"publish","type":"product","link":"https:\/\/www.autonvaraosahaku.fi\/?product=ridex-3405b0078-jarrulevyt","title":{"rendered":"RIDEX 3405B0078 Jarrulevyt"},"content":{"rendered":"<p>Asennuspuoli: Taka-akseli; Jarruj\u00e4rjestelm\u00e4: ATE; Kulumisenilmaisimen liitos: Ilman kulumisenilmaisinta; Ulkol\u00e4pimitta [mm]: 253; Jarrulevyn paksuus (mm): 10; Reikien m\u00e4\u00e4r\u00e4: 4; Jarrulevytyyppi: Vakiomalli; M\u00e4\u00e4r\u00e4yksikk\u00f6: Sarja; moniosainen: moniosainen; Jarrut: f\u00fcr Fahrzeuge mit Scheibenbremse an der Hinterachse; FORD: FIESTA V JH_, JD_,FIESTA VI,FOCUS Kombi DNW,FOCUS DAW, DBW,FIESTA Stufenheck JA8 JR8,FOCUS Stufenheck DFW,FIESTA VI Van,FIESTA VII<\/p>\n","protected":false},"excerpt":{"rendered":"<p>RIDEX Jarrupalasarja Levyjarru 3405B0078  FORD,FIESTA V JH_, JD_,FIESTA VI,FOCUS Kombi DNW,FOCUS DAW, DBW,FIESTA Stufenheck JA8 JR8<\/p>\n","protected":false},"featured_media":0,"template":"","meta":{"site-sidebar-layout":"default","site-content-layout":"default","ast-global-header-display":"","ast-main-header-display":"","ast-hfb-above-header-display":"","ast-hfb-below-header-display":"","ast-hfb-mobile-header-display":"","site-post-title":"","ast-breadcrumbs-content":"","ast-featured-img":"","footer-sml-layout":"","theme-transparent-header-meta":"","adv-header-id-meta":"","stick-header-meta":"","header-above-stick-meta":"","header-main-stick-meta":"","header-below-stick-meta":""},"pwb-brand":[157],"product_cat":[66],"product_tag":[],"class_list":{"0":"post-90889","1":"product","2":"type-product","3":"status-publish","5":"pwb-brand-ridex","6":"product_cat-jarrulevyt","7":"desktop-align-left","8":"tablet-align-left","9":"mobile-align-left","11":"first","12":"instock","13":"product-type-external"},"brands":[{"id":157,"name":"RIDEX","slug":"ridex"}],"_links":{"self":[{"href":"https:\/\/www.autonvaraosahaku.fi\/index.php?rest_route=\/wp\/v2\/product\/90889","targetHints":{"allow":["GET"]}}],"collection":[{"href":"https:\/\/www.autonvaraosahaku.fi\/index.php?rest_route=\/wp\/v2\/product"}],"about":[{"href":"https:\/\/www.autonvaraosahaku.fi\/index.php?rest_route=\/wp\/v2\/types\/product"}],"wp:attachment":[{"href":"https:\/\/www.autonvaraosahaku.fi\/index.php?rest_route=%2Fwp%2Fv2%2Fmedia&parent=90889"}],"wp:term":[{"taxonomy":"pwb-brand","embeddable":true,"href":"https:\/\/www.autonvaraosahaku.fi\/index.php?rest_route=%2Fwp%2Fv2%2Fpwb-brand&post=90889"},{"taxonomy":"product_cat","embeddable":true,"href":"https:\/\/www.autonvaraosahaku.fi\/index.php?rest_route=%2Fwp%2Fv2%2Fproduct_cat&post=90889"},{"taxonomy":"product_tag","embeddable":true,"href":"https:\/\/www.autonvaraosahaku.fi\/index.php?rest_route=%2Fwp%2Fv2%2Fproduct_tag&post=90889"}],"curies":[{"name":"wp","href":"https:\/\/api.w.org\/{rel}","templated":true}]}}