{"id":90914,"date":"2021-02-21T21:27:52","date_gmt":"2021-02-21T21:27:52","guid":{"rendered":"https:\/\/www.autonvaraosahaku.fi\/?product=lpr-1434-jarrupaasylinteri"},"modified":"2021-02-21T21:27:55","modified_gmt":"2021-02-21T21:27:55","slug":"lpr-1434-jarrupaasylinteri","status":"publish","type":"product","link":"https:\/\/www.autonvaraosahaku.fi\/?product=lpr-1434-jarrupaasylinteri","title":{"rendered":"LPR 1434 Jarrup\u00e4\u00e4sylinteri"},"content":{"rendered":"<p>\u00d6ljy: Mineraali\u00f6ljy, Mineraali\u00f6ljy; Jarruj\u00e4rjestelm\u00e4: Bendix; Reik\u00e4-\u00d8 [mm]: 17,46; Kierremitta: 8 x 1,25 (2); Materiaali: Valurauta; Valmistusvuosi alkaen: 07\/1976; CITRO\u00cbN: 2 CV,MEHARI; 75492557, 75529622, 95493192, 95493259, 95588595<\/p>\n","protected":false},"excerpt":{"rendered":"<p>LPR Jarrup\u00e4\u00e4sylinteri 1434  CITRO\u00cbN,2 CV,MEHARI<\/p>\n","protected":false},"featured_media":0,"template":"","meta":{"site-sidebar-layout":"default","site-content-layout":"default","ast-global-header-display":"","ast-main-header-display":"","ast-hfb-above-header-display":"","ast-hfb-below-header-display":"","ast-hfb-mobile-header-display":"","site-post-title":"","ast-breadcrumbs-content":"","ast-featured-img":"","footer-sml-layout":"","theme-transparent-header-meta":"","adv-header-id-meta":"","stick-header-meta":"","header-above-stick-meta":"","header-main-stick-meta":"","header-below-stick-meta":""},"pwb-brand":[238],"product_cat":[276],"product_tag":[],"class_list":{"0":"post-90914","1":"product","2":"type-product","3":"status-publish","5":"pwb-brand-lpr","6":"product_cat-jarrupaasylinteri","7":"desktop-align-left","8":"tablet-align-left","9":"mobile-align-left","11":"first","12":"instock","13":"product-type-external"},"brands":[{"id":238,"name":"LPR","slug":"lpr"}],"_links":{"self":[{"href":"https:\/\/www.autonvaraosahaku.fi\/index.php?rest_route=\/wp\/v2\/product\/90914","targetHints":{"allow":["GET"]}}],"collection":[{"href":"https:\/\/www.autonvaraosahaku.fi\/index.php?rest_route=\/wp\/v2\/product"}],"about":[{"href":"https:\/\/www.autonvaraosahaku.fi\/index.php?rest_route=\/wp\/v2\/types\/product"}],"wp:attachment":[{"href":"https:\/\/www.autonvaraosahaku.fi\/index.php?rest_route=%2Fwp%2Fv2%2Fmedia&parent=90914"}],"wp:term":[{"taxonomy":"pwb-brand","embeddable":true,"href":"https:\/\/www.autonvaraosahaku.fi\/index.php?rest_route=%2Fwp%2Fv2%2Fpwb-brand&post=90914"},{"taxonomy":"product_cat","embeddable":true,"href":"https:\/\/www.autonvaraosahaku.fi\/index.php?rest_route=%2Fwp%2Fv2%2Fproduct_cat&post=90914"},{"taxonomy":"product_tag","embeddable":true,"href":"https:\/\/www.autonvaraosahaku.fi\/index.php?rest_route=%2Fwp%2Fv2%2Fproduct_tag&post=90914"}],"curies":[{"name":"wp","href":"https:\/\/api.w.org\/{rel}","templated":true}]}}