{"id":90926,"date":"2021-02-21T21:27:52","date_gmt":"2021-02-21T21:27:52","guid":{"rendered":"https:\/\/www.autonvaraosahaku.fi\/?product=ridex-854s0379-iskunvaimennin"},"modified":"2021-02-21T21:28:01","modified_gmt":"2021-02-21T21:28:01","slug":"ridex-854s0379-iskunvaimennin","status":"publish","type":"product","link":"https:\/\/www.autonvaraosahaku.fi\/?product=ridex-854s0379-iskunvaimennin","title":{"rendered":"RIDEX 854S0379 Iskunvaimennin"},"content":{"rendered":"<p>Asennuspuoli: Etuakseli, vasen; Iskunvaimennusj\u00e4rjestelm\u00e4: Kaksiputki; Iskunvaimennin tyyppi: Kaasupaine; Iskunvaimennin malli: Joustintuki; suurin pituus [mm]: 574; v\u00e4h. pituus [mm]: 400; Valmistusvuoteen: 10\/2004; FORD: FOCUS Kombi DNW,FOCUS DAW, DBW,FOCUS Stufenheck DFW; 1069138, 1069142, 1069143, 1069147, 1070752, 1070753, 1071065, 1073884, 1073886, 1073889, 1074106, 1074111, 1074112, 1074113, 1074114, 1074115, 1087125, 1087126, 1087127, 1088217, 1088218, 1088220, 1088227, 1088231, 1088234, 1088237, 1088238, 1111003, 1111004, 1111009, 1111010, 1111011, 1111012, 1111013, 1111014, 1112670, 1112672, 1142742, 1142743, 1143218, 1143219, 1143220, 1145246, 1149976, 1149981, 1201920, 1201931, 1201937, 1201964, 1201969, 1201982, 1202012, 1202059, 1202162, 1202220, 1202225, 1202248, 1202260, 1202275, 1202327, 1202334, 1202343, 1202490, 1202521, 1202529, 1202559, 1202637, 1202643, 1202648, 1214022, 1318108, 1318109, 1318110, 1318111, 1318112, 1318113, 1318903, 1318904, 1318905, 1318906, 1325089, 1325090, 1325098, 1325099, 1325100, 1325101, 1325102, 1325103, 1325692, 1325694, 1325695, 1325699, 1325704, 1325705, 1362669, 1362670, 1365714, 1365744, 1365746, 1370273, 1370278, 1370283, 1370284, 1373239, 1440865, 1440885, 1441825, 1441853, 1441876, 1441938, 1441984,&#8230;; Iskarit,Iskunvaimennin<\/p>\n","protected":false},"excerpt":{"rendered":"<p>RIDEX Iskunvaimentimet 854S0379 Iskarit,Iskunvaimennin FORD,FOCUS Kombi DNW,FOCUS DAW, DBW,FOCUS Stufenheck DFW<\/p>\n","protected":false},"featured_media":0,"template":"","meta":{"site-sidebar-layout":"default","site-content-layout":"default","ast-global-header-display":"","ast-main-header-display":"","ast-hfb-above-header-display":"","ast-hfb-below-header-display":"","ast-hfb-mobile-header-display":"","site-post-title":"","ast-breadcrumbs-content":"","ast-featured-img":"","footer-sml-layout":"","theme-transparent-header-meta":"","adv-header-id-meta":"","stick-header-meta":"","header-above-stick-meta":"","header-main-stick-meta":"","header-below-stick-meta":""},"pwb-brand":[157],"product_cat":[80],"product_tag":[],"class_list":{"0":"post-90926","1":"product","2":"type-product","3":"status-publish","5":"pwb-brand-ridex","6":"product_cat-iskunvaimennin","7":"desktop-align-left","8":"tablet-align-left","9":"mobile-align-left","11":"first","12":"instock","13":"product-type-external"},"brands":[{"id":157,"name":"RIDEX","slug":"ridex"}],"_links":{"self":[{"href":"https:\/\/www.autonvaraosahaku.fi\/index.php?rest_route=\/wp\/v2\/product\/90926","targetHints":{"allow":["GET"]}}],"collection":[{"href":"https:\/\/www.autonvaraosahaku.fi\/index.php?rest_route=\/wp\/v2\/product"}],"about":[{"href":"https:\/\/www.autonvaraosahaku.fi\/index.php?rest_route=\/wp\/v2\/types\/product"}],"wp:attachment":[{"href":"https:\/\/www.autonvaraosahaku.fi\/index.php?rest_route=%2Fwp%2Fv2%2Fmedia&parent=90926"}],"wp:term":[{"taxonomy":"pwb-brand","embeddable":true,"href":"https:\/\/www.autonvaraosahaku.fi\/index.php?rest_route=%2Fwp%2Fv2%2Fpwb-brand&post=90926"},{"taxonomy":"product_cat","embeddable":true,"href":"https:\/\/www.autonvaraosahaku.fi\/index.php?rest_route=%2Fwp%2Fv2%2Fproduct_cat&post=90926"},{"taxonomy":"product_tag","embeddable":true,"href":"https:\/\/www.autonvaraosahaku.fi\/index.php?rest_route=%2Fwp%2Fv2%2Fproduct_tag&post=90926"}],"curies":[{"name":"wp","href":"https:\/\/api.w.org\/{rel}","templated":true}]}}