{"id":90927,"date":"2021-02-21T21:27:52","date_gmt":"2021-02-21T21:27:52","guid":{"rendered":"https:\/\/www.autonvaraosahaku.fi\/?product=ridex-316t0062-termostaatti"},"modified":"2021-02-21T21:28:02","modified_gmt":"2021-02-21T21:28:02","slug":"ridex-316t0062-termostaatti","status":"publish","type":"product","link":"https:\/\/www.autonvaraosahaku.fi\/?product=ridex-316t0062-termostaatti","title":{"rendered":"RIDEX 316T0062 Termostaatti"},"content":{"rendered":"<p>Avausl\u00e4mp\u00f6tila [\u00b0C]: 87; Lis\u00e4tarvike\/lis\u00e4tieto: L\u00e4mp\u00f6anturilla, Tiivisteill\u00e4; Kotelomalli: \u0441 \u043a\u043e\u0440\u043f\u0443\u0441\u043e\u043c; Materiaali: Alumiini; Moottorinumero: OM 646.986; JEEP: GRAND CHEROKEE II WJ, WG; MERCEDES-BENZ: C-CLASS W203,E-CLASS W211,C-CLASS W204,C-CLASS T-Model S204,C-CLASS T-Model S203,E-CLASS T-Model S211,VIANO W639,C-CLASS Coupe CL203,VITO Bus W639,S-CLASS W220,VITO \/ MIXTO Kasten W639,SPRINTER 3,5-t Kasten 906,VITO Bus 638,SPRINTER 3-t Kasten 903,SPRINTER 3,5-t Bus 906,SPRINTER 2-t Bus 901, 902,SPRINTER 3-t Kasten 906,V-CLASS 638\/2,SPRINTER 2-t Kasten 901, 902,SPRINTER 3-t Bus 903,SPRINTER 3,5-t Pritsche\/Fahrgestell 906,SPRINTER 3-t Pritsche\/Fahrgestell 903,VITO Kasten 638,SPRINTER 3-t Bus 906,SPRINTER 4-t Pritsche\/Fahrgestell 904,SPRINTER 2-t Pritsche\/Fahrgestell 901, 902,SPRINTER CLASSIC 3,5-t Kasten 909,SPRINTER 5-t Kasten 906,SPRINTER 5-t Pritsche\/Fahrgestell 906,SPRINTER 4-t Kasten 904,SPRINTER 3-t Pritsche\/Fahrgestell 906,SPRINTER 4-t Bus 904,SPRINTER 5-t Pritsche\/Fahrgestell 905,SPRINTER 4,6-t Pritsche\/Fahrgestell 906,SPRINTER CLASSIC 4,6-t Bus 909,SPRINTER 4,6-t Kasten 906,SPRINTER Kipper 905; 04792237AB, 4792237AB, 68237102AA, 05080146AA, 05080146AB, 5080146AA, 5080146AB, 6112000215, 6112000715, 6112030475, 6112030575, 6112031575, 6112031975, 6462001215, A6112000215, A6112000715, A6112030475, A6112030575, A6112031575, A6112031975, A6462001215; Termostaatti, J\u00e4\u00e4hdytysneste<\/p>\n","protected":false},"excerpt":{"rendered":"<p>RIDEX Termostaatti 316T0062 Termostaatti, J\u00e4\u00e4hdytysneste JEEP,MERCEDES-BENZ,GRAND CHEROKEE II WJ, WG,C-CLASS W203,E-CLASS W211,C-CLASS W204<\/p>\n","protected":false},"featured_media":0,"template":"","meta":{"site-sidebar-layout":"default","site-content-layout":"default","ast-global-header-display":"","ast-main-header-display":"","ast-hfb-above-header-display":"","ast-hfb-below-header-display":"","ast-hfb-mobile-header-display":"","site-post-title":"","ast-breadcrumbs-content":"","ast-featured-img":"","footer-sml-layout":"","theme-transparent-header-meta":"","adv-header-id-meta":"","stick-header-meta":"","header-above-stick-meta":"","header-main-stick-meta":"","header-below-stick-meta":""},"pwb-brand":[157],"product_cat":[174],"product_tag":[],"class_list":{"0":"post-90927","1":"product","2":"type-product","3":"status-publish","5":"pwb-brand-ridex","6":"product_cat-termostaatti","7":"desktop-align-left","8":"tablet-align-left","9":"mobile-align-left","11":"first","12":"instock","13":"product-type-external"},"brands":[{"id":157,"name":"RIDEX","slug":"ridex"}],"_links":{"self":[{"href":"https:\/\/www.autonvaraosahaku.fi\/index.php?rest_route=\/wp\/v2\/product\/90927","targetHints":{"allow":["GET"]}}],"collection":[{"href":"https:\/\/www.autonvaraosahaku.fi\/index.php?rest_route=\/wp\/v2\/product"}],"about":[{"href":"https:\/\/www.autonvaraosahaku.fi\/index.php?rest_route=\/wp\/v2\/types\/product"}],"wp:attachment":[{"href":"https:\/\/www.autonvaraosahaku.fi\/index.php?rest_route=%2Fwp%2Fv2%2Fmedia&parent=90927"}],"wp:term":[{"taxonomy":"pwb-brand","embeddable":true,"href":"https:\/\/www.autonvaraosahaku.fi\/index.php?rest_route=%2Fwp%2Fv2%2Fpwb-brand&post=90927"},{"taxonomy":"product_cat","embeddable":true,"href":"https:\/\/www.autonvaraosahaku.fi\/index.php?rest_route=%2Fwp%2Fv2%2Fproduct_cat&post=90927"},{"taxonomy":"product_tag","embeddable":true,"href":"https:\/\/www.autonvaraosahaku.fi\/index.php?rest_route=%2Fwp%2Fv2%2Fproduct_tag&post=90927"}],"curies":[{"name":"wp","href":"https:\/\/api.w.org\/{rel}","templated":true}]}}